{"id":820959,"date":"2025-06-12T16:11:40","date_gmt":"2025-06-12T13:11:40","guid":{"rendered":"https:\/\/nextsnkr.com\/product\/yeezy-boost-350-v2-carbone-beluga-reflective\/"},"modified":"2026-01-30T21:37:37","modified_gmt":"2026-01-30T18:37:37","slug":"yeezy-boost-350-v2-carbone-beluga-reflective","status":"publish","type":"product","link":"https:\/\/nextsnkr.com\/fi\/tuote\/yeezy-boost-350-v2-carbone-beluga-reflective\/","title":{"rendered":"Yeezy Boost 350 V2 Carbon Beluga heijastavat Tekstiililenkkarit"},"content":{"rendered":"<h2>Yeezy Boost 350 V2 Carbon Beluga heijastavat Tekstiililenkkarit<\/h2>\n<p>Yeezy Boost 350 V2 Carbon Beluga heijastavat lenkkarit on valmistettu korkealaatuisista tekstiileist\u00e4, jotka tarjoavat mukavuutta ja hengitt\u00e4vyytt\u00e4 k\u00e4yt\u00f6n aikana. YEEZY-br\u00e4ndin tyylik\u00e4s muotoilu yhdist\u00e4\u00e4 modernin estetiikan ja k\u00e4yt\u00e4nn\u00f6llisyyden aktiiviseen el\u00e4m\u00e4ntapaan. Tumma s\u00e4vy heijastavilla elementeill\u00e4 lis\u00e4\u00e4 ainutlaatuisuutta ja n\u00e4kyvyytt\u00e4. Kevyt rakenne ja mukava ulkopohja takaavat mukavuuden jokaisessa vaiheessa. Valitse Yeezy Boost 350 V2 muodikkaisiin ja laadukkaisiin kenkiin.<\/p>\n","protected":false},"excerpt":{"rendered":"<p>Yeezy Boost 350 V2 Carbon Beluga heijastavat lenkkarit on valmistettu korkealaatuisista tekstiileist\u00e4, jotka tarjoavat mukavuutta ja hengitt\u00e4vyytt\u00e4 k\u00e4yt\u00f6n aikana. YEEZY-br\u00e4ndin tyylik\u00e4s muotoilu yhdist\u00e4\u00e4 modernin estetiikan ja k\u00e4yt\u00e4nn\u00f6llisyyden aktiiviseen el\u00e4m\u00e4ntapaan. Tumma s\u00e4vy heijastavilla elementeill\u00e4 lis\u00e4\u00e4 ainutlaatuisuutta ja n\u00e4kyvyytt\u00e4. Kevyt rakenne ja mukava ulkopohja takaavat mukavuuden jokaisessa vaiheessa. Valitse Yeezy Boost 350 V2 muodikkaisiin ja laadukkaisiin kenkiin.<\/p>\n","protected":false},"featured_media":820960,"comment_status":"open","ping_status":"open","template":"","meta":[],"product_brand":[],"product_cat":[3396,3199,3200],"product_tag":[],"class_list":{"0":"post-820959","1":"product","2":"type-product","3":"status-publish","4":"has-post-thumbnail","6":"product_cat-adidas-yeezy","7":"product_cat-all-product","8":"product_cat-krosivky","9":"pa_rozmir-910","10":"pa_rozmir-912","11":"pa_rozmir-914","12":"pa_rozmir-915","13":"pa_rozmir-916","14":"pa_rozmir-917","15":"pa_rozmir-918","16":"pa_rozmir-919","17":"pa_rozmir-920","18":"pa_rozmir-921","19":"pa_rozmir-922","21":"first","22":"onbackorder","23":"purchasable","24":"product-type-variable"},"_links":{"self":[{"href":"https:\/\/nextsnkr.com\/fi\/wp-json\/wp\/v2\/product\/820959","targetHints":{"allow":["GET"]}}],"collection":[{"href":"https:\/\/nextsnkr.com\/fi\/wp-json\/wp\/v2\/product"}],"about":[{"href":"https:\/\/nextsnkr.com\/fi\/wp-json\/wp\/v2\/types\/product"}],"replies":[{"embeddable":true,"href":"https:\/\/nextsnkr.com\/fi\/wp-json\/wp\/v2\/comments?post=820959"}],"version-history":[{"count":0,"href":"https:\/\/nextsnkr.com\/fi\/wp-json\/wp\/v2\/product\/820959\/revisions"}],"wp:featuredmedia":[{"embeddable":true,"href":"https:\/\/nextsnkr.com\/fi\/wp-json\/wp\/v2\/media\/820960"}],"wp:attachment":[{"href":"https:\/\/nextsnkr.com\/fi\/wp-json\/wp\/v2\/media?parent=820959"}],"wp:term":[{"taxonomy":"product_brand","embeddable":true,"href":"https:\/\/nextsnkr.com\/fi\/wp-json\/wp\/v2\/product_brand?post=820959"},{"taxonomy":"product_cat","embeddable":true,"href":"https:\/\/nextsnkr.com\/fi\/wp-json\/wp\/v2\/product_cat?post=820959"},{"taxonomy":"product_tag","embeddable":true,"href":"https:\/\/nextsnkr.com\/fi\/wp-json\/wp\/v2\/product_tag?post=820959"}],"curies":[{"name":"wp","href":"https:\/\/api.w.org\/{rel}","templated":true}]}}