{"id":815782,"date":"2025-06-13T09:40:26","date_gmt":"2025-06-13T06:40:26","guid":{"rendered":"https:\/\/nextsnkr.com\/product\/new-balance-550-white-orange\/"},"modified":"2026-01-30T21:34:47","modified_gmt":"2026-01-30T18:34:47","slug":"new-balance-550-white-orange","status":"publish","type":"product","link":"https:\/\/nextsnkr.com\/fi\/tuote\/new-balance-550-white-orange\/","title":{"rendered":"New Balance 550 Valkoinen \/ oranssi suede \/ nahka lenkkarit-tyyli ja mukavuus"},"content":{"rendered":"<h2>New Balance 550 Valkoinen \/ oranssi suede \/ nahka lenkkarit-tyyli ja mukavuus<\/h2>\n<p>Tyylik\u00e4s New Balance 550 Valkoinen \/ oranssi lenkkarit on valmistettu mokkanahan ja nahan yhdistelm\u00e4st\u00e4, joka tarjoaa mukavuutta, kest\u00e4vyytt\u00e4 ja tyylikk\u00e4\u00e4n ulkon\u00e4\u00f6n. Valkoinen-oranssi v\u00e4riyhdistelm\u00e4 lis\u00e4\u00e4 kirkkautta ja monipuolisuutta, mik\u00e4 tekee mallista ihanteellisen jokap\u00e4iv\u00e4iseen k\u00e4ytt\u00f6\u00f6n. Vietnamissa valmistetut lenkkarit takaavat luotettavan laadun, mukavan istuvuuden ja modernin muotoilun korostaen tyyli\u00e4 ja persoonallisuutta. Koodi: NB036-314789.<\/p>\n","protected":false},"excerpt":{"rendered":"<p>Tyylik\u00e4s New Balance 550 Valkoinen \/ oranssi lenkkarit on valmistettu mokkanahan ja nahan yhdistelm\u00e4st\u00e4, joka tarjoaa mukavuutta, kest\u00e4vyytt\u00e4 ja tyylikk\u00e4\u00e4n ulkon\u00e4\u00f6n. Valkoinen-oranssi v\u00e4riyhdistelm\u00e4 lis\u00e4\u00e4 kirkkautta ja monipuolisuutta, mik\u00e4 tekee mallista ihanteellisen jokap\u00e4iv\u00e4iseen k\u00e4ytt\u00f6\u00f6n. Vietnamissa valmistetut lenkkarit takaavat luotettavan laadun, mukavan istuvuuden ja modernin muotoilun korostaen tyyli\u00e4 ja persoonallisuutta. Koodi: NB036-314789.<\/p>\n","protected":false},"featured_media":815784,"comment_status":"open","ping_status":"open","template":"","meta":[],"product_brand":[],"product_cat":[3199,3318],"product_tag":[],"class_list":{"0":"post-815782","1":"product","2":"type-product","3":"status-publish","4":"has-post-thumbnail","6":"product_cat-all-product","7":"product_cat-kedy","8":"pa_rozmir-910","9":"pa_rozmir-912","10":"pa_rozmir-914","11":"pa_rozmir-915","12":"pa_rozmir-916","13":"pa_rozmir-917","14":"pa_rozmir-918","15":"pa_rozmir-919","16":"pa_rozmir-920","17":"pa_rozmir-921","18":"pa_rozmir-922","20":"first","21":"instock","22":"purchasable","23":"product-type-variable"},"_links":{"self":[{"href":"https:\/\/nextsnkr.com\/fi\/wp-json\/wp\/v2\/product\/815782","targetHints":{"allow":["GET"]}}],"collection":[{"href":"https:\/\/nextsnkr.com\/fi\/wp-json\/wp\/v2\/product"}],"about":[{"href":"https:\/\/nextsnkr.com\/fi\/wp-json\/wp\/v2\/types\/product"}],"replies":[{"embeddable":true,"href":"https:\/\/nextsnkr.com\/fi\/wp-json\/wp\/v2\/comments?post=815782"}],"version-history":[{"count":0,"href":"https:\/\/nextsnkr.com\/fi\/wp-json\/wp\/v2\/product\/815782\/revisions"}],"wp:featuredmedia":[{"embeddable":true,"href":"https:\/\/nextsnkr.com\/fi\/wp-json\/wp\/v2\/media\/815784"}],"wp:attachment":[{"href":"https:\/\/nextsnkr.com\/fi\/wp-json\/wp\/v2\/media?parent=815782"}],"wp:term":[{"taxonomy":"product_brand","embeddable":true,"href":"https:\/\/nextsnkr.com\/fi\/wp-json\/wp\/v2\/product_brand?post=815782"},{"taxonomy":"product_cat","embeddable":true,"href":"https:\/\/nextsnkr.com\/fi\/wp-json\/wp\/v2\/product_cat?post=815782"},{"taxonomy":"product_tag","embeddable":true,"href":"https:\/\/nextsnkr.com\/fi\/wp-json\/wp\/v2\/product_tag?post=815782"}],"curies":[{"name":"wp","href":"https:\/\/api.w.org\/{rel}","templated":true}]}}