{"id":815691,"date":"2025-06-12T16:17:33","date_gmt":"2025-06-12T13:17:33","guid":{"rendered":"https:\/\/nextsnkr.com\/product\/black-ultra-mini\/"},"modified":"2026-01-30T21:34:43","modified_gmt":"2026-01-30T18:34:43","slug":"black-ultra-mini","status":"publish","type":"product","link":"https:\/\/nextsnkr.com\/fi\/tuote\/black-ultra-mini\/","title":{"rendered":"Ugg Mustat Ultra Mini-saappaat, jotka on valmistettu ymp\u00e4rist\u00f6yst\u00e4v\u00e4llisest\u00e4 materiaalista p\u00e4ivitt\u00e4iseen mukavuuteen"},"content":{"rendered":"<h2>Ugg Mustat Ultra Mini-saappaat, jotka on valmistettu ymp\u00e4rist\u00f6yst\u00e4v\u00e4llisest\u00e4 materiaalista p\u00e4ivitt\u00e4iseen mukavuuteen<\/h2>\n<p>Ugg Black Ultra Mini mustat saappaat on valmistettu korkealaatuisesta ymp\u00e4rist\u00f6yst\u00e4v\u00e4llisest\u00e4 materiaalista, joka tarjoaa l\u00e4mp\u00f6\u00e4, mukavuutta ja helppok\u00e4ytt\u00f6isyytt\u00e4. Mini-muotoilu tekee niist\u00e4 k\u00e4tevi\u00e4 jokap\u00e4iv\u00e4iseen k\u00e4ytt\u00f6\u00f6n ja aktiiviseen el\u00e4m\u00e4ntapaan. Tuotanto Turkissa takaa luotettavan laadunugg tuotemerkin. Valitse Ugg Black Ultra Mini vaatekaappiisi ja tunne tyylin, k\u00e4yt\u00e4nn\u00f6llisyyden ja mukavuuden yhdistelm\u00e4 jokaisessa vaiheessa!<\/p>\n","protected":false},"excerpt":{"rendered":"<p>Ugg Black Ultra Mini mustat saappaat on valmistettu korkealaatuisesta ymp\u00e4rist\u00f6yst\u00e4v\u00e4llisest\u00e4 materiaalista, joka tarjoaa l\u00e4mp\u00f6\u00e4, mukavuutta ja helppok\u00e4ytt\u00f6isyytt\u00e4. Mini-muotoilu tekee niist\u00e4 k\u00e4tevi\u00e4 jokap\u00e4iv\u00e4iseen k\u00e4ytt\u00f6\u00f6n ja aktiiviseen el\u00e4m\u00e4ntapaan. Tuotanto Turkissa takaa luotettavan laadunugg tuotemerkin. Valitse Ugg Black Ultra Mini vaatekaappiisi ja tunne tyylin, k\u00e4yt\u00e4nn\u00f6llisyyden ja mukavuuden yhdistelm\u00e4 jokaisessa vaiheessa!<\/p>\n","protected":false},"featured_media":815692,"comment_status":"open","ping_status":"open","template":"","meta":[],"product_brand":[],"product_cat":[3407,3199],"product_tag":[],"class_list":{"0":"post-815691","1":"product","2":"type-product","3":"status-publish","4":"has-post-thumbnail","6":"product_cat-ugg","7":"product_cat-all-product","8":"pa_rozmir-910","9":"pa_rozmir-912","10":"pa_rozmir-914","11":"pa_rozmir-915","12":"pa_rozmir-916","13":"pa_rozmir-917","14":"pa_rozmir-918","15":"pa_rozmir-919","16":"pa_rozmir-920","17":"pa_rozmir-921","18":"pa_rozmir-922","20":"first","21":"instock","22":"purchasable","23":"product-type-variable"},"_links":{"self":[{"href":"https:\/\/nextsnkr.com\/fi\/wp-json\/wp\/v2\/product\/815691","targetHints":{"allow":["GET"]}}],"collection":[{"href":"https:\/\/nextsnkr.com\/fi\/wp-json\/wp\/v2\/product"}],"about":[{"href":"https:\/\/nextsnkr.com\/fi\/wp-json\/wp\/v2\/types\/product"}],"replies":[{"embeddable":true,"href":"https:\/\/nextsnkr.com\/fi\/wp-json\/wp\/v2\/comments?post=815691"}],"version-history":[{"count":0,"href":"https:\/\/nextsnkr.com\/fi\/wp-json\/wp\/v2\/product\/815691\/revisions"}],"wp:featuredmedia":[{"embeddable":true,"href":"https:\/\/nextsnkr.com\/fi\/wp-json\/wp\/v2\/media\/815692"}],"wp:attachment":[{"href":"https:\/\/nextsnkr.com\/fi\/wp-json\/wp\/v2\/media?parent=815691"}],"wp:term":[{"taxonomy":"product_brand","embeddable":true,"href":"https:\/\/nextsnkr.com\/fi\/wp-json\/wp\/v2\/product_brand?post=815691"},{"taxonomy":"product_cat","embeddable":true,"href":"https:\/\/nextsnkr.com\/fi\/wp-json\/wp\/v2\/product_cat?post=815691"},{"taxonomy":"product_tag","embeddable":true,"href":"https:\/\/nextsnkr.com\/fi\/wp-json\/wp\/v2\/product_tag?post=815691"}],"curies":[{"name":"wp","href":"https:\/\/api.w.org\/{rel}","templated":true}]}}