{"id":814407,"date":"2025-06-13T09:41:50","date_gmt":"2025-06-13T06:41:50","guid":{"rendered":"https:\/\/nextsnkr.com\/product\/adidas-yeezy-500-enflame\/"},"modified":"2026-01-30T21:34:13","modified_gmt":"2026-01-30T18:34:13","slug":"adidas-yeezy-500-enflame","status":"publish","type":"product","link":"https:\/\/nextsnkr.com\/fi\/tuote\/adidas-yeezy-500-enflame\/","title":{"rendered":"Adidas Yeezy 500 Enflame mokkanahka \/ Mesh-lenkkarit-tyyli\u00e4 ja mukavuutta"},"content":{"rendered":"<h2>Adidas Yeezy 500 Enflame mokkanahka \/ Mesh-lenkkarit-tyyli\u00e4 ja mukavuutta<\/h2>\n<p>Tyylikk\u00e4\u00e4t Adidas Yeezy 500 Enflame-lenkkarit on valmistettu mokkanahan ja verkon yhdistelm\u00e4st\u00e4, mik\u00e4 tarjoaa mukavuutta, kest\u00e4vyytt\u00e4 ja hengitt\u00e4vi\u00e4 ominaisuuksia. Mallin kirkas muotoilu lis\u00e4\u00e4 nykyaikaisuutta ja korostaa yksil\u00f6llist\u00e4 tyyli\u00e4, mik\u00e4 tekee siit\u00e4 yleismaailmallisen valinnan jokap\u00e4iv\u00e4iseen k\u00e4ytt\u00f6\u00f6n. Kiinassa valmistetut lenkkarit takaavat laadun, mukavan istuvuuden ja luotettavuuden. Ihanteellinen aktiiviseen el\u00e4m\u00e4ntapaan ja tyylikk\u00e4\u00e4seen ulkon\u00e4k\u00f6\u00f6n. Koodi: YE075-409505.<\/p>\n","protected":false},"excerpt":{"rendered":"<p>Tyylikk\u00e4\u00e4t Adidas Yeezy 500 Enflame-lenkkarit on valmistettu mokkanahan ja verkon yhdistelm\u00e4st\u00e4, mik\u00e4 tarjoaa mukavuutta, kest\u00e4vyytt\u00e4 ja hengitt\u00e4vi\u00e4 ominaisuuksia. Mallin kirkas muotoilu lis\u00e4\u00e4 nykyaikaisuutta ja korostaa yksil\u00f6llist\u00e4 tyyli\u00e4, mik\u00e4 tekee siit\u00e4 yleismaailmallisen valinnan jokap\u00e4iv\u00e4iseen k\u00e4ytt\u00f6\u00f6n. Kiinassa valmistetut lenkkarit takaavat laadun, mukavan istuvuuden ja luotettavuuden. Ihanteellinen aktiiviseen el\u00e4m\u00e4ntapaan ja tyylikk\u00e4\u00e4seen ulkon\u00e4k\u00f6\u00f6n. Koodi: YE075-409505.<\/p>\n","protected":false},"featured_media":814411,"comment_status":"open","ping_status":"open","template":"","meta":[],"product_brand":[],"product_cat":[3396,3199,3200],"product_tag":[],"class_list":{"0":"post-814407","1":"product","2":"type-product","3":"status-publish","4":"has-post-thumbnail","6":"product_cat-adidas-yeezy","7":"product_cat-all-product","8":"product_cat-krosivky","9":"pa_rozmir-910","10":"pa_rozmir-912","11":"pa_rozmir-914","12":"pa_rozmir-915","13":"pa_rozmir-916","14":"pa_rozmir-917","15":"pa_rozmir-918","16":"pa_rozmir-919","17":"pa_rozmir-920","18":"pa_rozmir-921","19":"pa_rozmir-922","21":"first","22":"onbackorder","23":"purchasable","24":"product-type-variable"},"_links":{"self":[{"href":"https:\/\/nextsnkr.com\/fi\/wp-json\/wp\/v2\/product\/814407","targetHints":{"allow":["GET"]}}],"collection":[{"href":"https:\/\/nextsnkr.com\/fi\/wp-json\/wp\/v2\/product"}],"about":[{"href":"https:\/\/nextsnkr.com\/fi\/wp-json\/wp\/v2\/types\/product"}],"replies":[{"embeddable":true,"href":"https:\/\/nextsnkr.com\/fi\/wp-json\/wp\/v2\/comments?post=814407"}],"version-history":[{"count":0,"href":"https:\/\/nextsnkr.com\/fi\/wp-json\/wp\/v2\/product\/814407\/revisions"}],"wp:featuredmedia":[{"embeddable":true,"href":"https:\/\/nextsnkr.com\/fi\/wp-json\/wp\/v2\/media\/814411"}],"wp:attachment":[{"href":"https:\/\/nextsnkr.com\/fi\/wp-json\/wp\/v2\/media?parent=814407"}],"wp:term":[{"taxonomy":"product_brand","embeddable":true,"href":"https:\/\/nextsnkr.com\/fi\/wp-json\/wp\/v2\/product_brand?post=814407"},{"taxonomy":"product_cat","embeddable":true,"href":"https:\/\/nextsnkr.com\/fi\/wp-json\/wp\/v2\/product_cat?post=814407"},{"taxonomy":"product_tag","embeddable":true,"href":"https:\/\/nextsnkr.com\/fi\/wp-json\/wp\/v2\/product_tag?post=814407"}],"curies":[{"name":"wp","href":"https:\/\/api.w.org\/{rel}","templated":true}]}}