{"id":813739,"date":"2025-06-13T09:42:53","date_gmt":"2025-06-13T06:42:53","guid":{"rendered":"https:\/\/nextsnkr.com\/product\/500-blush-uteplennye\/"},"modified":"2026-01-30T21:33:43","modified_gmt":"2026-01-30T18:33:43","slug":"500-blush-uteplennye","status":"publish","type":"product","link":"https:\/\/nextsnkr.com\/fi\/tuote\/500-blush-uteplennye\/","title":{"rendered":"500 Blush eristetty mokka \/ turkis lenkkarit-mukavuutta ja l\u00e4mp\u00f6\u00e4"},"content":{"rendered":"<h2>500 Blush eristetty mokka \/ turkis lenkkarit-mukavuutta ja l\u00e4mp\u00f6\u00e4<\/h2>\n<p>500 Blush-eristetyt tennarit on valmistettu korkealaatuisesta mokkanahasta ja pehme\u00e4st\u00e4 turkista, mik\u00e4 tarjoaa luotettavan suojan kylm\u00e4lt\u00e4 ja mukavuuden p\u00e4ivitt\u00e4isess\u00e4 k\u00e4yt\u00f6ss\u00e4. Mallissa yhdistyv\u00e4t tyylik\u00e4s muotoilu ja k\u00e4yt\u00e4nn\u00f6llisyys, ihanteellinen k\u00e4velyyn ja ulkoiluun kylm\u00e4n\u00e4 vuodenaikana. Tuotanto Vietnamissa takaa materiaalien kest\u00e4vyyden ja laadun. Koodi: YE018-168739.<\/p>\n","protected":false},"excerpt":{"rendered":"<p>500 Blush-eristetyt tennarit on valmistettu korkealaatuisesta mokkanahasta ja pehme\u00e4st\u00e4 turkista, mik\u00e4 tarjoaa luotettavan suojan kylm\u00e4lt\u00e4 ja mukavuuden p\u00e4ivitt\u00e4isess\u00e4 k\u00e4yt\u00f6ss\u00e4. Mallissa yhdistyv\u00e4t tyylik\u00e4s muotoilu ja k\u00e4yt\u00e4nn\u00f6llisyys, ihanteellinen k\u00e4velyyn ja ulkoiluun kylm\u00e4n\u00e4 vuodenaikana. Tuotanto Vietnamissa takaa materiaalien kest\u00e4vyyden ja laadun. Koodi: YE018-168739.<\/p>\n","protected":false},"featured_media":813741,"comment_status":"open","ping_status":"open","template":"","meta":[],"product_brand":[],"product_cat":[3199,3200],"product_tag":[],"class_list":{"0":"post-813739","1":"product","2":"type-product","3":"status-publish","4":"has-post-thumbnail","6":"product_cat-all-product","7":"product_cat-krosivky","8":"pa_rozmir-910","9":"pa_rozmir-912","10":"pa_rozmir-914","11":"pa_rozmir-915","12":"pa_rozmir-916","13":"pa_rozmir-917","14":"pa_rozmir-918","15":"pa_rozmir-919","16":"pa_rozmir-920","17":"pa_rozmir-921","18":"pa_rozmir-922","20":"first","21":"instock","22":"purchasable","23":"product-type-variable"},"_links":{"self":[{"href":"https:\/\/nextsnkr.com\/fi\/wp-json\/wp\/v2\/product\/813739","targetHints":{"allow":["GET"]}}],"collection":[{"href":"https:\/\/nextsnkr.com\/fi\/wp-json\/wp\/v2\/product"}],"about":[{"href":"https:\/\/nextsnkr.com\/fi\/wp-json\/wp\/v2\/types\/product"}],"replies":[{"embeddable":true,"href":"https:\/\/nextsnkr.com\/fi\/wp-json\/wp\/v2\/comments?post=813739"}],"version-history":[{"count":0,"href":"https:\/\/nextsnkr.com\/fi\/wp-json\/wp\/v2\/product\/813739\/revisions"}],"wp:featuredmedia":[{"embeddable":true,"href":"https:\/\/nextsnkr.com\/fi\/wp-json\/wp\/v2\/media\/813741"}],"wp:attachment":[{"href":"https:\/\/nextsnkr.com\/fi\/wp-json\/wp\/v2\/media?parent=813739"}],"wp:term":[{"taxonomy":"product_brand","embeddable":true,"href":"https:\/\/nextsnkr.com\/fi\/wp-json\/wp\/v2\/product_brand?post=813739"},{"taxonomy":"product_cat","embeddable":true,"href":"https:\/\/nextsnkr.com\/fi\/wp-json\/wp\/v2\/product_cat?post=813739"},{"taxonomy":"product_tag","embeddable":true,"href":"https:\/\/nextsnkr.com\/fi\/wp-json\/wp\/v2\/product_tag?post=813739"}],"curies":[{"name":"wp","href":"https:\/\/api.w.org\/{rel}","templated":true}]}}