{"id":811381,"date":"2025-06-13T09:45:21","date_gmt":"2025-06-13T06:45:21","guid":{"rendered":"https:\/\/nextsnkr.com\/product\/jadon-white-mekh-rozprodazh\/"},"modified":"2026-01-30T21:32:29","modified_gmt":"2026-01-30T18:32:29","slug":"jadon-white-mekh-rozprodazh","status":"publish","type":"product","link":"https:\/\/nextsnkr.com\/fi\/tuote\/jadon-white-mekh-rozprodazh\/","title":{"rendered":"1460 musta kiilt\u00e4v\u00e4 kiiltonahka ja turkissaappaat \ufe0f \ufe0f &#8211; ale"},"content":{"rendered":"<h2>1460 musta kiilt\u00e4v\u00e4 kiiltonahka ja turkissaappaat \ufe0f \ufe0f &#8211; ale<\/h2>\n<p>1460 musta kiilt\u00e4v\u00e4 kiiltonahka ja tekoturkisjalkineet yhdist\u00e4v\u00e4t tyylikk\u00e4\u00e4n kiillon ja l\u00e4mm\u00f6n kylm\u00e4\u00e4n s\u00e4\u00e4h\u00e4n. Br\u00e4ndin 1460-malli soveltuu p\u00e4ivitt\u00e4iseen k\u00e4ytt\u00f6\u00f6n, ja se tarjoaa mukavuutta ja kest\u00e4vyytt\u00e4 korkealaatuisten materiaalien ansiosta. Mukava tyyny ja vakaa pohja tekev\u00e4t n\u00e4ist\u00e4 saappaista k\u00e4yt\u00e4nn\u00f6llisen valinnan mihin tahansa lookiin. Erityinen myyntihinta tekee niist\u00e4 edullisen niille, jotka arvostavat tyyli\u00e4 ja laatua.<\/p>\n","protected":false},"excerpt":{"rendered":"<p>1460 musta kiilt\u00e4v\u00e4 kiiltonahka ja tekoturkisjalkineet yhdist\u00e4v\u00e4t tyylikk\u00e4\u00e4n kiillon ja l\u00e4mm\u00f6n kylm\u00e4\u00e4n s\u00e4\u00e4h\u00e4n. Br\u00e4ndin 1460-malli soveltuu p\u00e4ivitt\u00e4iseen k\u00e4ytt\u00f6\u00f6n, ja se tarjoaa mukavuutta ja kest\u00e4vyytt\u00e4 korkealaatuisten materiaalien ansiosta. Mukava tyyny ja vakaa pohja tekev\u00e4t n\u00e4ist\u00e4 saappaista k\u00e4yt\u00e4nn\u00f6llisen valinnan mihin tahansa lookiin. Erityinen myyntihinta tekee niist\u00e4 edullisen niille, jotka arvostavat tyyli\u00e4 ja laatua.<\/p>\n","protected":false},"featured_media":811385,"comment_status":"open","ping_status":"open","template":"","meta":[],"product_brand":[],"product_cat":[3199,3331],"product_tag":[],"class_list":{"0":"post-811381","1":"product","2":"type-product","3":"status-publish","4":"has-post-thumbnail","6":"product_cat-all-product","7":"product_cat-cherevyky","8":"pa_rozmir-910","9":"pa_rozmir-912","10":"pa_rozmir-914","11":"pa_rozmir-915","12":"pa_rozmir-916","13":"pa_rozmir-917","14":"pa_rozmir-918","15":"pa_rozmir-919","16":"pa_rozmir-920","17":"pa_rozmir-921","18":"pa_rozmir-922","20":"first","21":"instock","22":"purchasable","23":"product-type-variable"},"_links":{"self":[{"href":"https:\/\/nextsnkr.com\/fi\/wp-json\/wp\/v2\/product\/811381","targetHints":{"allow":["GET"]}}],"collection":[{"href":"https:\/\/nextsnkr.com\/fi\/wp-json\/wp\/v2\/product"}],"about":[{"href":"https:\/\/nextsnkr.com\/fi\/wp-json\/wp\/v2\/types\/product"}],"replies":[{"embeddable":true,"href":"https:\/\/nextsnkr.com\/fi\/wp-json\/wp\/v2\/comments?post=811381"}],"version-history":[{"count":0,"href":"https:\/\/nextsnkr.com\/fi\/wp-json\/wp\/v2\/product\/811381\/revisions"}],"wp:featuredmedia":[{"embeddable":true,"href":"https:\/\/nextsnkr.com\/fi\/wp-json\/wp\/v2\/media\/811385"}],"wp:attachment":[{"href":"https:\/\/nextsnkr.com\/fi\/wp-json\/wp\/v2\/media?parent=811381"}],"wp:term":[{"taxonomy":"product_brand","embeddable":true,"href":"https:\/\/nextsnkr.com\/fi\/wp-json\/wp\/v2\/product_brand?post=811381"},{"taxonomy":"product_cat","embeddable":true,"href":"https:\/\/nextsnkr.com\/fi\/wp-json\/wp\/v2\/product_cat?post=811381"},{"taxonomy":"product_tag","embeddable":true,"href":"https:\/\/nextsnkr.com\/fi\/wp-json\/wp\/v2\/product_tag?post=811381"}],"curies":[{"name":"wp","href":"https:\/\/api.w.org\/{rel}","templated":true}]}}