{"id":810606,"date":"2025-06-12T16:24:00","date_gmt":"2025-06-12T13:24:00","guid":{"rendered":"https:\/\/nextsnkr.com\/product\/dr-martens-black-fur\/"},"modified":"2026-01-30T21:31:56","modified_gmt":"2026-01-30T18:31:56","slug":"dr-martens-black-fur","status":"publish","type":"product","link":"https:\/\/nextsnkr.com\/fi\/tuote\/dr-martens-black-fur\/","title":{"rendered":"Dr. Martens Mustat Turkislenkkarit-talvimustat tennarit turkiksella"},"content":{"rendered":"<h2>Dr. Martens Mustat Turkislenkkarit-talvimustat tennarit turkiksella<\/h2>\n<p>Dr. Martensin Mustat Turkislenkkarit ovat tyylik\u00e4s talvimalli, joka on eristetty pehme\u00e4ll\u00e4 turkiksella maksimaalisen mukavuuden takaamiseksi kylm\u00e4ll\u00e4 s\u00e4\u00e4ll\u00e4. Universaali musta v\u00e4ri antaa kengille ytimekk\u00e4\u00e4n ja modernin ilmeen, kun taas tunnistettava Dr. Martens-muotoilu korostaa luonnetta ja tyyli\u00e4. Kest\u00e4vien materiaalien ansiosta lenkkarit tarjoavat luotettavuutta, hyv\u00e4n istuvuuden ja kest\u00e4vyyden. T\u00e4ydellinen valinta niille, jotka etsiv\u00e4t l\u00e4mpimi\u00e4 ja muodikkaita kenki\u00e4 joka p\u00e4iv\u00e4.<\/p>\n","protected":false},"excerpt":{"rendered":"<p>Dr. Martensin Mustat Turkislenkkarit ovat tyylik\u00e4s talvimalli, joka on eristetty pehme\u00e4ll\u00e4 turkiksella maksimaalisen mukavuuden takaamiseksi kylm\u00e4ll\u00e4 s\u00e4\u00e4ll\u00e4. Universaali musta v\u00e4ri antaa kengille ytimekk\u00e4\u00e4n ja modernin ilmeen, kun taas tunnistettava Dr. Martens-muotoilu korostaa luonnetta ja tyyli\u00e4. Kest\u00e4vien materiaalien ansiosta lenkkarit tarjoavat luotettavuutta, hyv\u00e4n istuvuuden ja kest\u00e4vyyden. T\u00e4ydellinen valinta niille, jotka etsiv\u00e4t l\u00e4mpimi\u00e4 ja muodikkaita kenki\u00e4 joka p\u00e4iv\u00e4.<\/p>\n","protected":false},"featured_media":810607,"comment_status":"open","ping_status":"open","template":"","meta":[],"product_brand":[2398],"product_cat":[3616,3199,3318],"product_tag":[],"class_list":{"0":"post-810606","1":"product","2":"type-product","3":"status-publish","4":"has-post-thumbnail","6":"product_brand-dr-martens","7":"product_cat-dr-martens","8":"product_cat-all-product","9":"product_cat-kedy","10":"pa_rozmir-910","11":"pa_rozmir-912","12":"pa_rozmir-914","13":"pa_rozmir-915","14":"pa_rozmir-916","15":"pa_rozmir-917","16":"pa_rozmir-918","17":"pa_rozmir-919","18":"pa_rozmir-920","19":"pa_rozmir-921","20":"pa_rozmir-922","22":"first","23":"instock","24":"purchasable","25":"product-type-variable"},"_links":{"self":[{"href":"https:\/\/nextsnkr.com\/fi\/wp-json\/wp\/v2\/product\/810606","targetHints":{"allow":["GET"]}}],"collection":[{"href":"https:\/\/nextsnkr.com\/fi\/wp-json\/wp\/v2\/product"}],"about":[{"href":"https:\/\/nextsnkr.com\/fi\/wp-json\/wp\/v2\/types\/product"}],"replies":[{"embeddable":true,"href":"https:\/\/nextsnkr.com\/fi\/wp-json\/wp\/v2\/comments?post=810606"}],"version-history":[{"count":0,"href":"https:\/\/nextsnkr.com\/fi\/wp-json\/wp\/v2\/product\/810606\/revisions"}],"wp:featuredmedia":[{"embeddable":true,"href":"https:\/\/nextsnkr.com\/fi\/wp-json\/wp\/v2\/media\/810607"}],"wp:attachment":[{"href":"https:\/\/nextsnkr.com\/fi\/wp-json\/wp\/v2\/media?parent=810606"}],"wp:term":[{"taxonomy":"product_brand","embeddable":true,"href":"https:\/\/nextsnkr.com\/fi\/wp-json\/wp\/v2\/product_brand?post=810606"},{"taxonomy":"product_cat","embeddable":true,"href":"https:\/\/nextsnkr.com\/fi\/wp-json\/wp\/v2\/product_cat?post=810606"},{"taxonomy":"product_tag","embeddable":true,"href":"https:\/\/nextsnkr.com\/fi\/wp-json\/wp\/v2\/product_tag?post=810606"}],"curies":[{"name":"wp","href":"https:\/\/api.w.org\/{rel}","templated":true}]}}