{"id":806660,"date":"2025-06-13T09:51:59","date_gmt":"2025-06-13T06:51:59","guid":{"rendered":"https:\/\/nextsnkr.com\/product\/ugg-classic-tall-ii-boot-dark-brown-rasprodazha\/"},"modified":"2026-01-30T21:29:46","modified_gmt":"2026-01-30T18:29:46","slug":"ugg-classic-tall-ii-boot-dark-brown-rasprodazha","status":"publish","type":"product","link":"https:\/\/nextsnkr.com\/fi\/tuote\/ugg-classic-tall-ii-boot-dark-brown-rasprodazha\/","title":{"rendered":"UGG Classic Tall II Boot Beige mokka saappaat-myynti"},"content":{"rendered":"<h2>UGG Classic Tall II Boot Beige mokka saappaat-myynti<\/h2>\n<p>UGG Classic Tall II Boot Beige saappaat on valmistettu pehme\u00e4st\u00e4 mokkaa ja eristetty tekoturkiksia, joka tarjoaa l\u00e4mp\u00f6\u00e4 ja mukavuutta kylm\u00e4n kauden. Malli Australian br\u00e4ndi UGG on ihanteellinen p\u00e4ivitt\u00e4iseen k\u00e4ytt\u00f6\u00f6n ja luoda tyylik\u00e4s talvi n\u00e4ytt\u00e4\u00e4. Mukava pad ja tukeva ulkopohja takaa, kest\u00e4vyys ja k\u00e4yt\u00e4nn\u00f6llisyys. Edullinen hinta tekee n\u00e4ist\u00e4 saappaista edullisen niille, jotka arvostavat laatua, mukavuutta ja muodikasta muotoilua.<\/p>\n","protected":false},"excerpt":{"rendered":"<p>UGG Classic Tall II Boot Beige saappaat on valmistettu pehme\u00e4st\u00e4 mokkaa ja eristetty tekoturkiksia, joka tarjoaa l\u00e4mp\u00f6\u00e4 ja mukavuutta kylm\u00e4n kauden. Malli Australian br\u00e4ndi UGG on ihanteellinen p\u00e4ivitt\u00e4iseen k\u00e4ytt\u00f6\u00f6n ja luoda tyylik\u00e4s talvi n\u00e4ytt\u00e4\u00e4. Mukava pad ja tukeva ulkopohja takaa, kest\u00e4vyys ja k\u00e4yt\u00e4nn\u00f6llisyys. Edullinen hinta tekee n\u00e4ist\u00e4 saappaista edullisen niille, jotka arvostavat laatua, mukavuutta ja muodikasta muotoilua.<\/p>\n","protected":false},"featured_media":806664,"comment_status":"open","ping_status":"open","template":"","meta":[],"product_brand":[],"product_cat":[3407,3199],"product_tag":[],"class_list":{"0":"post-806660","1":"product","2":"type-product","3":"status-publish","4":"has-post-thumbnail","6":"product_cat-ugg","7":"product_cat-all-product","8":"pa_rozmir-923","9":"pa_rozmir-910","10":"pa_rozmir-912","11":"pa_rozmir-914","12":"pa_rozmir-915","13":"pa_rozmir-916","14":"pa_rozmir-917","15":"pa_rozmir-918","16":"pa_rozmir-919","17":"pa_rozmir-920","18":"pa_rozmir-921","20":"first","21":"onbackorder","22":"purchasable","23":"product-type-variable"},"_links":{"self":[{"href":"https:\/\/nextsnkr.com\/fi\/wp-json\/wp\/v2\/product\/806660","targetHints":{"allow":["GET"]}}],"collection":[{"href":"https:\/\/nextsnkr.com\/fi\/wp-json\/wp\/v2\/product"}],"about":[{"href":"https:\/\/nextsnkr.com\/fi\/wp-json\/wp\/v2\/types\/product"}],"replies":[{"embeddable":true,"href":"https:\/\/nextsnkr.com\/fi\/wp-json\/wp\/v2\/comments?post=806660"}],"version-history":[{"count":0,"href":"https:\/\/nextsnkr.com\/fi\/wp-json\/wp\/v2\/product\/806660\/revisions"}],"wp:featuredmedia":[{"embeddable":true,"href":"https:\/\/nextsnkr.com\/fi\/wp-json\/wp\/v2\/media\/806664"}],"wp:attachment":[{"href":"https:\/\/nextsnkr.com\/fi\/wp-json\/wp\/v2\/media?parent=806660"}],"wp:term":[{"taxonomy":"product_brand","embeddable":true,"href":"https:\/\/nextsnkr.com\/fi\/wp-json\/wp\/v2\/product_brand?post=806660"},{"taxonomy":"product_cat","embeddable":true,"href":"https:\/\/nextsnkr.com\/fi\/wp-json\/wp\/v2\/product_cat?post=806660"},{"taxonomy":"product_tag","embeddable":true,"href":"https:\/\/nextsnkr.com\/fi\/wp-json\/wp\/v2\/product_tag?post=806660"}],"curies":[{"name":"wp","href":"https:\/\/api.w.org\/{rel}","templated":true}]}}