{"id":806329,"date":"2025-06-13T09:52:22","date_gmt":"2025-06-13T06:52:22","guid":{"rendered":"https:\/\/nextsnkr.com\/product\/ugg-classic-tall-ii-boot-beige-rasprodazha\/"},"modified":"2026-01-30T21:29:36","modified_gmt":"2026-01-30T18:29:36","slug":"ugg-classic-tall-ii-boot-beige-rasprodazha","status":"publish","type":"product","link":"https:\/\/nextsnkr.com\/fi\/tuote\/ugg-classic-tall-ii-boot-beige-rasprodazha\/","title":{"rendered":"UGG Classic Tall II Boot Beige-naisten mokka talvisaappaat"},"content":{"rendered":"<h2>UGG Classic Tall II Boot Beige-naisten mokka talvisaappaat<\/h2>\n<p>Tyylik\u00e4s UGG Classic Tall II Boot Beige saappaat on valmistettu premium mokka ja pehme\u00e4 Tekoturkis, joka tarjoaa mukavuutta ja l\u00e4mp\u00f6\u00e4 talvella. Korkea istuin suojaa kylm\u00e4lt\u00e4, ja klassinen beige v\u00e4ri on helppo yhdist\u00e4\u00e4 mihin tahansa lookiin. Australialaisen tuotemerkin alkuper\u00e4inen laatu takaa kest\u00e4vyyden ja mukavuuden p\u00e4ivitt\u00e4isess\u00e4 k\u00e4yt\u00f6ss\u00e4. Ihanteellinen valinta niille, jotka arvostavat l\u00e4mp\u00f6\u00e4, luonnonmateriaaleja ja eleganttia tyyli\u00e4.<\/p>\n","protected":false},"excerpt":{"rendered":"<p>Tyylik\u00e4s UGG Classic Tall II Boot Beige saappaat on valmistettu premium mokka ja pehme\u00e4 Tekoturkis, joka tarjoaa mukavuutta ja l\u00e4mp\u00f6\u00e4 talvella. Korkea istuin suojaa kylm\u00e4lt\u00e4, ja klassinen beige v\u00e4ri on helppo yhdist\u00e4\u00e4 mihin tahansa lookiin. Australialaisen tuotemerkin alkuper\u00e4inen laatu takaa kest\u00e4vyyden ja mukavuuden p\u00e4ivitt\u00e4isess\u00e4 k\u00e4yt\u00f6ss\u00e4. Ihanteellinen valinta niille, jotka arvostavat l\u00e4mp\u00f6\u00e4, luonnonmateriaaleja ja eleganttia tyyli\u00e4.<\/p>\n","protected":false},"featured_media":806331,"comment_status":"open","ping_status":"open","template":"","meta":[],"product_brand":[],"product_cat":[3407,3199],"product_tag":[],"class_list":{"0":"post-806329","1":"product","2":"type-product","3":"status-publish","4":"has-post-thumbnail","6":"product_cat-ugg","7":"product_cat-all-product","8":"pa_rozmir-923","9":"pa_rozmir-910","10":"pa_rozmir-912","11":"pa_rozmir-914","12":"pa_rozmir-915","13":"pa_rozmir-916","14":"pa_rozmir-917","15":"pa_rozmir-918","16":"pa_rozmir-919","17":"pa_rozmir-920","18":"pa_rozmir-921","20":"first","21":"onbackorder","22":"purchasable","23":"product-type-variable"},"_links":{"self":[{"href":"https:\/\/nextsnkr.com\/fi\/wp-json\/wp\/v2\/product\/806329","targetHints":{"allow":["GET"]}}],"collection":[{"href":"https:\/\/nextsnkr.com\/fi\/wp-json\/wp\/v2\/product"}],"about":[{"href":"https:\/\/nextsnkr.com\/fi\/wp-json\/wp\/v2\/types\/product"}],"replies":[{"embeddable":true,"href":"https:\/\/nextsnkr.com\/fi\/wp-json\/wp\/v2\/comments?post=806329"}],"version-history":[{"count":0,"href":"https:\/\/nextsnkr.com\/fi\/wp-json\/wp\/v2\/product\/806329\/revisions"}],"wp:featuredmedia":[{"embeddable":true,"href":"https:\/\/nextsnkr.com\/fi\/wp-json\/wp\/v2\/media\/806331"}],"wp:attachment":[{"href":"https:\/\/nextsnkr.com\/fi\/wp-json\/wp\/v2\/media?parent=806329"}],"wp:term":[{"taxonomy":"product_brand","embeddable":true,"href":"https:\/\/nextsnkr.com\/fi\/wp-json\/wp\/v2\/product_brand?post=806329"},{"taxonomy":"product_cat","embeddable":true,"href":"https:\/\/nextsnkr.com\/fi\/wp-json\/wp\/v2\/product_cat?post=806329"},{"taxonomy":"product_tag","embeddable":true,"href":"https:\/\/nextsnkr.com\/fi\/wp-json\/wp\/v2\/product_tag?post=806329"}],"curies":[{"name":"wp","href":"https:\/\/api.w.org\/{rel}","templated":true}]}}