{"id":806186,"date":"2025-06-17T21:53:15","date_gmt":"2025-06-17T18:53:15","guid":{"rendered":"https:\/\/nextsnkr.com\/product\/nike-air-force-1-pixel-beige\/"},"modified":"2026-01-30T21:29:32","modified_gmt":"2026-01-30T18:29:32","slug":"nike-air-force-1-pixel-beige","status":"publish","type":"product","link":"https:\/\/nextsnkr.com\/fi\/tuote\/nike-air-force-1-pixel-beige\/","title":{"rendered":"Nike Air Force 1 Pixel Beige sneakers-tyylikk\u00e4\u00e4t ja mukavat tennarit"},"content":{"rendered":"<h2>Nike Air Force 1 Pixel Beige sneakers-tyylikk\u00e4\u00e4t ja mukavat tennarit<\/h2>\n<p>Nike Air Force 1 Pixel Beige lenkkarit ovatmoderni ja monipuolinen malli jokap\u00e4iv\u00e4iseen k\u00e4ytt\u00f6\u00f6n. Laadukkaat materiaalit takaavat kest\u00e4vyyden ja kest\u00e4vyyden, ja harkittu muotoilu takaa mukavuuden ja vakauden liikkeen aikana. Vaalean beige v\u00e4ritys lis\u00e4\u00e4 tyylikkyytt\u00e4 kenkiin ja on helppo yhdist\u00e4\u00e4 erilaisiin lookeihin. Ihanteellinen k\u00e4velyyn, kaupunkityyliin ja ulkoiluun. Valitse Nike Air Force 1 Pixel Beige yhdistelm\u00e4 tyyli\u00e4, laatua ja mukavuutta. Koodi: 4135-151762.<\/p>\n","protected":false},"excerpt":{"rendered":"<p>Nike Air Force 1 Pixel Beige lenkkarit ovatmoderni ja monipuolinen malli jokap\u00e4iv\u00e4iseen k\u00e4ytt\u00f6\u00f6n. Laadukkaat materiaalit takaavat kest\u00e4vyyden ja kest\u00e4vyyden, ja harkittu muotoilu takaa mukavuuden ja vakauden liikkeen aikana. Vaalean beige v\u00e4ritys lis\u00e4\u00e4 tyylikkyytt\u00e4 kenkiin ja on helppo yhdist\u00e4\u00e4 erilaisiin lookeihin. Ihanteellinen k\u00e4velyyn, kaupunkityyliin ja ulkoiluun. Valitse Nike Air Force 1 Pixel Beige yhdistelm\u00e4 tyyli\u00e4, laatua ja mukavuutta. Koodi: 4135-151762.<\/p>\n","protected":false},"featured_media":806187,"comment_status":"open","ping_status":"open","template":"","meta":[],"product_brand":[],"product_cat":[3199,3318],"product_tag":[],"class_list":{"0":"post-806186","1":"product","2":"type-product","3":"status-publish","4":"has-post-thumbnail","6":"product_cat-all-product","7":"product_cat-kedy","8":"pa_rozmir-910","9":"pa_rozmir-912","10":"pa_rozmir-914","11":"pa_rozmir-915","12":"pa_rozmir-916","13":"pa_rozmir-917","14":"pa_rozmir-918","15":"pa_rozmir-919","16":"pa_rozmir-920","17":"pa_rozmir-921","18":"pa_rozmir-922","20":"first","21":"instock","22":"purchasable","23":"product-type-variable"},"_links":{"self":[{"href":"https:\/\/nextsnkr.com\/fi\/wp-json\/wp\/v2\/product\/806186","targetHints":{"allow":["GET"]}}],"collection":[{"href":"https:\/\/nextsnkr.com\/fi\/wp-json\/wp\/v2\/product"}],"about":[{"href":"https:\/\/nextsnkr.com\/fi\/wp-json\/wp\/v2\/types\/product"}],"replies":[{"embeddable":true,"href":"https:\/\/nextsnkr.com\/fi\/wp-json\/wp\/v2\/comments?post=806186"}],"version-history":[{"count":0,"href":"https:\/\/nextsnkr.com\/fi\/wp-json\/wp\/v2\/product\/806186\/revisions"}],"wp:featuredmedia":[{"embeddable":true,"href":"https:\/\/nextsnkr.com\/fi\/wp-json\/wp\/v2\/media\/806187"}],"wp:attachment":[{"href":"https:\/\/nextsnkr.com\/fi\/wp-json\/wp\/v2\/media?parent=806186"}],"wp:term":[{"taxonomy":"product_brand","embeddable":true,"href":"https:\/\/nextsnkr.com\/fi\/wp-json\/wp\/v2\/product_brand?post=806186"},{"taxonomy":"product_cat","embeddable":true,"href":"https:\/\/nextsnkr.com\/fi\/wp-json\/wp\/v2\/product_cat?post=806186"},{"taxonomy":"product_tag","embeddable":true,"href":"https:\/\/nextsnkr.com\/fi\/wp-json\/wp\/v2\/product_tag?post=806186"}],"curies":[{"name":"wp","href":"https:\/\/api.w.org\/{rel}","templated":true}]}}