{"id":803808,"date":"2025-06-13T09:56:02","date_gmt":"2025-06-13T06:56:02","guid":{"rendered":"https:\/\/nextsnkr.com\/product\/m2k\/"},"modified":"2026-01-30T21:28:08","modified_gmt":"2026-01-30T18:28:08","slug":"m2k","status":"publish","type":"product","link":"https:\/\/nextsnkr.com\/fi\/tuote\/m2k\/","title":{"rendered":"M2K nahka lenkkarit-tyylikk\u00e4\u00e4t ja kulutusta kest\u00e4v\u00e4t urheilukeng\u00e4t"},"content":{"rendered":"<h2>M2K nahka lenkkarit-tyylikk\u00e4\u00e4t ja kulutusta kest\u00e4v\u00e4t urheilukeng\u00e4t<\/h2>\n<p>M2K-nahkalenkkarit ovat yhdistelm\u00e4 mukavuutta, kest\u00e4vyytt\u00e4 ja modernia muotoilua. Valmistettu korkealaatuisesta nahasta, ne tarjoavat kest\u00e4vyytt\u00e4 ja luotettavaa jalkatukea. Malli on ihanteellinen p\u00e4ivitt\u00e4iseen k\u00e4ytt\u00f6\u00f6n, ulkoiluun tai k\u00e4velyyn. Kevyt pohja takaa mukavuuden koko p\u00e4iv\u00e4n. M2K-lenkkarit ovat tyylik\u00e4s valinta edulliseen hintaan, joka t\u00e4ydent\u00e4\u00e4 mit\u00e4 tahansa ilmett\u00e4.<\/p>\n","protected":false},"excerpt":{"rendered":"<p>M2K-nahkalenkkarit ovat yhdistelm\u00e4 mukavuutta, kest\u00e4vyytt\u00e4 ja modernia muotoilua. Valmistettu korkealaatuisesta nahasta, ne tarjoavat kest\u00e4vyytt\u00e4 ja luotettavaa jalkatukea. Malli on ihanteellinen p\u00e4ivitt\u00e4iseen k\u00e4ytt\u00f6\u00f6n, ulkoiluun tai k\u00e4velyyn. Kevyt pohja takaa mukavuuden koko p\u00e4iv\u00e4n. M2K-lenkkarit ovat tyylik\u00e4s valinta edulliseen hintaan, joka t\u00e4ydent\u00e4\u00e4 mit\u00e4 tahansa ilmett\u00e4.<\/p>\n","protected":false},"featured_media":803809,"comment_status":"open","ping_status":"open","template":"","meta":[],"product_brand":[],"product_cat":[3199,3200],"product_tag":[],"class_list":{"0":"post-803808","1":"product","2":"type-product","3":"status-publish","4":"has-post-thumbnail","6":"product_cat-all-product","7":"product_cat-krosivky","8":"pa_rozmir-910","9":"pa_rozmir-912","10":"pa_rozmir-914","11":"pa_rozmir-915","12":"pa_rozmir-916","13":"pa_rozmir-917","14":"pa_rozmir-918","15":"pa_rozmir-919","16":"pa_rozmir-920","17":"pa_rozmir-921","18":"pa_rozmir-922","20":"first","21":"instock","22":"purchasable","23":"product-type-variable"},"_links":{"self":[{"href":"https:\/\/nextsnkr.com\/fi\/wp-json\/wp\/v2\/product\/803808","targetHints":{"allow":["GET"]}}],"collection":[{"href":"https:\/\/nextsnkr.com\/fi\/wp-json\/wp\/v2\/product"}],"about":[{"href":"https:\/\/nextsnkr.com\/fi\/wp-json\/wp\/v2\/types\/product"}],"replies":[{"embeddable":true,"href":"https:\/\/nextsnkr.com\/fi\/wp-json\/wp\/v2\/comments?post=803808"}],"version-history":[{"count":0,"href":"https:\/\/nextsnkr.com\/fi\/wp-json\/wp\/v2\/product\/803808\/revisions"}],"wp:featuredmedia":[{"embeddable":true,"href":"https:\/\/nextsnkr.com\/fi\/wp-json\/wp\/v2\/media\/803809"}],"wp:attachment":[{"href":"https:\/\/nextsnkr.com\/fi\/wp-json\/wp\/v2\/media?parent=803808"}],"wp:term":[{"taxonomy":"product_brand","embeddable":true,"href":"https:\/\/nextsnkr.com\/fi\/wp-json\/wp\/v2\/product_brand?post=803808"},{"taxonomy":"product_cat","embeddable":true,"href":"https:\/\/nextsnkr.com\/fi\/wp-json\/wp\/v2\/product_cat?post=803808"},{"taxonomy":"product_tag","embeddable":true,"href":"https:\/\/nextsnkr.com\/fi\/wp-json\/wp\/v2\/product_tag?post=803808"}],"curies":[{"name":"wp","href":"https:\/\/api.w.org\/{rel}","templated":true}]}}