{"id":802942,"date":"2025-06-17T22:01:57","date_gmt":"2025-06-17T19:01:57","guid":{"rendered":"https:\/\/nextsnkr.com\/product\/nike-air-zoom-spiridon-cage-2-stussy-pure-platinum\/"},"modified":"2026-01-30T21:27:46","modified_gmt":"2026-01-30T18:27:46","slug":"nike-air-zoom-spiridon-cage-2-stussy-pure-platinum","status":"publish","type":"product","link":"https:\/\/nextsnkr.com\/fi\/tuote\/nike-air-zoom-spiridon-cage-2-stussy-pure-platinum\/","title":{"rendered":"Nike Air Zoom Spiridon Cage 2 Stussy Pure Platinum Sneakers-nahka ja Tekstiili"},"content":{"rendered":"<h2>Nike Air Zoom Spiridon Cage 2 Stussy Pure Platinum Sneakers-nahka ja Tekstiili<\/h2>\n<p>Nike Air Zoom Spiridon Cage 2 Stussy Pure Platinum ovat tyylikk\u00e4\u00e4t lenkkarit, jotka on valmistettu nahan ja Tekstiilien yhdistelm\u00e4st\u00e4 ja jotka tarjoavat mukavuutta, keveytt\u00e4 ja kest\u00e4vyytt\u00e4. Puhtaan platinan vaalea s\u00e4vy lis\u00e4\u00e4 ilmeeseen moderniutta ja monipuolisuutta. Malli on kehitetty yhteisty\u00f6ss\u00e4 Stussyn kanssa, mik\u00e4 korostaa yksinoikeutta ja trendik\u00e4st\u00e4 muotoilua. Tehdas Vietnamissa valmistetuissa lenkkareissa on kest\u00e4v\u00e4 pohja ja mukava istuvuus jalassa. T\u00e4ydellinen valinta p\u00e4ivitt\u00e4iseen k\u00e4ytt\u00f6\u00f6n ja aktiiviseen el\u00e4m\u00e4ntapaan, jossa korostetaan tyyli\u00e4 ja mukavuutta.<\/p>\n","protected":false},"excerpt":{"rendered":"<p>Nike Air Zoom Spiridon Cage 2 Stussy Pure Platinum ovat tyylikk\u00e4\u00e4t lenkkarit, jotka on valmistettu nahan ja Tekstiilien yhdistelm\u00e4st\u00e4 ja jotka tarjoavat mukavuutta, keveytt\u00e4 ja kest\u00e4vyytt\u00e4. Puhtaan platinan vaalea s\u00e4vy lis\u00e4\u00e4 ilmeeseen moderniutta ja monipuolisuutta. Malli on kehitetty yhteisty\u00f6ss\u00e4 Stussyn kanssa, mik\u00e4 korostaa yksinoikeutta ja trendik\u00e4st\u00e4 muotoilua. Tehdas Vietnamissa valmistetuissa lenkkareissa on kest\u00e4v\u00e4 pohja ja mukava istuvuus jalassa. T\u00e4ydellinen valinta p\u00e4ivitt\u00e4iseen k\u00e4ytt\u00f6\u00f6n ja aktiiviseen el\u00e4m\u00e4ntapaan, jossa korostetaan tyyli\u00e4 ja mukavuutta.<\/p>\n","protected":false},"featured_media":802944,"comment_status":"open","ping_status":"open","template":"","meta":[],"product_brand":[],"product_cat":[3199,3200],"product_tag":[],"class_list":{"0":"post-802942","1":"product","2":"type-product","3":"status-publish","4":"has-post-thumbnail","6":"product_cat-all-product","7":"product_cat-krosivky","8":"pa_rozmir-910","9":"pa_rozmir-912","10":"pa_rozmir-914","11":"pa_rozmir-915","12":"pa_rozmir-916","13":"pa_rozmir-917","14":"pa_rozmir-918","15":"pa_rozmir-919","16":"pa_rozmir-920","17":"pa_rozmir-921","18":"pa_rozmir-922","20":"first","21":"instock","22":"purchasable","23":"product-type-variable"},"_links":{"self":[{"href":"https:\/\/nextsnkr.com\/fi\/wp-json\/wp\/v2\/product\/802942","targetHints":{"allow":["GET"]}}],"collection":[{"href":"https:\/\/nextsnkr.com\/fi\/wp-json\/wp\/v2\/product"}],"about":[{"href":"https:\/\/nextsnkr.com\/fi\/wp-json\/wp\/v2\/types\/product"}],"replies":[{"embeddable":true,"href":"https:\/\/nextsnkr.com\/fi\/wp-json\/wp\/v2\/comments?post=802942"}],"version-history":[{"count":0,"href":"https:\/\/nextsnkr.com\/fi\/wp-json\/wp\/v2\/product\/802942\/revisions"}],"wp:featuredmedia":[{"embeddable":true,"href":"https:\/\/nextsnkr.com\/fi\/wp-json\/wp\/v2\/media\/802944"}],"wp:attachment":[{"href":"https:\/\/nextsnkr.com\/fi\/wp-json\/wp\/v2\/media?parent=802942"}],"wp:term":[{"taxonomy":"product_brand","embeddable":true,"href":"https:\/\/nextsnkr.com\/fi\/wp-json\/wp\/v2\/product_brand?post=802942"},{"taxonomy":"product_cat","embeddable":true,"href":"https:\/\/nextsnkr.com\/fi\/wp-json\/wp\/v2\/product_cat?post=802942"},{"taxonomy":"product_tag","embeddable":true,"href":"https:\/\/nextsnkr.com\/fi\/wp-json\/wp\/v2\/product_tag?post=802942"}],"curies":[{"name":"wp","href":"https:\/\/api.w.org\/{rel}","templated":true}]}}