{"id":802266,"date":"2025-06-17T22:04:29","date_gmt":"2025-06-17T19:04:29","guid":{"rendered":"https:\/\/nextsnkr.com\/product\/nike-vista-lite-beige\/"},"modified":"2026-01-30T21:27:18","modified_gmt":"2026-01-30T18:27:18","slug":"nike-vista-lite-beige","status":"publish","type":"product","link":"https:\/\/nextsnkr.com\/fi\/tuote\/nike-vista-lite-beige\/","title":{"rendered":"Nike Vista Lite Beige sneakers-naisten kevyet tekstiililenkkarit"},"content":{"rendered":"<h2>Nike Vista Lite Beige sneakers-naisten kevyet tekstiililenkkarit<\/h2>\n<p>Nike Vista Lite tennarit Beige yhdistyv\u00e4t moderni muotoilu, keveys ja mukavuus tekstiili mesh ylempi ja vulkanoitu vaahto pohja. Paino malli on vain 408 g. Se tarjoaa mukavuutta p\u00e4ivitt\u00e4iseen k\u00e4ytt\u00f6\u00f6n. Beige v\u00e4ri lis\u00e4\u00e4 monipuolisuutta ja tyylikk\u00e4\u00e4n ilmeen, kun taas alkuper\u00e4inen Nike-laatikko voimapaperilla korostaa tuotteen ensiluokkaista laatua. Vietnamissa valmistetut Nike Vista Lite-lenkkarit ovat taatusti kest\u00e4vi\u00e4 ja k\u00e4yt\u00e4nn\u00f6llisi\u00e4 aktiiviseen el\u00e4m\u00e4ntapaan.<\/p>\n","protected":false},"excerpt":{"rendered":"<p>Nike Vista Lite tennarit Beige yhdistyv\u00e4t moderni muotoilu, keveys ja mukavuus tekstiili mesh ylempi ja vulkanoitu vaahto pohja. Paino malli on vain 408 g. Se tarjoaa mukavuutta p\u00e4ivitt\u00e4iseen k\u00e4ytt\u00f6\u00f6n. Beige v\u00e4ri lis\u00e4\u00e4 monipuolisuutta ja tyylikk\u00e4\u00e4n ilmeen, kun taas alkuper\u00e4inen Nike-laatikko voimapaperilla korostaa tuotteen ensiluokkaista laatua. Vietnamissa valmistetut Nike Vista Lite-lenkkarit ovat taatusti kest\u00e4vi\u00e4 ja k\u00e4yt\u00e4nn\u00f6llisi\u00e4 aktiiviseen el\u00e4m\u00e4ntapaan.<\/p>\n","protected":false},"featured_media":802271,"comment_status":"open","ping_status":"open","template":"","meta":[],"product_brand":[3135],"product_cat":[4461,3199,3200],"product_tag":[],"class_list":{"0":"post-802266","1":"product","2":"type-product","3":"status-publish","4":"has-post-thumbnail","6":"product_brand-nike-vista","7":"product_cat-nike-vista","8":"product_cat-all-product","9":"product_cat-krosivky","10":"pa_rozmir-910","11":"pa_rozmir-912","12":"pa_rozmir-914","13":"pa_rozmir-915","14":"pa_rozmir-916","15":"pa_rozmir-917","16":"pa_rozmir-918","17":"pa_rozmir-919","18":"pa_rozmir-920","19":"pa_rozmir-921","20":"pa_rozmir-922","22":"first","23":"instock","24":"purchasable","25":"product-type-variable"},"_links":{"self":[{"href":"https:\/\/nextsnkr.com\/fi\/wp-json\/wp\/v2\/product\/802266","targetHints":{"allow":["GET"]}}],"collection":[{"href":"https:\/\/nextsnkr.com\/fi\/wp-json\/wp\/v2\/product"}],"about":[{"href":"https:\/\/nextsnkr.com\/fi\/wp-json\/wp\/v2\/types\/product"}],"replies":[{"embeddable":true,"href":"https:\/\/nextsnkr.com\/fi\/wp-json\/wp\/v2\/comments?post=802266"}],"version-history":[{"count":0,"href":"https:\/\/nextsnkr.com\/fi\/wp-json\/wp\/v2\/product\/802266\/revisions"}],"wp:featuredmedia":[{"embeddable":true,"href":"https:\/\/nextsnkr.com\/fi\/wp-json\/wp\/v2\/media\/802271"}],"wp:attachment":[{"href":"https:\/\/nextsnkr.com\/fi\/wp-json\/wp\/v2\/media?parent=802266"}],"wp:term":[{"taxonomy":"product_brand","embeddable":true,"href":"https:\/\/nextsnkr.com\/fi\/wp-json\/wp\/v2\/product_brand?post=802266"},{"taxonomy":"product_cat","embeddable":true,"href":"https:\/\/nextsnkr.com\/fi\/wp-json\/wp\/v2\/product_cat?post=802266"},{"taxonomy":"product_tag","embeddable":true,"href":"https:\/\/nextsnkr.com\/fi\/wp-json\/wp\/v2\/product_tag?post=802266"}],"curies":[{"name":"wp","href":"https:\/\/api.w.org\/{rel}","templated":true}]}}