{"id":798494,"date":"2025-06-17T22:42:44","date_gmt":"2025-06-17T19:42:44","guid":{"rendered":"https:\/\/nextsnkr.com\/product\/nike-air-max-plus-black-volt\/"},"modified":"2026-01-30T21:25:22","modified_gmt":"2026-01-30T18:25:22","slug":"nike-air-max-plus-black-volt","status":"publish","type":"product","link":"https:\/\/nextsnkr.com\/fi\/tuote\/nike-air-max-plus-black-volt\/","title":{"rendered":"Nike Air Max Plus Musta \/ Volt lenkkarit-nahka ja Tekstiili, tyylik\u00e4s"},"content":{"rendered":"<h2>Nike Air Max Plus Musta \/ Volt lenkkarit-nahka ja Tekstiili, tyylik\u00e4s<\/h2>\n<p>Nike Air Max Plus Black \/ Volt lenkkarit yhdist\u00e4v\u00e4t nahkaa ja Tekstiilej\u00e4 maksimaalisen kest\u00e4vyyden ja mukavuuden takaamiseksi. Legendaarinen Air Max iskunvaimennuspohja tarjoaa mukavuutta pitkill\u00e4 k\u00e4velylenkeill\u00e4 ja aktiivisen el\u00e4m\u00e4ntavan. Musta v\u00e4ri kirkkailla voltin aksenteilla luo tyylikk\u00e4\u00e4n ilmeen ja korostaa yksil\u00f6llisyytt\u00e4. T\u00e4ydellinen valinta Nike-br\u00e4ndin yst\u00e4ville, jotka arvostavat ensiluokkaista laatua ja modernia muotoilua.<\/p>\n","protected":false},"excerpt":{"rendered":"<p>Nike Air Max Plus Black \/ Volt lenkkarit yhdist\u00e4v\u00e4t nahkaa ja Tekstiilej\u00e4 maksimaalisen kest\u00e4vyyden ja mukavuuden takaamiseksi. Legendaarinen Air Max iskunvaimennuspohja tarjoaa mukavuutta pitkill\u00e4 k\u00e4velylenkeill\u00e4 ja aktiivisen el\u00e4m\u00e4ntavan. Musta v\u00e4ri kirkkailla voltin aksenteilla luo tyylikk\u00e4\u00e4n ilmeen ja korostaa yksil\u00f6llisyytt\u00e4. T\u00e4ydellinen valinta Nike-br\u00e4ndin yst\u00e4ville, jotka arvostavat ensiluokkaista laatua ja modernia muotoilua.<\/p>\n","protected":false},"featured_media":798497,"comment_status":"open","ping_status":"open","template":"","meta":[],"product_brand":[],"product_cat":[3199,3200],"product_tag":[],"class_list":{"0":"post-798494","1":"product","2":"type-product","3":"status-publish","4":"has-post-thumbnail","6":"product_cat-all-product","7":"product_cat-krosivky","8":"pa_rozmir-910","9":"pa_rozmir-912","10":"pa_rozmir-914","11":"pa_rozmir-915","12":"pa_rozmir-916","13":"pa_rozmir-917","14":"pa_rozmir-918","15":"pa_rozmir-919","16":"pa_rozmir-920","17":"pa_rozmir-921","18":"pa_rozmir-922","20":"first","21":"onbackorder","22":"purchasable","23":"product-type-variable"},"_links":{"self":[{"href":"https:\/\/nextsnkr.com\/fi\/wp-json\/wp\/v2\/product\/798494","targetHints":{"allow":["GET"]}}],"collection":[{"href":"https:\/\/nextsnkr.com\/fi\/wp-json\/wp\/v2\/product"}],"about":[{"href":"https:\/\/nextsnkr.com\/fi\/wp-json\/wp\/v2\/types\/product"}],"replies":[{"embeddable":true,"href":"https:\/\/nextsnkr.com\/fi\/wp-json\/wp\/v2\/comments?post=798494"}],"version-history":[{"count":0,"href":"https:\/\/nextsnkr.com\/fi\/wp-json\/wp\/v2\/product\/798494\/revisions"}],"wp:featuredmedia":[{"embeddable":true,"href":"https:\/\/nextsnkr.com\/fi\/wp-json\/wp\/v2\/media\/798497"}],"wp:attachment":[{"href":"https:\/\/nextsnkr.com\/fi\/wp-json\/wp\/v2\/media?parent=798494"}],"wp:term":[{"taxonomy":"product_brand","embeddable":true,"href":"https:\/\/nextsnkr.com\/fi\/wp-json\/wp\/v2\/product_brand?post=798494"},{"taxonomy":"product_cat","embeddable":true,"href":"https:\/\/nextsnkr.com\/fi\/wp-json\/wp\/v2\/product_cat?post=798494"},{"taxonomy":"product_tag","embeddable":true,"href":"https:\/\/nextsnkr.com\/fi\/wp-json\/wp\/v2\/product_tag?post=798494"}],"curies":[{"name":"wp","href":"https:\/\/api.w.org\/{rel}","templated":true}]}}