{"id":796464,"date":"2025-06-13T10:04:41","date_gmt":"2025-06-13T07:04:41","guid":{"rendered":"https:\/\/nextsnkr.com\/product\/track-pink-2\/"},"modified":"2026-01-30T21:24:16","modified_gmt":"2026-01-30T18:24:16","slug":"track-pink-2","status":"publish","type":"product","link":"https:\/\/nextsnkr.com\/fi\/tuote\/track-pink-2\/","title":{"rendered":"Track Pink Nahka lenkkarit-tyylikk\u00e4\u00e4t naisten urheilu lenkkarit"},"content":{"rendered":"<h2>Track Pink Nahka lenkkarit-tyylikk\u00e4\u00e4t naisten urheilu lenkkarit<\/h2>\n<p>Track Pink nahka lenkkarit ovat kirkas ja mukava malli aktiivisille naisille, jotka arvostavat mukavuutta ja tyyli\u00e4. Valmistettu korkealaatuisesta nahasta, ne tarjoavat kest\u00e4vyytt\u00e4, jalkatukea ja pitk\u00e4n k\u00e4ytt\u00f6i\u00e4n. Kevyt pohja takaa mukavuuden k\u00e4velless\u00e4,ja muodikas vaaleanpunainen muotoilu lis\u00e4\u00e4 ilmett\u00e4. Ihanteellinen p\u00e4ivitt\u00e4iseen k\u00e4ytt\u00f6\u00f6n, harjoitteluun tai k\u00e4velyyn. Track Pink lenkkarit ovat loistava valinta niille, jotka haluavat n\u00e4ytt\u00e4\u00e4 tyylikk\u00e4\u00e4lt\u00e4 joka p\u00e4iv\u00e4.<\/p>\n","protected":false},"excerpt":{"rendered":"<p>Track Pink nahka lenkkarit ovat kirkas ja mukava malli aktiivisille naisille, jotka arvostavat mukavuutta ja tyyli\u00e4. Valmistettu korkealaatuisesta nahasta, ne tarjoavat kest\u00e4vyytt\u00e4, jalkatukea ja pitk\u00e4n k\u00e4ytt\u00f6i\u00e4n. Kevyt pohja takaa mukavuuden k\u00e4velless\u00e4,ja muodikas vaaleanpunainen muotoilu lis\u00e4\u00e4 ilmett\u00e4. Ihanteellinen p\u00e4ivitt\u00e4iseen k\u00e4ytt\u00f6\u00f6n, harjoitteluun tai k\u00e4velyyn. Track Pink lenkkarit ovat loistava valinta niille, jotka haluavat n\u00e4ytt\u00e4\u00e4 tyylikk\u00e4\u00e4lt\u00e4 joka p\u00e4iv\u00e4.<\/p>\n","protected":false},"featured_media":796465,"comment_status":"open","ping_status":"open","template":"","meta":[],"product_brand":[],"product_cat":[3199,3200],"product_tag":[],"class_list":{"0":"post-796464","1":"product","2":"type-product","3":"status-publish","4":"has-post-thumbnail","6":"product_cat-all-product","7":"product_cat-krosivky","8":"pa_rozmir-910","9":"pa_rozmir-912","10":"pa_rozmir-914","11":"pa_rozmir-915","12":"pa_rozmir-916","13":"pa_rozmir-917","14":"pa_rozmir-918","15":"pa_rozmir-919","16":"pa_rozmir-920","17":"pa_rozmir-921","18":"pa_rozmir-922","20":"first","21":"instock","22":"purchasable","23":"product-type-variable"},"_links":{"self":[{"href":"https:\/\/nextsnkr.com\/fi\/wp-json\/wp\/v2\/product\/796464","targetHints":{"allow":["GET"]}}],"collection":[{"href":"https:\/\/nextsnkr.com\/fi\/wp-json\/wp\/v2\/product"}],"about":[{"href":"https:\/\/nextsnkr.com\/fi\/wp-json\/wp\/v2\/types\/product"}],"replies":[{"embeddable":true,"href":"https:\/\/nextsnkr.com\/fi\/wp-json\/wp\/v2\/comments?post=796464"}],"version-history":[{"count":0,"href":"https:\/\/nextsnkr.com\/fi\/wp-json\/wp\/v2\/product\/796464\/revisions"}],"wp:featuredmedia":[{"embeddable":true,"href":"https:\/\/nextsnkr.com\/fi\/wp-json\/wp\/v2\/media\/796465"}],"wp:attachment":[{"href":"https:\/\/nextsnkr.com\/fi\/wp-json\/wp\/v2\/media?parent=796464"}],"wp:term":[{"taxonomy":"product_brand","embeddable":true,"href":"https:\/\/nextsnkr.com\/fi\/wp-json\/wp\/v2\/product_brand?post=796464"},{"taxonomy":"product_cat","embeddable":true,"href":"https:\/\/nextsnkr.com\/fi\/wp-json\/wp\/v2\/product_cat?post=796464"},{"taxonomy":"product_tag","embeddable":true,"href":"https:\/\/nextsnkr.com\/fi\/wp-json\/wp\/v2\/product_tag?post=796464"}],"curies":[{"name":"wp","href":"https:\/\/api.w.org\/{rel}","templated":true}]}}