{"id":796364,"date":"2025-06-17T22:48:09","date_gmt":"2025-06-17T19:48:09","guid":{"rendered":"https:\/\/nextsnkr.com\/product\/air-jordan-red\/"},"modified":"2026-01-30T21:24:04","modified_gmt":"2026-01-30T18:24:04","slug":"air-jordan-red","status":"publish","type":"product","link":"https:\/\/nextsnkr.com\/fi\/tuote\/air-jordan-red\/","title":{"rendered":"AIR JORDAN punainen hattu on tyylik\u00e4s akryyli talvihattu"},"content":{"rendered":"<h2>AIR JORDAN punainen hattu on tyylik\u00e4s akryyli talvihattu<\/h2>\n<p>AIR JORDAN Red hat on monipuolinen mallil\u00e4mpim\u00e4 ja mukava talvi. Valmistettu pehme\u00e4st\u00e4 akryylist\u00e4, se tarjoaa l\u00e4mp\u00f6\u00e4 ja miellytt\u00e4v\u00e4n tunteen, kun sit\u00e4 k\u00e4ytet\u00e4\u00e4n. Laaja kirjonta lis\u00e4\u00e4 tyylikk\u00e4\u00e4n korostuksen ja korostaa br\u00e4ndi\u00e4, ja universaali koko sopii useimmille aikuisille. Helppo puhdistaa &#8211; suositeltu pesu 30 \u00b0C: ssa.t\u00e4ydellinen valinta yhdist\u00e4m\u00e4\u00e4n muodikkaan muotoilun ja kylm\u00e4suojan jokap\u00e4iv\u00e4isess\u00e4 el\u00e4m\u00e4ss\u00e4.<\/p>\n","protected":false},"excerpt":{"rendered":"<p>AIR JORDAN Red hat on monipuolinen mallil\u00e4mpim\u00e4 ja mukava talvi. Valmistettu pehme\u00e4st\u00e4 akryylist\u00e4, se tarjoaa l\u00e4mp\u00f6\u00e4 ja miellytt\u00e4v\u00e4n tunteen, kun sit\u00e4 k\u00e4ytet\u00e4\u00e4n. Laaja kirjonta lis\u00e4\u00e4 tyylikk\u00e4\u00e4n korostuksen ja korostaa br\u00e4ndi\u00e4, ja universaali koko sopii useimmille aikuisille. Helppo puhdistaa &#8211; suositeltu pesu 30 \u00b0C: ssa.t\u00e4ydellinen valinta yhdist\u00e4m\u00e4\u00e4n muodikkaan muotoilun ja kylm\u00e4suojan jokap\u00e4iv\u00e4isess\u00e4 el\u00e4m\u00e4ss\u00e4.<\/p>\n","protected":false},"featured_media":796366,"comment_status":"open","ping_status":"open","template":"","meta":[],"product_brand":[],"product_cat":[3383,3199,4448],"product_tag":[],"class_list":{"0":"post-796364","1":"product","2":"type-product","3":"status-publish","4":"has-post-thumbnail","6":"product_cat-nike-jordan","7":"product_cat-all-product","8":"product_cat-shapky","9":"pa_rozmir-one-size","11":"first","12":"instock","13":"purchasable","14":"product-type-simple"},"_links":{"self":[{"href":"https:\/\/nextsnkr.com\/fi\/wp-json\/wp\/v2\/product\/796364","targetHints":{"allow":["GET"]}}],"collection":[{"href":"https:\/\/nextsnkr.com\/fi\/wp-json\/wp\/v2\/product"}],"about":[{"href":"https:\/\/nextsnkr.com\/fi\/wp-json\/wp\/v2\/types\/product"}],"replies":[{"embeddable":true,"href":"https:\/\/nextsnkr.com\/fi\/wp-json\/wp\/v2\/comments?post=796364"}],"version-history":[{"count":0,"href":"https:\/\/nextsnkr.com\/fi\/wp-json\/wp\/v2\/product\/796364\/revisions"}],"wp:featuredmedia":[{"embeddable":true,"href":"https:\/\/nextsnkr.com\/fi\/wp-json\/wp\/v2\/media\/796366"}],"wp:attachment":[{"href":"https:\/\/nextsnkr.com\/fi\/wp-json\/wp\/v2\/media?parent=796364"}],"wp:term":[{"taxonomy":"product_brand","embeddable":true,"href":"https:\/\/nextsnkr.com\/fi\/wp-json\/wp\/v2\/product_brand?post=796364"},{"taxonomy":"product_cat","embeddable":true,"href":"https:\/\/nextsnkr.com\/fi\/wp-json\/wp\/v2\/product_cat?post=796364"},{"taxonomy":"product_tag","embeddable":true,"href":"https:\/\/nextsnkr.com\/fi\/wp-json\/wp\/v2\/product_tag?post=796364"}],"curies":[{"name":"wp","href":"https:\/\/api.w.org\/{rel}","templated":true}]}}