{"id":796266,"date":"2025-06-13T10:05:02","date_gmt":"2025-06-13T07:05:02","guid":{"rendered":"https:\/\/nextsnkr.com\/product\/3-xl-multicolour\/"},"modified":"2026-01-30T21:24:08","modified_gmt":"2026-01-30T18:24:08","slug":"3-xl-multicolour","status":"publish","type":"product","link":"https:\/\/nextsnkr.com\/fi\/tuote\/3-xl-multicolour\/","title":{"rendered":"3 XL moniv\u00e4riset tennarit-tyylikk\u00e4\u00e4t nahkaiset miesten juoksukeng\u00e4t"},"content":{"rendered":"<h2>3 XL moniv\u00e4riset tennarit-tyylikk\u00e4\u00e4t nahkaiset miesten juoksukeng\u00e4t<\/h2>\n<p>3 XL moniv\u00e4riset tennarit ovat kirkkaat ja modernit keng\u00e4t jokap\u00e4iv\u00e4iseen k\u00e4ytt\u00f6\u00f6n. Korkealaatuisesta nahasta valmistetut ne tarjoavat mukavuutta, kest\u00e4vyytt\u00e4 ja luotettavaa jalkatukea k\u00e4velyn tai ulkoilun aikana. Alkuper\u00e4inen moniv\u00e4rinen muotoilu korostaa yksil\u00f6llist\u00e4 tyyli\u00e4, ja kest\u00e4v\u00e4 pohja takaa kest\u00e4vyyden. Erinomainen valinta niille, jotka arvostavat laatua, mukavuutta ja trendik\u00e4st\u00e4 ilmett\u00e4.<\/p>\n","protected":false},"excerpt":{"rendered":"<p>3 XL moniv\u00e4riset tennarit ovat kirkkaat ja modernit keng\u00e4t jokap\u00e4iv\u00e4iseen k\u00e4ytt\u00f6\u00f6n. Korkealaatuisesta nahasta valmistetut ne tarjoavat mukavuutta, kest\u00e4vyytt\u00e4 ja luotettavaa jalkatukea k\u00e4velyn tai ulkoilun aikana. Alkuper\u00e4inen moniv\u00e4rinen muotoilu korostaa yksil\u00f6llist\u00e4 tyyli\u00e4, ja kest\u00e4v\u00e4 pohja takaa kest\u00e4vyyden. Erinomainen valinta niille, jotka arvostavat laatua, mukavuutta ja trendik\u00e4st\u00e4 ilmett\u00e4.<\/p>\n","protected":false},"featured_media":796268,"comment_status":"open","ping_status":"open","template":"","meta":[],"product_brand":[],"product_cat":[3199,3200],"product_tag":[],"class_list":{"0":"post-796266","1":"product","2":"type-product","3":"status-publish","4":"has-post-thumbnail","6":"product_cat-all-product","7":"product_cat-krosivky","8":"pa_rozmir-910","9":"pa_rozmir-912","10":"pa_rozmir-914","11":"pa_rozmir-915","12":"pa_rozmir-916","13":"pa_rozmir-917","14":"pa_rozmir-918","15":"pa_rozmir-919","16":"pa_rozmir-920","17":"pa_rozmir-921","18":"pa_rozmir-922","20":"first","21":"instock","22":"purchasable","23":"product-type-variable"},"_links":{"self":[{"href":"https:\/\/nextsnkr.com\/fi\/wp-json\/wp\/v2\/product\/796266","targetHints":{"allow":["GET"]}}],"collection":[{"href":"https:\/\/nextsnkr.com\/fi\/wp-json\/wp\/v2\/product"}],"about":[{"href":"https:\/\/nextsnkr.com\/fi\/wp-json\/wp\/v2\/types\/product"}],"replies":[{"embeddable":true,"href":"https:\/\/nextsnkr.com\/fi\/wp-json\/wp\/v2\/comments?post=796266"}],"version-history":[{"count":0,"href":"https:\/\/nextsnkr.com\/fi\/wp-json\/wp\/v2\/product\/796266\/revisions"}],"wp:featuredmedia":[{"embeddable":true,"href":"https:\/\/nextsnkr.com\/fi\/wp-json\/wp\/v2\/media\/796268"}],"wp:attachment":[{"href":"https:\/\/nextsnkr.com\/fi\/wp-json\/wp\/v2\/media?parent=796266"}],"wp:term":[{"taxonomy":"product_brand","embeddable":true,"href":"https:\/\/nextsnkr.com\/fi\/wp-json\/wp\/v2\/product_brand?post=796266"},{"taxonomy":"product_cat","embeddable":true,"href":"https:\/\/nextsnkr.com\/fi\/wp-json\/wp\/v2\/product_cat?post=796266"},{"taxonomy":"product_tag","embeddable":true,"href":"https:\/\/nextsnkr.com\/fi\/wp-json\/wp\/v2\/product_tag?post=796266"}],"curies":[{"name":"wp","href":"https:\/\/api.w.org\/{rel}","templated":true}]}}