{"id":796164,"date":"2025-06-17T22:48:15","date_gmt":"2025-06-17T19:48:15","guid":{"rendered":"https:\/\/nextsnkr.com\/product\/air-jordan-black\/"},"modified":"2026-01-30T21:23:44","modified_gmt":"2026-01-30T18:23:44","slug":"air-jordan-black","status":"publish","type":"product","link":"https:\/\/nextsnkr.com\/fi\/tuote\/air-jordan-black\/","title":{"rendered":"AIR JORDAN musta hattu &#8211; akryyli universaali kirjonta"},"content":{"rendered":"<h2>AIR JORDAN musta hattu &#8211; akryyli universaali kirjonta<\/h2>\n<p>AIR JORDAN Black hat on tyylik\u00e4s ja k\u00e4yt\u00e4nn\u00f6llinen lis\u00e4varuste kaikkina vuodenaikoina. Valmistettu korkealaatuisesta akryylist\u00e4, se tarjoaa l\u00e4mp\u00f6\u00e4 ja mukavuutta k\u00e4ytett\u00e4ess\u00e4. Br\u00e4ndin logon runsas kirjonta antaa modernin, urheilullisen ilmeen. Universaali koko sopii useimmille, jahoito on yksinkertaista-se voidaan pest\u00e4 30\u00b0C. Valitse AIR JORDAN Black tyylikk\u00e4\u00e4n ilmeen ja luotettavan suojakylm\u00e4lt\u00e4.<\/p>\n","protected":false},"excerpt":{"rendered":"<p>AIR JORDAN Black hat on tyylik\u00e4s ja k\u00e4yt\u00e4nn\u00f6llinen lis\u00e4varuste kaikkina vuodenaikoina. Valmistettu korkealaatuisesta akryylist\u00e4, se tarjoaa l\u00e4mp\u00f6\u00e4 ja mukavuutta k\u00e4ytett\u00e4ess\u00e4. Br\u00e4ndin logon runsas kirjonta antaa modernin, urheilullisen ilmeen. Universaali koko sopii useimmille, jahoito on yksinkertaista-se voidaan pest\u00e4 30\u00b0C. Valitse AIR JORDAN Black tyylikk\u00e4\u00e4n ilmeen ja luotettavan suojakylm\u00e4lt\u00e4.<\/p>\n","protected":false},"featured_media":796168,"comment_status":"open","ping_status":"open","template":"","meta":[],"product_brand":[],"product_cat":[3383,3199,4448],"product_tag":[],"class_list":{"0":"post-796164","1":"product","2":"type-product","3":"status-publish","4":"has-post-thumbnail","6":"product_cat-nike-jordan","7":"product_cat-all-product","8":"product_cat-shapky","9":"pa_rozmir-one-size","11":"first","12":"instock","13":"purchasable","14":"product-type-simple"},"_links":{"self":[{"href":"https:\/\/nextsnkr.com\/fi\/wp-json\/wp\/v2\/product\/796164","targetHints":{"allow":["GET"]}}],"collection":[{"href":"https:\/\/nextsnkr.com\/fi\/wp-json\/wp\/v2\/product"}],"about":[{"href":"https:\/\/nextsnkr.com\/fi\/wp-json\/wp\/v2\/types\/product"}],"replies":[{"embeddable":true,"href":"https:\/\/nextsnkr.com\/fi\/wp-json\/wp\/v2\/comments?post=796164"}],"version-history":[{"count":0,"href":"https:\/\/nextsnkr.com\/fi\/wp-json\/wp\/v2\/product\/796164\/revisions"}],"wp:featuredmedia":[{"embeddable":true,"href":"https:\/\/nextsnkr.com\/fi\/wp-json\/wp\/v2\/media\/796168"}],"wp:attachment":[{"href":"https:\/\/nextsnkr.com\/fi\/wp-json\/wp\/v2\/media?parent=796164"}],"wp:term":[{"taxonomy":"product_brand","embeddable":true,"href":"https:\/\/nextsnkr.com\/fi\/wp-json\/wp\/v2\/product_brand?post=796164"},{"taxonomy":"product_cat","embeddable":true,"href":"https:\/\/nextsnkr.com\/fi\/wp-json\/wp\/v2\/product_cat?post=796164"},{"taxonomy":"product_tag","embeddable":true,"href":"https:\/\/nextsnkr.com\/fi\/wp-json\/wp\/v2\/product_tag?post=796164"}],"curies":[{"name":"wp","href":"https:\/\/api.w.org\/{rel}","templated":true}]}}