{"id":795873,"date":"2025-06-13T10:06:04","date_gmt":"2025-06-13T07:06:04","guid":{"rendered":"https:\/\/nextsnkr.com\/product\/balenciaga-3xl-purple\/"},"modified":"2026-01-30T21:23:40","modified_gmt":"2026-01-30T18:23:40","slug":"balenciaga-3xl-purple","status":"publish","type":"product","link":"https:\/\/nextsnkr.com\/fi\/tuote\/balenciaga-3xl-purple\/","title":{"rendered":"Balenciaga 3XL Violetti lenkkarit alkuper\u00e4inen muotoilu tekstiili nahka"},"content":{"rendered":"<h2>Balenciaga 3XL Violetti lenkkarit alkuper\u00e4inen muotoilu tekstiili nahka<\/h2>\n<p>Balenciaga 3XL violetit lenkkarit edustavat tyyli\u00e4, mukavuutta ja tunnistettavaa premium-muotoilua. Malli on valmistettu tekstiilien ja nahan yhdistelm\u00e4st\u00e4, mik\u00e4 tarjoaa kest\u00e4vyytt\u00e4, keveytt\u00e4 ja mukavuutta p\u00e4ivitt\u00e4isess\u00e4 k\u00e4yt\u00f6ss\u00e4. Ilmeik\u00e4s violetti v\u00e4ri ja massiivinen siluetti tekev\u00e4t kengist\u00e4 mink\u00e4 tahansa ilmeen korostuksen. Valmistettu Kiinassa korkeilla standardeilla. Valitse Balenciaga lenkkarit-paras ratkaisu niille, jotka arvostavat laatua ja trendik\u00e4st\u00e4 tyyli\u00e4.<\/p>\n","protected":false},"excerpt":{"rendered":"<p>Balenciaga 3XL violetit lenkkarit edustavat tyyli\u00e4, mukavuutta ja tunnistettavaa premium-muotoilua. Malli on valmistettu tekstiilien ja nahan yhdistelm\u00e4st\u00e4, mik\u00e4 tarjoaa kest\u00e4vyytt\u00e4, keveytt\u00e4 ja mukavuutta p\u00e4ivitt\u00e4isess\u00e4 k\u00e4yt\u00f6ss\u00e4. Ilmeik\u00e4s violetti v\u00e4ri ja massiivinen siluetti tekev\u00e4t kengist\u00e4 mink\u00e4 tahansa ilmeen korostuksen. Valmistettu Kiinassa korkeilla standardeilla. Valitse Balenciaga lenkkarit-paras ratkaisu niille, jotka arvostavat laatua ja trendik\u00e4st\u00e4 tyyli\u00e4.<\/p>\n","protected":false},"featured_media":795874,"comment_status":"open","ping_status":"open","template":"","meta":[],"product_brand":[],"product_cat":[3199,3200],"product_tag":[],"class_list":{"0":"post-795873","1":"product","2":"type-product","3":"status-publish","4":"has-post-thumbnail","6":"product_cat-all-product","7":"product_cat-krosivky","8":"pa_rozmir-910","9":"pa_rozmir-912","10":"pa_rozmir-914","11":"pa_rozmir-915","12":"pa_rozmir-916","13":"pa_rozmir-917","14":"pa_rozmir-918","15":"pa_rozmir-919","16":"pa_rozmir-920","17":"pa_rozmir-921","18":"pa_rozmir-922","20":"first","21":"instock","22":"purchasable","23":"product-type-variable"},"_links":{"self":[{"href":"https:\/\/nextsnkr.com\/fi\/wp-json\/wp\/v2\/product\/795873","targetHints":{"allow":["GET"]}}],"collection":[{"href":"https:\/\/nextsnkr.com\/fi\/wp-json\/wp\/v2\/product"}],"about":[{"href":"https:\/\/nextsnkr.com\/fi\/wp-json\/wp\/v2\/types\/product"}],"replies":[{"embeddable":true,"href":"https:\/\/nextsnkr.com\/fi\/wp-json\/wp\/v2\/comments?post=795873"}],"version-history":[{"count":0,"href":"https:\/\/nextsnkr.com\/fi\/wp-json\/wp\/v2\/product\/795873\/revisions"}],"wp:featuredmedia":[{"embeddable":true,"href":"https:\/\/nextsnkr.com\/fi\/wp-json\/wp\/v2\/media\/795874"}],"wp:attachment":[{"href":"https:\/\/nextsnkr.com\/fi\/wp-json\/wp\/v2\/media?parent=795873"}],"wp:term":[{"taxonomy":"product_brand","embeddable":true,"href":"https:\/\/nextsnkr.com\/fi\/wp-json\/wp\/v2\/product_brand?post=795873"},{"taxonomy":"product_cat","embeddable":true,"href":"https:\/\/nextsnkr.com\/fi\/wp-json\/wp\/v2\/product_cat?post=795873"},{"taxonomy":"product_tag","embeddable":true,"href":"https:\/\/nextsnkr.com\/fi\/wp-json\/wp\/v2\/product_tag?post=795873"}],"curies":[{"name":"wp","href":"https:\/\/api.w.org\/{rel}","templated":true}]}}