{"id":795775,"date":"2025-06-17T22:48:32","date_gmt":"2025-06-17T19:48:32","guid":{"rendered":"https:\/\/nextsnkr.com\/product\/carhartt-red\/"},"modified":"2026-01-30T21:23:28","modified_gmt":"2026-01-30T18:23:28","slug":"carhartt-red","status":"publish","type":"product","link":"https:\/\/nextsnkr.com\/fi\/tuote\/carhartt-red\/","title":{"rendered":"Carhartt punainen hattu-akryyli, universaali koko, tyylik\u00e4s"},"content":{"rendered":"<h2>Carhartt punainen hattu-akryyli, universaali koko, tyylik\u00e4s<\/h2>\n<p>Carhartt punainen hattu on valmistettu korkealaatuisesta akryylist\u00e4, joka tarjoaa l\u00e4mp\u00f6\u00e4 ja mukavuutta kylm\u00e4ll\u00e4 s\u00e4\u00e4ll\u00e4. Yleiskokoinen malli sopii mihin tahansa p\u00e4\u00e4h\u00e4n, ja runsas kirjonta lis\u00e4\u00e4 tyylik\u00e4st\u00e4 korostusta lookiisi. helppohoitoinen-pesu sallittu 30 \u00b0C: ssa.ihanteellinen valinta p\u00e4ivitt\u00e4iseen k\u00e4ytt\u00f6\u00f6n, k\u00e4velyyn ja ulkoiluun, siin\u00e4 yhdistyv\u00e4t br\u00e4ndin laatu ja moderni muotoilu.<\/p>\n","protected":false},"excerpt":{"rendered":"<p>Carhartt punainen hattu on valmistettu korkealaatuisesta akryylist\u00e4, joka tarjoaa l\u00e4mp\u00f6\u00e4 ja mukavuutta kylm\u00e4ll\u00e4 s\u00e4\u00e4ll\u00e4. Yleiskokoinen malli sopii mihin tahansa p\u00e4\u00e4h\u00e4n, ja runsas kirjonta lis\u00e4\u00e4 tyylik\u00e4st\u00e4 korostusta lookiisi. helppohoitoinen-pesu sallittu 30 \u00b0C: ssa.ihanteellinen valinta p\u00e4ivitt\u00e4iseen k\u00e4ytt\u00f6\u00f6n, k\u00e4velyyn ja ulkoiluun, siin\u00e4 yhdistyv\u00e4t br\u00e4ndin laatu ja moderni muotoilu.<\/p>\n","protected":false},"featured_media":795777,"comment_status":"open","ping_status":"open","template":"","meta":[],"product_brand":[],"product_cat":[3199,4448],"product_tag":[],"class_list":{"0":"post-795775","1":"product","2":"type-product","3":"status-publish","4":"has-post-thumbnail","6":"product_cat-all-product","7":"product_cat-shapky","8":"pa_rozmir-one-size","10":"first","11":"instock","12":"purchasable","13":"product-type-simple"},"_links":{"self":[{"href":"https:\/\/nextsnkr.com\/fi\/wp-json\/wp\/v2\/product\/795775","targetHints":{"allow":["GET"]}}],"collection":[{"href":"https:\/\/nextsnkr.com\/fi\/wp-json\/wp\/v2\/product"}],"about":[{"href":"https:\/\/nextsnkr.com\/fi\/wp-json\/wp\/v2\/types\/product"}],"replies":[{"embeddable":true,"href":"https:\/\/nextsnkr.com\/fi\/wp-json\/wp\/v2\/comments?post=795775"}],"version-history":[{"count":0,"href":"https:\/\/nextsnkr.com\/fi\/wp-json\/wp\/v2\/product\/795775\/revisions"}],"wp:featuredmedia":[{"embeddable":true,"href":"https:\/\/nextsnkr.com\/fi\/wp-json\/wp\/v2\/media\/795777"}],"wp:attachment":[{"href":"https:\/\/nextsnkr.com\/fi\/wp-json\/wp\/v2\/media?parent=795775"}],"wp:term":[{"taxonomy":"product_brand","embeddable":true,"href":"https:\/\/nextsnkr.com\/fi\/wp-json\/wp\/v2\/product_brand?post=795775"},{"taxonomy":"product_cat","embeddable":true,"href":"https:\/\/nextsnkr.com\/fi\/wp-json\/wp\/v2\/product_cat?post=795775"},{"taxonomy":"product_tag","embeddable":true,"href":"https:\/\/nextsnkr.com\/fi\/wp-json\/wp\/v2\/product_tag?post=795775"}],"curies":[{"name":"wp","href":"https:\/\/api.w.org\/{rel}","templated":true}]}}