{"id":795580,"date":"2025-06-17T22:48:37","date_gmt":"2025-06-17T19:48:37","guid":{"rendered":"https:\/\/nextsnkr.com\/product\/nike-grey\/"},"modified":"2026-01-30T21:23:20","modified_gmt":"2026-01-30T18:23:20","slug":"nike-grey","status":"publish","type":"product","link":"https:\/\/nextsnkr.com\/fi\/tuote\/nike-grey\/","title":{"rendered":"Nike Grey hat on monipuolinen akryylihattu urheiluun ja jokap\u00e4iv\u00e4iseen k\u00e4ytt\u00f6\u00f6n"},"content":{"rendered":"<h2>Nike Grey hat on monipuolinen akryylihattu urheiluun ja jokap\u00e4iv\u00e4iseen k\u00e4ytt\u00f6\u00f6n<\/h2>\n<p>Nike harmaa hattu on valmistettu pehme\u00e4st\u00e4 akryylist\u00e4, joka tarjoaa l\u00e4mp\u00f6\u00e4 ja mukavuutta kylm\u00e4n\u00e4 vuodenaikana. Yleiskokoinen malli, jossa on laaja kirjonta, korostaa tyylik\u00e4st\u00e4 ilmett\u00e4 ja Nike-br\u00e4ndi\u00e4. Helppo puhdistaa-voidaan pest\u00e4 30\u00b0C: ssa.ihanteellinen valinta urheiluun, k\u00e4velyyn ja p\u00e4ivitt\u00e4iseen k\u00e4ytt\u00f6\u00f6n, siin\u00e4 yhdistyv\u00e4t k\u00e4yt\u00e4nn\u00f6llisyys ja moderni muotoilu, mik\u00e4 takaa kest\u00e4vyyden ja mukavuuden.<\/p>\n","protected":false},"excerpt":{"rendered":"<p>Nike harmaa hattu on valmistettu pehme\u00e4st\u00e4 akryylist\u00e4, joka tarjoaa l\u00e4mp\u00f6\u00e4 ja mukavuutta kylm\u00e4n\u00e4 vuodenaikana. Yleiskokoinen malli, jossa on laaja kirjonta, korostaa tyylik\u00e4st\u00e4 ilmett\u00e4 ja Nike-br\u00e4ndi\u00e4. Helppo puhdistaa-voidaan pest\u00e4 30\u00b0C: ssa.ihanteellinen valinta urheiluun, k\u00e4velyyn ja p\u00e4ivitt\u00e4iseen k\u00e4ytt\u00f6\u00f6n, siin\u00e4 yhdistyv\u00e4t k\u00e4yt\u00e4nn\u00f6llisyys ja moderni muotoilu, mik\u00e4 takaa kest\u00e4vyyden ja mukavuuden.<\/p>\n","protected":false},"featured_media":795584,"comment_status":"open","ping_status":"open","template":"","meta":[],"product_brand":[],"product_cat":[3199,4448],"product_tag":[],"class_list":{"0":"post-795580","1":"product","2":"type-product","3":"status-publish","4":"has-post-thumbnail","6":"product_cat-all-product","7":"product_cat-shapky","8":"pa_rozmir-one-size","10":"first","11":"instock","12":"purchasable","13":"product-type-simple"},"_links":{"self":[{"href":"https:\/\/nextsnkr.com\/fi\/wp-json\/wp\/v2\/product\/795580","targetHints":{"allow":["GET"]}}],"collection":[{"href":"https:\/\/nextsnkr.com\/fi\/wp-json\/wp\/v2\/product"}],"about":[{"href":"https:\/\/nextsnkr.com\/fi\/wp-json\/wp\/v2\/types\/product"}],"replies":[{"embeddable":true,"href":"https:\/\/nextsnkr.com\/fi\/wp-json\/wp\/v2\/comments?post=795580"}],"version-history":[{"count":0,"href":"https:\/\/nextsnkr.com\/fi\/wp-json\/wp\/v2\/product\/795580\/revisions"}],"wp:featuredmedia":[{"embeddable":true,"href":"https:\/\/nextsnkr.com\/fi\/wp-json\/wp\/v2\/media\/795584"}],"wp:attachment":[{"href":"https:\/\/nextsnkr.com\/fi\/wp-json\/wp\/v2\/media?parent=795580"}],"wp:term":[{"taxonomy":"product_brand","embeddable":true,"href":"https:\/\/nextsnkr.com\/fi\/wp-json\/wp\/v2\/product_brand?post=795580"},{"taxonomy":"product_cat","embeddable":true,"href":"https:\/\/nextsnkr.com\/fi\/wp-json\/wp\/v2\/product_cat?post=795580"},{"taxonomy":"product_tag","embeddable":true,"href":"https:\/\/nextsnkr.com\/fi\/wp-json\/wp\/v2\/product_tag?post=795580"}],"curies":[{"name":"wp","href":"https:\/\/api.w.org\/{rel}","templated":true}]}}