{"id":795283,"date":"2025-06-13T10:07:04","date_gmt":"2025-06-13T07:07:04","guid":{"rendered":"https:\/\/nextsnkr.com\/product\/runner-black\/"},"modified":"2026-01-30T21:23:16","modified_gmt":"2026-01-30T18:23:16","slug":"runner-black","status":"publish","type":"product","link":"https:\/\/nextsnkr.com\/fi\/tuote\/runner-black\/","title":{"rendered":"Runner mustat nahkaiset tennarit-tyyli\u00e4 ja mukavuutta jokaiseen p\u00e4iv\u00e4\u00e4n"},"content":{"rendered":"<h2>Runner mustat nahkaiset tennarit-tyyli\u00e4 ja mukavuutta jokaiseen p\u00e4iv\u00e4\u00e4n<\/h2>\n<p>Runner Mustat nahkalenkkarit ovat t\u00e4ydellinen valinta niille, jotka arvostavat luotettavuutta ja modernia tyyli\u00e4. Malli on valmistettu korkealaatuisesta aidosta nahasta, joka takaa kest\u00e4vyyden, mukavuuden ja mukavan istuvuuden. N\u00e4iss\u00e4 Kiinassa valmistetuissa lenkkareissa on tyylik\u00e4s musta muotoilu, joka sopii helposti mihin tahansa ulkoasuun. Musta juoksija sopii aktiiviseen jokap\u00e4iv\u00e4iseen k\u00e4ytt\u00f6\u00f6n ja siit\u00e4 tulee tyylik\u00e4s lis\u00e4 vaatekaappiisi.<\/p>\n","protected":false},"excerpt":{"rendered":"<p>Runner Mustat nahkalenkkarit ovat t\u00e4ydellinen valinta niille, jotka arvostavat luotettavuutta ja modernia tyyli\u00e4. Malli on valmistettu korkealaatuisesta aidosta nahasta, joka takaa kest\u00e4vyyden, mukavuuden ja mukavan istuvuuden. N\u00e4iss\u00e4 Kiinassa valmistetuissa lenkkareissa on tyylik\u00e4s musta muotoilu, joka sopii helposti mihin tahansa ulkoasuun. Musta juoksija sopii aktiiviseen jokap\u00e4iv\u00e4iseen k\u00e4ytt\u00f6\u00f6n ja siit\u00e4 tulee tyylik\u00e4s lis\u00e4 vaatekaappiisi.<\/p>\n","protected":false},"featured_media":795284,"comment_status":"open","ping_status":"open","template":"","meta":[],"product_brand":[],"product_cat":[3199,3200],"product_tag":[],"class_list":{"0":"post-795283","1":"product","2":"type-product","3":"status-publish","4":"has-post-thumbnail","6":"product_cat-all-product","7":"product_cat-krosivky","8":"pa_rozmir-910","9":"pa_rozmir-912","10":"pa_rozmir-914","11":"pa_rozmir-915","12":"pa_rozmir-916","13":"pa_rozmir-917","14":"pa_rozmir-918","15":"pa_rozmir-919","16":"pa_rozmir-920","17":"pa_rozmir-921","18":"pa_rozmir-922","20":"first","21":"instock","22":"purchasable","23":"product-type-variable"},"_links":{"self":[{"href":"https:\/\/nextsnkr.com\/fi\/wp-json\/wp\/v2\/product\/795283","targetHints":{"allow":["GET"]}}],"collection":[{"href":"https:\/\/nextsnkr.com\/fi\/wp-json\/wp\/v2\/product"}],"about":[{"href":"https:\/\/nextsnkr.com\/fi\/wp-json\/wp\/v2\/types\/product"}],"replies":[{"embeddable":true,"href":"https:\/\/nextsnkr.com\/fi\/wp-json\/wp\/v2\/comments?post=795283"}],"version-history":[{"count":0,"href":"https:\/\/nextsnkr.com\/fi\/wp-json\/wp\/v2\/product\/795283\/revisions"}],"wp:featuredmedia":[{"embeddable":true,"href":"https:\/\/nextsnkr.com\/fi\/wp-json\/wp\/v2\/media\/795284"}],"wp:attachment":[{"href":"https:\/\/nextsnkr.com\/fi\/wp-json\/wp\/v2\/media?parent=795283"}],"wp:term":[{"taxonomy":"product_brand","embeddable":true,"href":"https:\/\/nextsnkr.com\/fi\/wp-json\/wp\/v2\/product_brand?post=795283"},{"taxonomy":"product_cat","embeddable":true,"href":"https:\/\/nextsnkr.com\/fi\/wp-json\/wp\/v2\/product_cat?post=795283"},{"taxonomy":"product_tag","embeddable":true,"href":"https:\/\/nextsnkr.com\/fi\/wp-json\/wp\/v2\/product_tag?post=795283"}],"curies":[{"name":"wp","href":"https:\/\/api.w.org\/{rel}","templated":true}]}}