{"id":794888,"date":"2025-06-13T10:07:43","date_gmt":"2025-06-13T07:07:43","guid":{"rendered":"https:\/\/nextsnkr.com\/product\/3-xl-grey-silver\/"},"modified":"2026-01-30T21:22:48","modified_gmt":"2026-01-30T18:22:48","slug":"3-xl-grey-silver","status":"publish","type":"product","link":"https:\/\/nextsnkr.com\/fi\/tuote\/3-xl-grey-silver\/","title":{"rendered":"Tennarit 3 XL Harmaa \/ Hopea-tyylikk\u00e4\u00e4t nahka-ja tekstiililenkkarit"},"content":{"rendered":"<h2>Tennarit 3 XL Harmaa \/ Hopea-tyylikk\u00e4\u00e4t nahka-ja tekstiililenkkarit<\/h2>\n<p>3 XL Harmaa \/ Hopea lenkkarit ovat monipuolinen malli, joka on valmistettu aidon nahan ja kest\u00e4vien Tekstiilien yhdistelm\u00e4st\u00e4. Keng\u00e4t tarjoavat mukavuutta, turvallista jalan kiinnityst\u00e4 ja kest\u00e4vyytt\u00e4 p\u00e4ivitt\u00e4isess\u00e4 k\u00e4yt\u00f6ss\u00e4. Tyylik\u00e4s harmaa ja hopea muotoilu voidaan helposti yhdist\u00e4\u00e4 mihin tahansa urbaaniin ilmeeseen. N\u00e4m\u00e4 Kiinassa valmistetut lenkkarit ovat laadukkaita ja niill\u00e4 on optimaalinen hinta-laatusuhde. Ihanteellinen valinta aktiiviseen el\u00e4m\u00e4ntapaan.<\/p>\n","protected":false},"excerpt":{"rendered":"<p>3 XL Harmaa \/ Hopea lenkkarit ovat monipuolinen malli, joka on valmistettu aidon nahan ja kest\u00e4vien Tekstiilien yhdistelm\u00e4st\u00e4. Keng\u00e4t tarjoavat mukavuutta, turvallista jalan kiinnityst\u00e4 ja kest\u00e4vyytt\u00e4 p\u00e4ivitt\u00e4isess\u00e4 k\u00e4yt\u00f6ss\u00e4. Tyylik\u00e4s harmaa ja hopea muotoilu voidaan helposti yhdist\u00e4\u00e4 mihin tahansa urbaaniin ilmeeseen. N\u00e4m\u00e4 Kiinassa valmistetut lenkkarit ovat laadukkaita ja niill\u00e4 on optimaalinen hinta-laatusuhde. Ihanteellinen valinta aktiiviseen el\u00e4m\u00e4ntapaan.<\/p>\n","protected":false},"featured_media":794889,"comment_status":"open","ping_status":"open","template":"","meta":[],"product_brand":[],"product_cat":[3199,3200],"product_tag":[],"class_list":{"0":"post-794888","1":"product","2":"type-product","3":"status-publish","4":"has-post-thumbnail","6":"product_cat-all-product","7":"product_cat-krosivky","8":"pa_rozmir-910","9":"pa_rozmir-912","10":"pa_rozmir-914","11":"pa_rozmir-915","12":"pa_rozmir-916","13":"pa_rozmir-917","14":"pa_rozmir-918","15":"pa_rozmir-919","16":"pa_rozmir-920","17":"pa_rozmir-921","18":"pa_rozmir-922","20":"first","21":"onbackorder","22":"purchasable","23":"product-type-variable"},"_links":{"self":[{"href":"https:\/\/nextsnkr.com\/fi\/wp-json\/wp\/v2\/product\/794888","targetHints":{"allow":["GET"]}}],"collection":[{"href":"https:\/\/nextsnkr.com\/fi\/wp-json\/wp\/v2\/product"}],"about":[{"href":"https:\/\/nextsnkr.com\/fi\/wp-json\/wp\/v2\/types\/product"}],"replies":[{"embeddable":true,"href":"https:\/\/nextsnkr.com\/fi\/wp-json\/wp\/v2\/comments?post=794888"}],"version-history":[{"count":0,"href":"https:\/\/nextsnkr.com\/fi\/wp-json\/wp\/v2\/product\/794888\/revisions"}],"wp:featuredmedia":[{"embeddable":true,"href":"https:\/\/nextsnkr.com\/fi\/wp-json\/wp\/v2\/media\/794889"}],"wp:attachment":[{"href":"https:\/\/nextsnkr.com\/fi\/wp-json\/wp\/v2\/media?parent=794888"}],"wp:term":[{"taxonomy":"product_brand","embeddable":true,"href":"https:\/\/nextsnkr.com\/fi\/wp-json\/wp\/v2\/product_brand?post=794888"},{"taxonomy":"product_cat","embeddable":true,"href":"https:\/\/nextsnkr.com\/fi\/wp-json\/wp\/v2\/product_cat?post=794888"},{"taxonomy":"product_tag","embeddable":true,"href":"https:\/\/nextsnkr.com\/fi\/wp-json\/wp\/v2\/product_tag?post=794888"}],"curies":[{"name":"wp","href":"https:\/\/api.w.org\/{rel}","templated":true}]}}