{"id":794325,"date":"2025-06-13T10:08:46","date_gmt":"2025-06-13T07:08:46","guid":{"rendered":"https:\/\/nextsnkr.com\/product\/balenciaga-track-blue\/"},"modified":"2026-01-30T21:22:23","modified_gmt":"2026-01-30T18:22:23","slug":"balenciaga-track-blue","status":"publish","type":"product","link":"https:\/\/nextsnkr.com\/fi\/tuote\/balenciaga-track-blue\/","title":{"rendered":"Balenciaga Track Blue miesten juoksukeng\u00e4t-nahka, tyylik\u00e4s, premium"},"content":{"rendered":"<h2>Balenciaga Track Blue miesten juoksukeng\u00e4t-nahka, tyylik\u00e4s, premium<\/h2>\n<p>Balenciaga Track Blue-lenkkarit ovat yhdistelm\u00e4 ensiluokkaista nahkaa, modernia muotoilua ja korkeaa kest\u00e4vyytt\u00e4. Malli on suunniteltu p\u00e4ivitt\u00e4iseen mukavuuteen ja aktiiviseen el\u00e4m\u00e4ntapaan. Vahvistettu rakenne ja iskuja vaimentava ulkopohja takaavat luottamuksen jokaisessa vaiheessa. Tyylik\u00e4s sininen v\u00e4ri lis\u00e4\u00e4 kuvaan kirkkautta, ja Kiinan tuotannon laatu takaa pitk\u00e4n k\u00e4ytt\u00f6i\u00e4n. Valitse Balenciaga br\u00e4ndi n\u00e4ytt\u00e4v\u00e4n ilmeen ja luotettavuuden.<\/p>\n","protected":false},"excerpt":{"rendered":"<p>Balenciaga Track Blue-lenkkarit ovat yhdistelm\u00e4 ensiluokkaista nahkaa, modernia muotoilua ja korkeaa kest\u00e4vyytt\u00e4. Malli on suunniteltu p\u00e4ivitt\u00e4iseen mukavuuteen ja aktiiviseen el\u00e4m\u00e4ntapaan. Vahvistettu rakenne ja iskuja vaimentava ulkopohja takaavat luottamuksen jokaisessa vaiheessa. Tyylik\u00e4s sininen v\u00e4ri lis\u00e4\u00e4 kuvaan kirkkautta, ja Kiinan tuotannon laatu takaa pitk\u00e4n k\u00e4ytt\u00f6i\u00e4n. Valitse Balenciaga br\u00e4ndi n\u00e4ytt\u00e4v\u00e4n ilmeen ja luotettavuuden.<\/p>\n","protected":false},"featured_media":794326,"comment_status":"open","ping_status":"open","template":"","meta":[],"product_brand":[],"product_cat":[3199,3200],"product_tag":[],"class_list":{"0":"post-794325","1":"product","2":"type-product","3":"status-publish","4":"has-post-thumbnail","6":"product_cat-all-product","7":"product_cat-krosivky","8":"pa_rozmir-910","9":"pa_rozmir-912","10":"pa_rozmir-914","11":"pa_rozmir-915","12":"pa_rozmir-916","13":"pa_rozmir-917","14":"pa_rozmir-918","15":"pa_rozmir-919","16":"pa_rozmir-920","17":"pa_rozmir-921","18":"pa_rozmir-922","20":"first","21":"instock","22":"purchasable","23":"product-type-variable"},"_links":{"self":[{"href":"https:\/\/nextsnkr.com\/fi\/wp-json\/wp\/v2\/product\/794325","targetHints":{"allow":["GET"]}}],"collection":[{"href":"https:\/\/nextsnkr.com\/fi\/wp-json\/wp\/v2\/product"}],"about":[{"href":"https:\/\/nextsnkr.com\/fi\/wp-json\/wp\/v2\/types\/product"}],"replies":[{"embeddable":true,"href":"https:\/\/nextsnkr.com\/fi\/wp-json\/wp\/v2\/comments?post=794325"}],"version-history":[{"count":0,"href":"https:\/\/nextsnkr.com\/fi\/wp-json\/wp\/v2\/product\/794325\/revisions"}],"wp:featuredmedia":[{"embeddable":true,"href":"https:\/\/nextsnkr.com\/fi\/wp-json\/wp\/v2\/media\/794326"}],"wp:attachment":[{"href":"https:\/\/nextsnkr.com\/fi\/wp-json\/wp\/v2\/media?parent=794325"}],"wp:term":[{"taxonomy":"product_brand","embeddable":true,"href":"https:\/\/nextsnkr.com\/fi\/wp-json\/wp\/v2\/product_brand?post=794325"},{"taxonomy":"product_cat","embeddable":true,"href":"https:\/\/nextsnkr.com\/fi\/wp-json\/wp\/v2\/product_cat?post=794325"},{"taxonomy":"product_tag","embeddable":true,"href":"https:\/\/nextsnkr.com\/fi\/wp-json\/wp\/v2\/product_tag?post=794325"}],"curies":[{"name":"wp","href":"https:\/\/api.w.org\/{rel}","templated":true}]}}