{"id":793292,"date":"2025-06-13T10:11:32","date_gmt":"2025-06-13T07:11:32","guid":{"rendered":"https:\/\/nextsnkr.com\/product\/balenciaga-track-white-pink\/"},"modified":"2026-01-30T20:17:58","modified_gmt":"2026-01-30T17:17:58","slug":"balenciaga-track-white-pink","status":"publish","type":"product","link":"https:\/\/nextsnkr.com\/fi\/tuote\/balenciaga-track-white-pink\/","title":{"rendered":"Balenciaga Track valkoiset \/ vaaleanpunaiset nahkakeng\u00e4t-tyylikk\u00e4\u00e4t naisten lenkkarit"},"content":{"rendered":"<h2>Balenciaga Track valkoiset \/ vaaleanpunaiset nahkakeng\u00e4t-tyylikk\u00e4\u00e4t naisten lenkkarit<\/h2>\n<p>Balenciaga Track valkoiset \/ vaaleanpunaiset tennarit ovat yhdistelm\u00e4 ensiluokkaista muotoilua ja korkeaa mukavuutta. Malli on valmistettu nahasta, mik\u00e4 takaa kest\u00e4vyyden ja luotettavuuden p\u00e4ivitt\u00e4isess\u00e4 k\u00e4yt\u00f6ss\u00e4. Kevyt muotoilu ja mukava anatominen istuvuus tekev\u00e4t n\u00e4ist\u00e4 tennareista ihanteelliset kaupungin aktiiviseen tahtiin. Valmistettu Kiinassa nykyaikaisten standardien mukaisesti. Tyylik\u00e4s vaaleanpunainen ja valkoinen muotoilu korostaa yksil\u00f6llisyytt\u00e4 ja lis\u00e4\u00e4 kuvaan trendikkyytt\u00e4.<\/p>\n","protected":false},"excerpt":{"rendered":"<p>Balenciaga Track valkoiset \/ vaaleanpunaiset tennarit ovat yhdistelm\u00e4 ensiluokkaista muotoilua ja korkeaa mukavuutta. Malli on valmistettu nahasta, mik\u00e4 takaa kest\u00e4vyyden ja luotettavuuden p\u00e4ivitt\u00e4isess\u00e4 k\u00e4yt\u00f6ss\u00e4. Kevyt muotoilu ja mukava anatominen istuvuus tekev\u00e4t n\u00e4ist\u00e4 tennareista ihanteelliset kaupungin aktiiviseen tahtiin. Valmistettu Kiinassa nykyaikaisten standardien mukaisesti. Tyylik\u00e4s vaaleanpunainen ja valkoinen muotoilu korostaa yksil\u00f6llisyytt\u00e4 ja lis\u00e4\u00e4 kuvaan trendikkyytt\u00e4.<\/p>\n","protected":false},"featured_media":793293,"comment_status":"open","ping_status":"open","template":"","meta":[],"product_brand":[],"product_cat":[3199,3200],"product_tag":[],"class_list":{"0":"post-793292","1":"product","2":"type-product","3":"status-publish","4":"has-post-thumbnail","6":"product_cat-all-product","7":"product_cat-krosivky","8":"pa_rozmir-910","9":"pa_rozmir-912","10":"pa_rozmir-914","11":"pa_rozmir-915","12":"pa_rozmir-916","13":"pa_rozmir-917","14":"pa_rozmir-918","15":"pa_rozmir-919","16":"pa_rozmir-920","17":"pa_rozmir-921","18":"pa_rozmir-922","20":"first","21":"onbackorder","22":"purchasable","23":"product-type-variable"},"_links":{"self":[{"href":"https:\/\/nextsnkr.com\/fi\/wp-json\/wp\/v2\/product\/793292","targetHints":{"allow":["GET"]}}],"collection":[{"href":"https:\/\/nextsnkr.com\/fi\/wp-json\/wp\/v2\/product"}],"about":[{"href":"https:\/\/nextsnkr.com\/fi\/wp-json\/wp\/v2\/types\/product"}],"replies":[{"embeddable":true,"href":"https:\/\/nextsnkr.com\/fi\/wp-json\/wp\/v2\/comments?post=793292"}],"version-history":[{"count":0,"href":"https:\/\/nextsnkr.com\/fi\/wp-json\/wp\/v2\/product\/793292\/revisions"}],"wp:featuredmedia":[{"embeddable":true,"href":"https:\/\/nextsnkr.com\/fi\/wp-json\/wp\/v2\/media\/793293"}],"wp:attachment":[{"href":"https:\/\/nextsnkr.com\/fi\/wp-json\/wp\/v2\/media?parent=793292"}],"wp:term":[{"taxonomy":"product_brand","embeddable":true,"href":"https:\/\/nextsnkr.com\/fi\/wp-json\/wp\/v2\/product_brand?post=793292"},{"taxonomy":"product_cat","embeddable":true,"href":"https:\/\/nextsnkr.com\/fi\/wp-json\/wp\/v2\/product_cat?post=793292"},{"taxonomy":"product_tag","embeddable":true,"href":"https:\/\/nextsnkr.com\/fi\/wp-json\/wp\/v2\/product_tag?post=793292"}],"curies":[{"name":"wp","href":"https:\/\/api.w.org\/{rel}","templated":true}]}}