{"id":789553,"date":"2025-06-13T10:20:20","date_gmt":"2025-06-13T07:20:20","guid":{"rendered":"https:\/\/nextsnkr.com\/product\/530\/"},"modified":"2026-01-30T20:16:04","modified_gmt":"2026-01-30T17:16:04","slug":"530","status":"publish","type":"product","link":"https:\/\/nextsnkr.com\/fi\/tuote\/530\/","title":{"rendered":"Miesten juoksukeng\u00e4t 530 nahka ja tekstiilit-tyyli\u00e4 ja mukavuutta"},"content":{"rendered":"<h2>Miesten juoksukeng\u00e4t 530 nahka ja tekstiilit-tyyli\u00e4 ja mukavuutta<\/h2>\n<p>530-lenkkarit ovat monipuolinen malli, joka on luotu nahan ja Tekstiilien yhdistelm\u00e4st\u00e4 maksimaalisen mukavuuden ja kest\u00e4vyyden takaamiseksi. Materiaalit tarjoavat hyv\u00e4n ilmanvaihdon ja kest\u00e4vyyden, ja moderni muotoilu sopii jokap\u00e4iv\u00e4iseen k\u00e4ytt\u00f6\u00f6n. N\u00e4m\u00e4 Turkissa valmistetut lenkkarit ovat tunnettuja korkealaatuisesta r\u00e4\u00e4t\u00e4l\u00f6innist\u00e4\u00e4n ja luotettavuudestaan. T\u00e4ydellinen valinta aktiiviseen el\u00e4m\u00e4ntapaan.<\/p>\n","protected":false},"excerpt":{"rendered":"<p>530-lenkkarit ovat monipuolinen malli, joka on luotu nahan ja Tekstiilien yhdistelm\u00e4st\u00e4 maksimaalisen mukavuuden ja kest\u00e4vyyden takaamiseksi. Materiaalit tarjoavat hyv\u00e4n ilmanvaihdon ja kest\u00e4vyyden, ja moderni muotoilu sopii jokap\u00e4iv\u00e4iseen k\u00e4ytt\u00f6\u00f6n. N\u00e4m\u00e4 Turkissa valmistetut lenkkarit ovat tunnettuja korkealaatuisesta r\u00e4\u00e4t\u00e4l\u00f6innist\u00e4\u00e4n ja luotettavuudestaan. T\u00e4ydellinen valinta aktiiviseen el\u00e4m\u00e4ntapaan.<\/p>\n","protected":false},"featured_media":789554,"comment_status":"open","ping_status":"open","template":"","meta":[],"product_brand":[],"product_cat":[3199,3200],"product_tag":[],"class_list":{"0":"post-789553","1":"product","2":"type-product","3":"status-publish","4":"has-post-thumbnail","6":"product_cat-all-product","7":"product_cat-krosivky","8":"pa_rozmir-910","9":"pa_rozmir-912","10":"pa_rozmir-914","11":"pa_rozmir-915","12":"pa_rozmir-916","13":"pa_rozmir-917","14":"pa_rozmir-918","15":"pa_rozmir-919","16":"pa_rozmir-920","17":"pa_rozmir-921","18":"pa_rozmir-922","20":"first","21":"onbackorder","22":"purchasable","23":"product-type-variable"},"_links":{"self":[{"href":"https:\/\/nextsnkr.com\/fi\/wp-json\/wp\/v2\/product\/789553","targetHints":{"allow":["GET"]}}],"collection":[{"href":"https:\/\/nextsnkr.com\/fi\/wp-json\/wp\/v2\/product"}],"about":[{"href":"https:\/\/nextsnkr.com\/fi\/wp-json\/wp\/v2\/types\/product"}],"replies":[{"embeddable":true,"href":"https:\/\/nextsnkr.com\/fi\/wp-json\/wp\/v2\/comments?post=789553"}],"version-history":[{"count":0,"href":"https:\/\/nextsnkr.com\/fi\/wp-json\/wp\/v2\/product\/789553\/revisions"}],"wp:featuredmedia":[{"embeddable":true,"href":"https:\/\/nextsnkr.com\/fi\/wp-json\/wp\/v2\/media\/789554"}],"wp:attachment":[{"href":"https:\/\/nextsnkr.com\/fi\/wp-json\/wp\/v2\/media?parent=789553"}],"wp:term":[{"taxonomy":"product_brand","embeddable":true,"href":"https:\/\/nextsnkr.com\/fi\/wp-json\/wp\/v2\/product_brand?post=789553"},{"taxonomy":"product_cat","embeddable":true,"href":"https:\/\/nextsnkr.com\/fi\/wp-json\/wp\/v2\/product_cat?post=789553"},{"taxonomy":"product_tag","embeddable":true,"href":"https:\/\/nextsnkr.com\/fi\/wp-json\/wp\/v2\/product_tag?post=789553"}],"curies":[{"name":"wp","href":"https:\/\/api.w.org\/{rel}","templated":true}]}}