{"id":789213,"date":"2025-06-13T10:20:59","date_gmt":"2025-06-13T07:20:59","guid":{"rendered":"https:\/\/nextsnkr.com\/product\/ct302-white-blue-2\/"},"modified":"2026-01-30T20:15:54","modified_gmt":"2026-01-30T17:15:54","slug":"ct302-white-blue-2","status":"publish","type":"product","link":"https:\/\/nextsnkr.com\/fi\/tuote\/ct302-white-blue-2\/","title":{"rendered":"CT302 Valkoinen Sininen 2 lenkkarit-tyylikk\u00e4\u00e4t nahkalenkkarit valkoisena ja sinisen\u00e4"},"content":{"rendered":"<h2>CT302 Valkoinen Sininen 2 lenkkarit-tyylikk\u00e4\u00e4t nahkalenkkarit valkoisena ja sinisen\u00e4<\/h2>\n<p>CT302 White Blue 2-lenkkarit on valmistettu korkealaatuisesta nahasta, mik\u00e4 takaa kest\u00e4vyyden ja mukavuuden p\u00e4ivitt\u00e4isess\u00e4 k\u00e4yt\u00f6ss\u00e4. Valkoisen ja sinisen v\u00e4rien lakoninen yhdistelm\u00e4 tekee mallista monipuolisen ja modernin. Luotettavan kiinalaisen tuotannon ansiosta lenkkarit ovat kest\u00e4vi\u00e4 ja siististi r\u00e4\u00e4t\u00e4l\u00f6ityj\u00e4. T\u00e4ydellinen valinta niille, jotka etsiv\u00e4t tyylikk\u00e4it\u00e4 ja k\u00e4yt\u00e4nn\u00f6llisi\u00e4 kenki\u00e4 joka p\u00e4iv\u00e4.<\/p>\n","protected":false},"excerpt":{"rendered":"<p>CT302 White Blue 2-lenkkarit on valmistettu korkealaatuisesta nahasta, mik\u00e4 takaa kest\u00e4vyyden ja mukavuuden p\u00e4ivitt\u00e4isess\u00e4 k\u00e4yt\u00f6ss\u00e4. Valkoisen ja sinisen v\u00e4rien lakoninen yhdistelm\u00e4 tekee mallista monipuolisen ja modernin. Luotettavan kiinalaisen tuotannon ansiosta lenkkarit ovat kest\u00e4vi\u00e4 ja siististi r\u00e4\u00e4t\u00e4l\u00f6ityj\u00e4. T\u00e4ydellinen valinta niille, jotka etsiv\u00e4t tyylikk\u00e4it\u00e4 ja k\u00e4yt\u00e4nn\u00f6llisi\u00e4 kenki\u00e4 joka p\u00e4iv\u00e4.<\/p>\n","protected":false},"featured_media":789214,"comment_status":"open","ping_status":"open","template":"","meta":[],"product_brand":[],"product_cat":[3199,3318],"product_tag":[],"class_list":{"0":"post-789213","1":"product","2":"type-product","3":"status-publish","4":"has-post-thumbnail","6":"product_cat-all-product","7":"product_cat-kedy","8":"pa_rozmir-910","9":"pa_rozmir-912","10":"pa_rozmir-914","11":"pa_rozmir-915","12":"pa_rozmir-916","13":"pa_rozmir-917","14":"pa_rozmir-918","15":"pa_rozmir-919","16":"pa_rozmir-920","17":"pa_rozmir-921","18":"pa_rozmir-922","20":"first","21":"instock","22":"purchasable","23":"product-type-variable"},"_links":{"self":[{"href":"https:\/\/nextsnkr.com\/fi\/wp-json\/wp\/v2\/product\/789213","targetHints":{"allow":["GET"]}}],"collection":[{"href":"https:\/\/nextsnkr.com\/fi\/wp-json\/wp\/v2\/product"}],"about":[{"href":"https:\/\/nextsnkr.com\/fi\/wp-json\/wp\/v2\/types\/product"}],"replies":[{"embeddable":true,"href":"https:\/\/nextsnkr.com\/fi\/wp-json\/wp\/v2\/comments?post=789213"}],"version-history":[{"count":0,"href":"https:\/\/nextsnkr.com\/fi\/wp-json\/wp\/v2\/product\/789213\/revisions"}],"wp:featuredmedia":[{"embeddable":true,"href":"https:\/\/nextsnkr.com\/fi\/wp-json\/wp\/v2\/media\/789214"}],"wp:attachment":[{"href":"https:\/\/nextsnkr.com\/fi\/wp-json\/wp\/v2\/media?parent=789213"}],"wp:term":[{"taxonomy":"product_brand","embeddable":true,"href":"https:\/\/nextsnkr.com\/fi\/wp-json\/wp\/v2\/product_brand?post=789213"},{"taxonomy":"product_cat","embeddable":true,"href":"https:\/\/nextsnkr.com\/fi\/wp-json\/wp\/v2\/product_cat?post=789213"},{"taxonomy":"product_tag","embeddable":true,"href":"https:\/\/nextsnkr.com\/fi\/wp-json\/wp\/v2\/product_tag?post=789213"}],"curies":[{"name":"wp","href":"https:\/\/api.w.org\/{rel}","templated":true}]}}