{"id":787386,"date":"2025-06-13T10:24:20","date_gmt":"2025-06-13T07:24:20","guid":{"rendered":"https:\/\/nextsnkr.com\/product\/gazelle-bold-beige-green\/"},"modified":"2026-01-30T20:15:16","modified_gmt":"2026-01-30T17:15:16","slug":"gazelle-bold-beige-green","status":"publish","type":"product","link":"https:\/\/nextsnkr.com\/fi\/tuote\/gazelle-bold-beige-green\/","title":{"rendered":"Gazelle Bold Beige \/ vihre\u00e4t tennarit-tyylikk\u00e4\u00e4t mokkanahkaiset tennarit beige-Vihre\u00e4"},"content":{"rendered":"<h2>Gazelle Bold Beige \/ vihre\u00e4t tennarit-tyylikk\u00e4\u00e4t mokkanahkaiset tennarit beige-Vihre\u00e4<\/h2>\n<p>Gazelle Bold Beige \/ vihre\u00e4t tennarit ovat trendik\u00e4s malli, joka on valmistettu korkealaatuisesta mokkanahasta, jossa yhdistyv\u00e4t tyyli, mukavuus ja kest\u00e4vyys. Pehme\u00e4 mokkanahkainen P\u00e4\u00e4llinen tarjoaa miellytt\u00e4v\u00e4n tuntotuntuman ja turvallisen istuvuuden, kun taas beigen ja vihre\u00e4n kontrastinen yhdistelm\u00e4 tekee kengist\u00e4 silmiinpist\u00e4v\u00e4n korostuksen rennossa ulkoasussa. Kevyt pohja takaa mukavuuden pitkill\u00e4 k\u00e4velyill\u00e4. Ihanteellinen valinta aktiiviseen el\u00e4m\u00e4ntapaan ja modernien klassikoiden yst\u00e4ville.<\/p>\n","protected":false},"excerpt":{"rendered":"<p>Gazelle Bold Beige \/ vihre\u00e4t tennarit ovat trendik\u00e4s malli, joka on valmistettu korkealaatuisesta mokkanahasta, jossa yhdistyv\u00e4t tyyli, mukavuus ja kest\u00e4vyys. Pehme\u00e4 mokkanahkainen P\u00e4\u00e4llinen tarjoaa miellytt\u00e4v\u00e4n tuntotuntuman ja turvallisen istuvuuden, kun taas beigen ja vihre\u00e4n kontrastinen yhdistelm\u00e4 tekee kengist\u00e4 silmiinpist\u00e4v\u00e4n korostuksen rennossa ulkoasussa. Kevyt pohja takaa mukavuuden pitkill\u00e4 k\u00e4velyill\u00e4. Ihanteellinen valinta aktiiviseen el\u00e4m\u00e4ntapaan ja modernien klassikoiden yst\u00e4ville.<\/p>\n","protected":false},"featured_media":787387,"comment_status":"open","ping_status":"open","template":"","meta":[],"product_brand":[],"product_cat":[3199,3318],"product_tag":[],"class_list":{"0":"post-787386","1":"product","2":"type-product","3":"status-publish","4":"has-post-thumbnail","6":"product_cat-all-product","7":"product_cat-kedy","8":"pa_rozmir-910","9":"pa_rozmir-912","10":"pa_rozmir-914","11":"pa_rozmir-915","12":"pa_rozmir-916","13":"pa_rozmir-917","14":"pa_rozmir-918","15":"pa_rozmir-919","16":"pa_rozmir-920","17":"pa_rozmir-921","18":"pa_rozmir-922","20":"first","21":"onbackorder","22":"purchasable","23":"product-type-variable"},"_links":{"self":[{"href":"https:\/\/nextsnkr.com\/fi\/wp-json\/wp\/v2\/product\/787386","targetHints":{"allow":["GET"]}}],"collection":[{"href":"https:\/\/nextsnkr.com\/fi\/wp-json\/wp\/v2\/product"}],"about":[{"href":"https:\/\/nextsnkr.com\/fi\/wp-json\/wp\/v2\/types\/product"}],"replies":[{"embeddable":true,"href":"https:\/\/nextsnkr.com\/fi\/wp-json\/wp\/v2\/comments?post=787386"}],"version-history":[{"count":0,"href":"https:\/\/nextsnkr.com\/fi\/wp-json\/wp\/v2\/product\/787386\/revisions"}],"wp:featuredmedia":[{"embeddable":true,"href":"https:\/\/nextsnkr.com\/fi\/wp-json\/wp\/v2\/media\/787387"}],"wp:attachment":[{"href":"https:\/\/nextsnkr.com\/fi\/wp-json\/wp\/v2\/media?parent=787386"}],"wp:term":[{"taxonomy":"product_brand","embeddable":true,"href":"https:\/\/nextsnkr.com\/fi\/wp-json\/wp\/v2\/product_brand?post=787386"},{"taxonomy":"product_cat","embeddable":true,"href":"https:\/\/nextsnkr.com\/fi\/wp-json\/wp\/v2\/product_cat?post=787386"},{"taxonomy":"product_tag","embeddable":true,"href":"https:\/\/nextsnkr.com\/fi\/wp-json\/wp\/v2\/product_tag?post=787386"}],"curies":[{"name":"wp","href":"https:\/\/api.w.org\/{rel}","templated":true}]}}