{"id":782024,"date":"2025-06-13T10:33:33","date_gmt":"2025-06-13T07:33:33","guid":{"rendered":"https:\/\/nextsnkr.com\/product\/dr-martens-jadon-brown-the-creation-of-adam\/"},"modified":"2026-01-30T20:13:10","modified_gmt":"2026-01-30T17:13:10","slug":"dr-martens-jadon-brown-the-creation-of-adam","status":"publish","type":"product","link":"https:\/\/nextsnkr.com\/fi\/tuote\/dr-martens-jadon-brown-the-creation-of-adam\/","title":{"rendered":"Dr. Martens Jadon Brown Adam-nahkasaappaiden luominen"},"content":{"rendered":"<h2>Dr. Martens Jadon Brown Adam-nahkasaappaiden luominen<\/h2>\n<p>Dr. Martens Jadon Brown Adam-saappaat on valmistettu kest\u00e4v\u00e4st\u00e4 aidosta nahasta ja eristetty turkiksella, joka tarjoaa l\u00e4mp\u00f6\u00e4 ja mukavuutta kylm\u00e4n\u00e4 vuodenaikana. Alkuper\u00e4inen muotoilu teemalla painatuksella lis\u00e4\u00e4 malliin ainutlaatuisuutta ja ilmaisuvoimaa. Korkea pohja takaa vakauden ja kest\u00e4vyyden, kun taas klassinen Jadon-muotoilu takaa mukavan istuvuuden. T\u00e4ydellinen valinta niille, jotka haluavat yhdist\u00e4\u00e4 tyylin, k\u00e4yt\u00e4nn\u00f6llisyyden ja inspiroidun taidesuunnittelun. Valmistaja: Vietnam. Tuotetunnus (SKU): 1606914270-38714<\/p>\n","protected":false},"excerpt":{"rendered":"<p>Dr. Martens Jadon Brown Adam-saappaat on valmistettu kest\u00e4v\u00e4st\u00e4 aidosta nahasta ja eristetty turkiksella, joka tarjoaa l\u00e4mp\u00f6\u00e4 ja mukavuutta kylm\u00e4n\u00e4 vuodenaikana. Alkuper\u00e4inen muotoilu teemalla painatuksella lis\u00e4\u00e4 malliin ainutlaatuisuutta ja ilmaisuvoimaa. Korkea pohja takaa vakauden ja kest\u00e4vyyden, kun taas klassinen Jadon-muotoilu takaa mukavan istuvuuden. T\u00e4ydellinen valinta niille, jotka haluavat yhdist\u00e4\u00e4 tyylin, k\u00e4yt\u00e4nn\u00f6llisyyden ja inspiroidun taidesuunnittelun. Valmistaja: Vietnam. Tuotetunnus (SKU): 1606914270-38714<\/p>\n","protected":false},"featured_media":782025,"comment_status":"open","ping_status":"open","template":"","meta":[],"product_brand":[2398],"product_cat":[3616,3199,3331],"product_tag":[],"class_list":{"0":"post-782024","1":"product","2":"type-product","3":"status-publish","4":"has-post-thumbnail","6":"product_brand-dr-martens","7":"product_cat-dr-martens","8":"product_cat-all-product","9":"product_cat-cherevyky","10":"pa_rozmir-910","11":"pa_rozmir-912","12":"pa_rozmir-914","13":"pa_rozmir-915","14":"pa_rozmir-916","15":"pa_rozmir-917","16":"pa_rozmir-918","17":"pa_rozmir-919","18":"pa_rozmir-920","19":"pa_rozmir-921","20":"pa_rozmir-922","22":"first","23":"instock","24":"purchasable","25":"product-type-variable"},"_links":{"self":[{"href":"https:\/\/nextsnkr.com\/fi\/wp-json\/wp\/v2\/product\/782024","targetHints":{"allow":["GET"]}}],"collection":[{"href":"https:\/\/nextsnkr.com\/fi\/wp-json\/wp\/v2\/product"}],"about":[{"href":"https:\/\/nextsnkr.com\/fi\/wp-json\/wp\/v2\/types\/product"}],"replies":[{"embeddable":true,"href":"https:\/\/nextsnkr.com\/fi\/wp-json\/wp\/v2\/comments?post=782024"}],"version-history":[{"count":0,"href":"https:\/\/nextsnkr.com\/fi\/wp-json\/wp\/v2\/product\/782024\/revisions"}],"wp:featuredmedia":[{"embeddable":true,"href":"https:\/\/nextsnkr.com\/fi\/wp-json\/wp\/v2\/media\/782025"}],"wp:attachment":[{"href":"https:\/\/nextsnkr.com\/fi\/wp-json\/wp\/v2\/media?parent=782024"}],"wp:term":[{"taxonomy":"product_brand","embeddable":true,"href":"https:\/\/nextsnkr.com\/fi\/wp-json\/wp\/v2\/product_brand?post=782024"},{"taxonomy":"product_cat","embeddable":true,"href":"https:\/\/nextsnkr.com\/fi\/wp-json\/wp\/v2\/product_cat?post=782024"},{"taxonomy":"product_tag","embeddable":true,"href":"https:\/\/nextsnkr.com\/fi\/wp-json\/wp\/v2\/product_tag?post=782024"}],"curies":[{"name":"wp","href":"https:\/\/api.w.org\/{rel}","templated":true}]}}