{"id":781792,"date":"2025-06-13T10:33:54","date_gmt":"2025-06-13T07:33:54","guid":{"rendered":"https:\/\/nextsnkr.com\/product\/dr-martens-1460-patent-black\/"},"modified":"2026-01-30T20:13:06","modified_gmt":"2026-01-30T17:13:06","slug":"dr-martens-1460-patent-black","status":"publish","type":"product","link":"https:\/\/nextsnkr.com\/fi\/tuote\/dr-martens-1460-patent-black\/","title":{"rendered":"Dr. Martens Saappaat 1460 patentti Musta-kiiltonahkasaappaat"},"content":{"rendered":"<h2>Dr. Martens Saappaat 1460 patentti Musta-kiiltonahkasaappaat<\/h2>\n<p>Dr. Martens 1460 Patent Black-saappaat ovat ikoninen malli, joka on valmistettu korkealaatuisesta kiiltonahasta, joka antaa tyylikk\u00e4\u00e4n kiillon ja lis\u00e4\u00e4 kulutuskest\u00e4vyytt\u00e4. Vietnamissa valmistetuissa saappaissa on merkkipohja, jossa on pehmuste, kest\u00e4v\u00e4 ny\u00f6ritys ja mukava anatominen istuvuus. Ne sopivat sek\u00e4 rentoon ulkon\u00e4k\u00f6\u00f6n ett\u00e4 rohkeampiin tyylityksiin. Dr. Martens 1460 on t\u00e4ydellinen valinta niille, jotka arvostavat laatua, aitoutta ja kest\u00e4vyytt\u00e4.<\/p>\n","protected":false},"excerpt":{"rendered":"<p>Dr. Martens 1460 Patent Black-saappaat ovat ikoninen malli, joka on valmistettu korkealaatuisesta kiiltonahasta, joka antaa tyylikk\u00e4\u00e4n kiillon ja lis\u00e4\u00e4 kulutuskest\u00e4vyytt\u00e4. Vietnamissa valmistetuissa saappaissa on merkkipohja, jossa on pehmuste, kest\u00e4v\u00e4 ny\u00f6ritys ja mukava anatominen istuvuus. Ne sopivat sek\u00e4 rentoon ulkon\u00e4k\u00f6\u00f6n ett\u00e4 rohkeampiin tyylityksiin. Dr. Martens 1460 on t\u00e4ydellinen valinta niille, jotka arvostavat laatua, aitoutta ja kest\u00e4vyytt\u00e4.<\/p>\n","protected":false},"featured_media":781793,"comment_status":"open","ping_status":"open","template":"","meta":[],"product_brand":[2398],"product_cat":[3616,3199,3331],"product_tag":[],"class_list":{"0":"post-781792","1":"product","2":"type-product","3":"status-publish","4":"has-post-thumbnail","6":"product_brand-dr-martens","7":"product_cat-dr-martens","8":"product_cat-all-product","9":"product_cat-cherevyky","10":"pa_rozmir-910","11":"pa_rozmir-912","12":"pa_rozmir-914","13":"pa_rozmir-915","14":"pa_rozmir-916","15":"pa_rozmir-917","16":"pa_rozmir-918","17":"pa_rozmir-919","18":"pa_rozmir-920","19":"pa_rozmir-921","20":"pa_rozmir-922","22":"first","23":"instock","24":"purchasable","25":"product-type-variable"},"_links":{"self":[{"href":"https:\/\/nextsnkr.com\/fi\/wp-json\/wp\/v2\/product\/781792","targetHints":{"allow":["GET"]}}],"collection":[{"href":"https:\/\/nextsnkr.com\/fi\/wp-json\/wp\/v2\/product"}],"about":[{"href":"https:\/\/nextsnkr.com\/fi\/wp-json\/wp\/v2\/types\/product"}],"replies":[{"embeddable":true,"href":"https:\/\/nextsnkr.com\/fi\/wp-json\/wp\/v2\/comments?post=781792"}],"version-history":[{"count":0,"href":"https:\/\/nextsnkr.com\/fi\/wp-json\/wp\/v2\/product\/781792\/revisions"}],"wp:featuredmedia":[{"embeddable":true,"href":"https:\/\/nextsnkr.com\/fi\/wp-json\/wp\/v2\/media\/781793"}],"wp:attachment":[{"href":"https:\/\/nextsnkr.com\/fi\/wp-json\/wp\/v2\/media?parent=781792"}],"wp:term":[{"taxonomy":"product_brand","embeddable":true,"href":"https:\/\/nextsnkr.com\/fi\/wp-json\/wp\/v2\/product_brand?post=781792"},{"taxonomy":"product_cat","embeddable":true,"href":"https:\/\/nextsnkr.com\/fi\/wp-json\/wp\/v2\/product_cat?post=781792"},{"taxonomy":"product_tag","embeddable":true,"href":"https:\/\/nextsnkr.com\/fi\/wp-json\/wp\/v2\/product_tag?post=781792"}],"curies":[{"name":"wp","href":"https:\/\/api.w.org\/{rel}","templated":true}]}}