{"id":781031,"date":"2025-06-13T10:35:25","date_gmt":"2025-06-13T07:35:25","guid":{"rendered":"https:\/\/nextsnkr.com\/product\/adidas-ozweego-blue\/"},"modified":"2026-01-30T20:12:48","modified_gmt":"2026-01-30T17:12:48","slug":"adidas-ozweego-blue-2","status":"publish","type":"product","link":"https:\/\/nextsnkr.com\/fi\/tuote\/adidas-ozweego-blue-2\/","title":{"rendered":"Adidas Ozweego Blue sneakers-tyylikk\u00e4\u00e4t nahka-ja tekstiililenkkarit"},"content":{"rendered":"<h2>Adidas Ozweego Blue sneakers-tyylikk\u00e4\u00e4t nahka-ja tekstiililenkkarit<\/h2>\n<p>Adidas Ozweego Blue-lenkkarit on valmistettu aidon nahan ja kest\u00e4vien Tekstiilien yhdistelm\u00e4st\u00e4, mik\u00e4 tarjoaa mukavuutta, kest\u00e4vyytt\u00e4 ja tyylikk\u00e4\u00e4n ilmeen. Malli on ihanteellinen p\u00e4ivitt\u00e4iseen k\u00e4ytt\u00f6\u00f6n ja aktiiviseen kaupunkiel\u00e4m\u00e4\u00e4n, ja se tarjoaa luotettavan jalkatuen ja pehmusteen liikkeen aikana. N\u00e4m\u00e4 Vietnamissa valmistetut lenkkarit ovat korkealaatuisia ja niiss\u00e4 on eloisa sininen muotoilu, joka korostaa yksil\u00f6llisyytt\u00e4 ja modernia tyyli\u00e4.<\/p>\n","protected":false},"excerpt":{"rendered":"<p>Adidas Ozweego Blue-lenkkarit on valmistettu aidon nahan ja kest\u00e4vien Tekstiilien yhdistelm\u00e4st\u00e4, mik\u00e4 tarjoaa mukavuutta, kest\u00e4vyytt\u00e4 ja tyylikk\u00e4\u00e4n ilmeen. Malli on ihanteellinen p\u00e4ivitt\u00e4iseen k\u00e4ytt\u00f6\u00f6n ja aktiiviseen kaupunkiel\u00e4m\u00e4\u00e4n, ja se tarjoaa luotettavan jalkatuen ja pehmusteen liikkeen aikana. N\u00e4m\u00e4 Vietnamissa valmistetut lenkkarit ovat korkealaatuisia ja niiss\u00e4 on eloisa sininen muotoilu, joka korostaa yksil\u00f6llisyytt\u00e4 ja modernia tyyli\u00e4.<\/p>\n","protected":false},"featured_media":781032,"comment_status":"open","ping_status":"open","template":"","meta":[],"product_brand":[],"product_cat":[3199,3200],"product_tag":[],"class_list":{"0":"post-781031","1":"product","2":"type-product","3":"status-publish","4":"has-post-thumbnail","6":"product_cat-all-product","7":"product_cat-krosivky","8":"pa_rozmir-910","9":"pa_rozmir-912","10":"pa_rozmir-914","11":"pa_rozmir-915","12":"pa_rozmir-916","13":"pa_rozmir-917","14":"pa_rozmir-918","15":"pa_rozmir-919","16":"pa_rozmir-920","17":"pa_rozmir-921","18":"pa_rozmir-922","20":"first","21":"instock","22":"purchasable","23":"product-type-variable"},"_links":{"self":[{"href":"https:\/\/nextsnkr.com\/fi\/wp-json\/wp\/v2\/product\/781031","targetHints":{"allow":["GET"]}}],"collection":[{"href":"https:\/\/nextsnkr.com\/fi\/wp-json\/wp\/v2\/product"}],"about":[{"href":"https:\/\/nextsnkr.com\/fi\/wp-json\/wp\/v2\/types\/product"}],"replies":[{"embeddable":true,"href":"https:\/\/nextsnkr.com\/fi\/wp-json\/wp\/v2\/comments?post=781031"}],"version-history":[{"count":0,"href":"https:\/\/nextsnkr.com\/fi\/wp-json\/wp\/v2\/product\/781031\/revisions"}],"wp:featuredmedia":[{"embeddable":true,"href":"https:\/\/nextsnkr.com\/fi\/wp-json\/wp\/v2\/media\/781032"}],"wp:attachment":[{"href":"https:\/\/nextsnkr.com\/fi\/wp-json\/wp\/v2\/media?parent=781031"}],"wp:term":[{"taxonomy":"product_brand","embeddable":true,"href":"https:\/\/nextsnkr.com\/fi\/wp-json\/wp\/v2\/product_brand?post=781031"},{"taxonomy":"product_cat","embeddable":true,"href":"https:\/\/nextsnkr.com\/fi\/wp-json\/wp\/v2\/product_cat?post=781031"},{"taxonomy":"product_tag","embeddable":true,"href":"https:\/\/nextsnkr.com\/fi\/wp-json\/wp\/v2\/product_tag?post=781031"}],"curies":[{"name":"wp","href":"https:\/\/api.w.org\/{rel}","templated":true}]}}