{"id":779356,"date":"2025-06-13T10:38:25","date_gmt":"2025-06-13T07:38:25","guid":{"rendered":"https:\/\/nextsnkr.com\/product\/adidas-ozweego-bordo-blue-2\/"},"modified":"2026-01-30T20:12:27","modified_gmt":"2026-01-30T17:12:27","slug":"adidas-ozweego-bordo-blue-2","status":"publish","type":"product","link":"https:\/\/nextsnkr.com\/fi\/tuote\/adidas-ozweego-bordo-blue-2\/","title":{"rendered":"Adidas ozweego Bordo siniset lenkkarit-mokkanahka-tyylik\u00e4s Tekstiili"},"content":{"rendered":"<h2>Adidas ozweego Bordo siniset lenkkarit-mokkanahka-tyylik\u00e4s Tekstiili<\/h2>\n<p>Adidas Ozweego Bordo Blue-tennareissa yhdistyv\u00e4t mokka ja tekstiilit mukavuuden ja kest\u00e4vyyden takaamiseksi. Adidas-tuotemerkin mallissa on moderni muotoilu, mukava istuvuus ja vakaa pohja, joka on ihanteellinen p\u00e4ivitt\u00e4iseen k\u00e4ytt\u00f6\u00f6n ja ulkoiluun. Kastanjanruskeat ja siniset aksentit lis\u00e4\u00e4v\u00e4t tyyli\u00e4 ja persoonallisuutta. Luotettavat materiaalit ja merkkilaatu takaavat k\u00e4ytt\u00f6mukavuuden ja pitk\u00e4aikaisen k\u00e4yt\u00f6n.<\/p>\n","protected":false},"excerpt":{"rendered":"<p>Adidas Ozweego Bordo Blue-tennareissa yhdistyv\u00e4t mokka ja tekstiilit mukavuuden ja kest\u00e4vyyden takaamiseksi. Adidas-tuotemerkin mallissa on moderni muotoilu, mukava istuvuus ja vakaa pohja, joka on ihanteellinen p\u00e4ivitt\u00e4iseen k\u00e4ytt\u00f6\u00f6n ja ulkoiluun. Kastanjanruskeat ja siniset aksentit lis\u00e4\u00e4v\u00e4t tyyli\u00e4 ja persoonallisuutta. Luotettavat materiaalit ja merkkilaatu takaavat k\u00e4ytt\u00f6mukavuuden ja pitk\u00e4aikaisen k\u00e4yt\u00f6n.<\/p>\n","protected":false},"featured_media":779354,"comment_status":"open","ping_status":"open","template":"","meta":[],"product_brand":[],"product_cat":[],"product_tag":[],"class_list":{"0":"post-779356","1":"product","2":"type-product","3":"status-publish","4":"has-post-thumbnail","6":"pa_rozmir-910","7":"pa_rozmir-912","8":"pa_rozmir-914","9":"pa_rozmir-915","10":"pa_rozmir-916","11":"pa_rozmir-917","12":"pa_rozmir-918","13":"pa_rozmir-919","14":"pa_rozmir-920","15":"pa_rozmir-921","16":"pa_rozmir-922","18":"first","19":"instock","20":"purchasable","21":"product-type-variable"},"_links":{"self":[{"href":"https:\/\/nextsnkr.com\/fi\/wp-json\/wp\/v2\/product\/779356","targetHints":{"allow":["GET"]}}],"collection":[{"href":"https:\/\/nextsnkr.com\/fi\/wp-json\/wp\/v2\/product"}],"about":[{"href":"https:\/\/nextsnkr.com\/fi\/wp-json\/wp\/v2\/types\/product"}],"replies":[{"embeddable":true,"href":"https:\/\/nextsnkr.com\/fi\/wp-json\/wp\/v2\/comments?post=779356"}],"version-history":[{"count":0,"href":"https:\/\/nextsnkr.com\/fi\/wp-json\/wp\/v2\/product\/779356\/revisions"}],"wp:featuredmedia":[{"embeddable":true,"href":"https:\/\/nextsnkr.com\/fi\/wp-json\/wp\/v2\/media\/779354"}],"wp:attachment":[{"href":"https:\/\/nextsnkr.com\/fi\/wp-json\/wp\/v2\/media?parent=779356"}],"wp:term":[{"taxonomy":"product_brand","embeddable":true,"href":"https:\/\/nextsnkr.com\/fi\/wp-json\/wp\/v2\/product_brand?post=779356"},{"taxonomy":"product_cat","embeddable":true,"href":"https:\/\/nextsnkr.com\/fi\/wp-json\/wp\/v2\/product_cat?post=779356"},{"taxonomy":"product_tag","embeddable":true,"href":"https:\/\/nextsnkr.com\/fi\/wp-json\/wp\/v2\/product_tag?post=779356"}],"curies":[{"name":"wp","href":"https:\/\/api.w.org\/{rel}","templated":true}]}}