{"id":775928,"date":"2025-06-13T10:45:52","date_gmt":"2025-06-13T07:45:52","guid":{"rendered":"https:\/\/nextsnkr.com\/product\/nike-air-force-107-lv8-ultra-white-2\/"},"modified":"2026-01-30T20:11:11","modified_gmt":"2026-01-30T17:11:11","slug":"nike-air-force-107-lv8-ultra-white-2","status":"publish","type":"product","link":"https:\/\/nextsnkr.com\/fi\/tuote\/nike-air-force-107-lv8-ultra-white-2\/","title":{"rendered":"Nike Air Force 1 &#8217; 07 LV8 Ultra White sneakers-tyylikk\u00e4\u00e4t nahkakeng\u00e4t"},"content":{"rendered":"<h2>Nike Air Force 1 &#8217; 07 LV8 Ultra White sneakers-tyylikk\u00e4\u00e4t nahkakeng\u00e4t<\/h2>\n<p>Nike Air Force 1 &#8217; 07 LV8 Ultra White tennarit on valmistettu aidosta nahasta, joka tarjoaa mukavuutta, voimaa ja kest\u00e4vyytt\u00e4. Klassinen valkoinen muotoilu korostaa tyyli\u00e4 ja monipuolisuutta, sopii p\u00e4ivitt\u00e4iseen k\u00e4ytt\u00f6\u00f6n ja aktiiviseen kaupunkiel\u00e4m\u00e4\u00e4n. Vietnamilainen malli yhdist\u00e4\u00e4 Air Force 1: n legendaarisen siluetin moderneihin yksityiskohtiin, tarjoten luotettavan iskunvaimennuksen ja mukavan istuvuuden. T\u00e4ydellinen valinta niille, jotka arvostavat br\u00e4ndi\u00e4, laatua ja tyyli\u00e4.<\/p>\n","protected":false},"excerpt":{"rendered":"<p>Nike Air Force 1 &#8217; 07 LV8 Ultra White tennarit on valmistettu aidosta nahasta, joka tarjoaa mukavuutta, voimaa ja kest\u00e4vyytt\u00e4. Klassinen valkoinen muotoilu korostaa tyyli\u00e4 ja monipuolisuutta, sopii p\u00e4ivitt\u00e4iseen k\u00e4ytt\u00f6\u00f6n ja aktiiviseen kaupunkiel\u00e4m\u00e4\u00e4n. Vietnamilainen malli yhdist\u00e4\u00e4 Air Force 1: n legendaarisen siluetin moderneihin yksityiskohtiin, tarjoten luotettavan iskunvaimennuksen ja mukavan istuvuuden. T\u00e4ydellinen valinta niille, jotka arvostavat br\u00e4ndi\u00e4, laatua ja tyyli\u00e4.<\/p>\n","protected":false},"featured_media":775929,"comment_status":"open","ping_status":"open","template":"","meta":[],"product_brand":[],"product_cat":[3199,3318],"product_tag":[],"class_list":{"0":"post-775928","1":"product","2":"type-product","3":"status-publish","4":"has-post-thumbnail","6":"product_cat-all-product","7":"product_cat-kedy","8":"pa_rozmir-910","9":"pa_rozmir-912","10":"pa_rozmir-914","11":"pa_rozmir-915","12":"pa_rozmir-916","13":"pa_rozmir-917","14":"pa_rozmir-918","15":"pa_rozmir-919","16":"pa_rozmir-920","17":"pa_rozmir-921","18":"pa_rozmir-922","20":"first","21":"instock","22":"purchasable","23":"product-type-variable"},"_links":{"self":[{"href":"https:\/\/nextsnkr.com\/fi\/wp-json\/wp\/v2\/product\/775928","targetHints":{"allow":["GET"]}}],"collection":[{"href":"https:\/\/nextsnkr.com\/fi\/wp-json\/wp\/v2\/product"}],"about":[{"href":"https:\/\/nextsnkr.com\/fi\/wp-json\/wp\/v2\/types\/product"}],"replies":[{"embeddable":true,"href":"https:\/\/nextsnkr.com\/fi\/wp-json\/wp\/v2\/comments?post=775928"}],"version-history":[{"count":0,"href":"https:\/\/nextsnkr.com\/fi\/wp-json\/wp\/v2\/product\/775928\/revisions"}],"wp:featuredmedia":[{"embeddable":true,"href":"https:\/\/nextsnkr.com\/fi\/wp-json\/wp\/v2\/media\/775929"}],"wp:attachment":[{"href":"https:\/\/nextsnkr.com\/fi\/wp-json\/wp\/v2\/media?parent=775928"}],"wp:term":[{"taxonomy":"product_brand","embeddable":true,"href":"https:\/\/nextsnkr.com\/fi\/wp-json\/wp\/v2\/product_brand?post=775928"},{"taxonomy":"product_cat","embeddable":true,"href":"https:\/\/nextsnkr.com\/fi\/wp-json\/wp\/v2\/product_cat?post=775928"},{"taxonomy":"product_tag","embeddable":true,"href":"https:\/\/nextsnkr.com\/fi\/wp-json\/wp\/v2\/product_tag?post=775928"}],"curies":[{"name":"wp","href":"https:\/\/api.w.org\/{rel}","templated":true}]}}