{"id":774064,"date":"2025-06-13T10:52:18","date_gmt":"2025-06-13T07:52:18","guid":{"rendered":"https:\/\/nextsnkr.com\/product\/nike-air-force-shadow-beige\/"},"modified":"2026-01-30T20:10:23","modified_gmt":"2026-01-30T17:10:23","slug":"nike-air-force-shadow-beige-2","status":"publish","type":"product","link":"https:\/\/nextsnkr.com\/fi\/tuote\/nike-air-force-shadow-beige-2\/","title":{"rendered":"Nike Air Force Shadow beige nahka lenkkarit-tyyli\u00e4 ja mukavuutta p\u00e4ivitt\u00e4in"},"content":{"rendered":"<h2>Nike Air Force Shadow beige nahka lenkkarit-tyyli\u00e4 ja mukavuutta p\u00e4ivitt\u00e4in<\/h2>\n<p>Nike Air Force Shadow beige-nahkalenkkareissa yhdistyv\u00e4t kest\u00e4vyys, mukavuus ja moderni muotoilu. Malli tarjoaa mukavan istuvuuden, kest\u00e4v\u00e4n materiaalin ja tyylikk\u00e4\u00e4n beigen s\u00e4vyn, joka sopii mihin tahansa ilmeeseen. Ihanteellinen aktiiviseen el\u00e4m\u00e4ntapaan ja p\u00e4ivitt\u00e4iseen k\u00e4ytt\u00f6\u00f6n. Valitse Nike Air Force Shadow-trendik\u00e4s ilme, nahan laatu ja luotettavuus jokaisessa vaiheessa.<\/p>\n","protected":false},"excerpt":{"rendered":"<p>Nike Air Force Shadow beige-nahkalenkkareissa yhdistyv\u00e4t kest\u00e4vyys, mukavuus ja moderni muotoilu. Malli tarjoaa mukavan istuvuuden, kest\u00e4v\u00e4n materiaalin ja tyylikk\u00e4\u00e4n beigen s\u00e4vyn, joka sopii mihin tahansa ilmeeseen. Ihanteellinen aktiiviseen el\u00e4m\u00e4ntapaan ja p\u00e4ivitt\u00e4iseen k\u00e4ytt\u00f6\u00f6n. Valitse Nike Air Force Shadow-trendik\u00e4s ilme, nahan laatu ja luotettavuus jokaisessa vaiheessa.<\/p>\n","protected":false},"featured_media":774065,"comment_status":"open","ping_status":"open","template":"","meta":[],"product_brand":[],"product_cat":[3199,3318],"product_tag":[],"class_list":{"0":"post-774064","1":"product","2":"type-product","3":"status-publish","4":"has-post-thumbnail","6":"product_cat-all-product","7":"product_cat-kedy","8":"pa_rozmir-910","9":"pa_rozmir-912","10":"pa_rozmir-914","11":"pa_rozmir-915","12":"pa_rozmir-916","13":"pa_rozmir-917","14":"pa_rozmir-918","15":"pa_rozmir-919","16":"pa_rozmir-920","17":"pa_rozmir-921","18":"pa_rozmir-922","20":"first","21":"instock","22":"purchasable","23":"product-type-variable"},"_links":{"self":[{"href":"https:\/\/nextsnkr.com\/fi\/wp-json\/wp\/v2\/product\/774064","targetHints":{"allow":["GET"]}}],"collection":[{"href":"https:\/\/nextsnkr.com\/fi\/wp-json\/wp\/v2\/product"}],"about":[{"href":"https:\/\/nextsnkr.com\/fi\/wp-json\/wp\/v2\/types\/product"}],"replies":[{"embeddable":true,"href":"https:\/\/nextsnkr.com\/fi\/wp-json\/wp\/v2\/comments?post=774064"}],"version-history":[{"count":0,"href":"https:\/\/nextsnkr.com\/fi\/wp-json\/wp\/v2\/product\/774064\/revisions"}],"wp:featuredmedia":[{"embeddable":true,"href":"https:\/\/nextsnkr.com\/fi\/wp-json\/wp\/v2\/media\/774065"}],"wp:attachment":[{"href":"https:\/\/nextsnkr.com\/fi\/wp-json\/wp\/v2\/media?parent=774064"}],"wp:term":[{"taxonomy":"product_brand","embeddable":true,"href":"https:\/\/nextsnkr.com\/fi\/wp-json\/wp\/v2\/product_brand?post=774064"},{"taxonomy":"product_cat","embeddable":true,"href":"https:\/\/nextsnkr.com\/fi\/wp-json\/wp\/v2\/product_cat?post=774064"},{"taxonomy":"product_tag","embeddable":true,"href":"https:\/\/nextsnkr.com\/fi\/wp-json\/wp\/v2\/product_tag?post=774064"}],"curies":[{"name":"wp","href":"https:\/\/api.w.org\/{rel}","templated":true}]}}