{"id":772150,"date":"2025-06-13T10:55:51","date_gmt":"2025-06-13T07:55:51","guid":{"rendered":"https:\/\/nextsnkr.com\/product\/air-force-1-x-stussy-black\/"},"modified":"2026-01-30T20:09:42","modified_gmt":"2026-01-30T17:09:42","slug":"air-force-1-x-stussy-black","status":"publish","type":"product","link":"https:\/\/nextsnkr.com\/fi\/tuote\/air-force-1-x-stussy-black\/","title":{"rendered":"Air Force Tennarit 1 X Stussy Musta Tekstiili Musta"},"content":{"rendered":"<h2>Air Force Tennarit 1 X Stussy Musta Tekstiili Musta<\/h2>\n<p>Air Force 1 x Stussy mustat lenkkarit luotiin yhteisty\u00f6ss\u00e4 Stussy-br\u00e4ndin kanssa, mik\u00e4 antaa mallille ainutlaatuisen katutyylin. Tekstiilip\u00e4\u00e4llinen tarjoaa keveytt\u00e4 ja ilmanvaihtoa, mik\u00e4 tekee parista mukavan p\u00e4ivitt\u00e4isess\u00e4 k\u00e4yt\u00f6ss\u00e4. Klassista mustaa muotoilua t\u00e4ydent\u00e4v\u00e4t Stussyn tunnusomaiset elementit, jotka lis\u00e4\u00e4v\u00e4t luonnetta ja tunnustusta. T\u00e4ydellinen valinta rajoitetun er\u00e4n yhteisty\u00f6n ja nykyaikaisten katuvaatteiden yst\u00e4ville. Valmistaja: Vietnam. Tuotetunnus (SKU): 0482v-236196<\/p>\n","protected":false},"excerpt":{"rendered":"<p>Air Force 1 x Stussy mustat lenkkarit luotiin yhteisty\u00f6ss\u00e4 Stussy-br\u00e4ndin kanssa, mik\u00e4 antaa mallille ainutlaatuisen katutyylin. Tekstiilip\u00e4\u00e4llinen tarjoaa keveytt\u00e4 ja ilmanvaihtoa, mik\u00e4 tekee parista mukavan p\u00e4ivitt\u00e4isess\u00e4 k\u00e4yt\u00f6ss\u00e4. Klassista mustaa muotoilua t\u00e4ydent\u00e4v\u00e4t Stussyn tunnusomaiset elementit, jotka lis\u00e4\u00e4v\u00e4t luonnetta ja tunnustusta. T\u00e4ydellinen valinta rajoitetun er\u00e4n yhteisty\u00f6n ja nykyaikaisten katuvaatteiden yst\u00e4ville. Valmistaja: Vietnam. Tuotetunnus (SKU): 0482v-236196<\/p>\n","protected":false},"featured_media":772151,"comment_status":"open","ping_status":"open","template":"","meta":[],"product_brand":[],"product_cat":[3199,3318],"product_tag":[],"class_list":{"0":"post-772150","1":"product","2":"type-product","3":"status-publish","4":"has-post-thumbnail","6":"product_cat-all-product","7":"product_cat-kedy","8":"pa_rozmir-910","9":"pa_rozmir-912","10":"pa_rozmir-914","11":"pa_rozmir-915","12":"pa_rozmir-916","13":"pa_rozmir-917","14":"pa_rozmir-918","15":"pa_rozmir-919","16":"pa_rozmir-920","17":"pa_rozmir-921","18":"pa_rozmir-922","20":"first","21":"instock","22":"purchasable","23":"product-type-variable"},"_links":{"self":[{"href":"https:\/\/nextsnkr.com\/fi\/wp-json\/wp\/v2\/product\/772150","targetHints":{"allow":["GET"]}}],"collection":[{"href":"https:\/\/nextsnkr.com\/fi\/wp-json\/wp\/v2\/product"}],"about":[{"href":"https:\/\/nextsnkr.com\/fi\/wp-json\/wp\/v2\/types\/product"}],"replies":[{"embeddable":true,"href":"https:\/\/nextsnkr.com\/fi\/wp-json\/wp\/v2\/comments?post=772150"}],"version-history":[{"count":0,"href":"https:\/\/nextsnkr.com\/fi\/wp-json\/wp\/v2\/product\/772150\/revisions"}],"wp:featuredmedia":[{"embeddable":true,"href":"https:\/\/nextsnkr.com\/fi\/wp-json\/wp\/v2\/media\/772151"}],"wp:attachment":[{"href":"https:\/\/nextsnkr.com\/fi\/wp-json\/wp\/v2\/media?parent=772150"}],"wp:term":[{"taxonomy":"product_brand","embeddable":true,"href":"https:\/\/nextsnkr.com\/fi\/wp-json\/wp\/v2\/product_brand?post=772150"},{"taxonomy":"product_cat","embeddable":true,"href":"https:\/\/nextsnkr.com\/fi\/wp-json\/wp\/v2\/product_cat?post=772150"},{"taxonomy":"product_tag","embeddable":true,"href":"https:\/\/nextsnkr.com\/fi\/wp-json\/wp\/v2\/product_tag?post=772150"}],"curies":[{"name":"wp","href":"https:\/\/api.w.org\/{rel}","templated":true}]}}