{"id":771641,"date":"2025-06-13T10:56:32","date_gmt":"2025-06-13T07:56:32","guid":{"rendered":"https:\/\/nextsnkr.com\/product\/nike-air-force-low-dark-grey\/"},"modified":"2026-01-30T20:09:29","modified_gmt":"2026-01-30T17:09:29","slug":"nike-air-force-low-dark-grey","status":"publish","type":"product","link":"https:\/\/nextsnkr.com\/fi\/tuote\/nike-air-force-low-dark-grey\/","title":{"rendered":"Nike Air Force matalat tummanharmaat Nahkalenkkarit ovat tyylikk\u00e4\u00e4t p\u00e4ivitt\u00e4iseen k\u00e4ytt\u00f6\u00f6n"},"content":{"rendered":"<h2>Nike Air Force matalat tummanharmaat Nahkalenkkarit ovat tyylikk\u00e4\u00e4t p\u00e4ivitt\u00e4iseen k\u00e4ytt\u00f6\u00f6n<\/h2>\n<p>Nike Air Force Low tummanharmaat tennarit on valmistettu korkealaatuisesta aidosta nahasta, mik\u00e4 takaa mukavuuden ja kest\u00e4vyyden. Klassinen Tummanharmaa muotoilu korostaa tyyli\u00e4 ja monipuolisuutta, kun taas mukava pohja takaa helpon k\u00e4velyn ja pehmustuksen. Ihanteellinen malli p\u00e4ivitt\u00e4iseen k\u00e4ytt\u00f6\u00f6n, luo muodikkaan ilmeen ja aktiivisen el\u00e4m\u00e4ntavan. N\u00e4iss\u00e4 lenkkareissa yhdistyv\u00e4t ensiluokkainen laatu, Nike-br\u00e4ndin luotettavuus ja moderni muotoilu, mik\u00e4 tekee niist\u00e4 toivottavan valinnan todellisille tyylin yst\u00e4ville.<\/p>\n","protected":false},"excerpt":{"rendered":"<p>Nike Air Force Low tummanharmaat tennarit on valmistettu korkealaatuisesta aidosta nahasta, mik\u00e4 takaa mukavuuden ja kest\u00e4vyyden. Klassinen Tummanharmaa muotoilu korostaa tyyli\u00e4 ja monipuolisuutta, kun taas mukava pohja takaa helpon k\u00e4velyn ja pehmustuksen. Ihanteellinen malli p\u00e4ivitt\u00e4iseen k\u00e4ytt\u00f6\u00f6n, luo muodikkaan ilmeen ja aktiivisen el\u00e4m\u00e4ntavan. N\u00e4iss\u00e4 lenkkareissa yhdistyv\u00e4t ensiluokkainen laatu, Nike-br\u00e4ndin luotettavuus ja moderni muotoilu, mik\u00e4 tekee niist\u00e4 toivottavan valinnan todellisille tyylin yst\u00e4ville.<\/p>\n","protected":false},"featured_media":771642,"comment_status":"open","ping_status":"open","template":"","meta":[],"product_brand":[],"product_cat":[3199,3318],"product_tag":[],"class_list":{"0":"post-771641","1":"product","2":"type-product","3":"status-publish","4":"has-post-thumbnail","6":"product_cat-all-product","7":"product_cat-kedy","8":"pa_rozmir-910","9":"pa_rozmir-912","10":"pa_rozmir-914","11":"pa_rozmir-915","12":"pa_rozmir-916","13":"pa_rozmir-917","14":"pa_rozmir-918","15":"pa_rozmir-919","16":"pa_rozmir-920","17":"pa_rozmir-921","18":"pa_rozmir-922","20":"first","21":"instock","22":"purchasable","23":"product-type-variable"},"_links":{"self":[{"href":"https:\/\/nextsnkr.com\/fi\/wp-json\/wp\/v2\/product\/771641","targetHints":{"allow":["GET"]}}],"collection":[{"href":"https:\/\/nextsnkr.com\/fi\/wp-json\/wp\/v2\/product"}],"about":[{"href":"https:\/\/nextsnkr.com\/fi\/wp-json\/wp\/v2\/types\/product"}],"replies":[{"embeddable":true,"href":"https:\/\/nextsnkr.com\/fi\/wp-json\/wp\/v2\/comments?post=771641"}],"version-history":[{"count":0,"href":"https:\/\/nextsnkr.com\/fi\/wp-json\/wp\/v2\/product\/771641\/revisions"}],"wp:featuredmedia":[{"embeddable":true,"href":"https:\/\/nextsnkr.com\/fi\/wp-json\/wp\/v2\/media\/771642"}],"wp:attachment":[{"href":"https:\/\/nextsnkr.com\/fi\/wp-json\/wp\/v2\/media?parent=771641"}],"wp:term":[{"taxonomy":"product_brand","embeddable":true,"href":"https:\/\/nextsnkr.com\/fi\/wp-json\/wp\/v2\/product_brand?post=771641"},{"taxonomy":"product_cat","embeddable":true,"href":"https:\/\/nextsnkr.com\/fi\/wp-json\/wp\/v2\/product_cat?post=771641"},{"taxonomy":"product_tag","embeddable":true,"href":"https:\/\/nextsnkr.com\/fi\/wp-json\/wp\/v2\/product_tag?post=771641"}],"curies":[{"name":"wp","href":"https:\/\/api.w.org\/{rel}","templated":true}]}}