{"id":770177,"date":"2025-06-13T11:07:13","date_gmt":"2025-06-13T08:07:13","guid":{"rendered":"https:\/\/nextsnkr.com\/product\/puma-cali-white\/"},"modified":"2026-01-30T20:08:45","modified_gmt":"2026-01-30T17:08:45","slug":"puma-cali-white","status":"publish","type":"product","link":"https:\/\/nextsnkr.com\/fi\/tuote\/puma-cali-white\/","title":{"rendered":"Puma Cali valkoiset tennarit-Naisten nahkakeng\u00e4t jokap\u00e4iv\u00e4iseen tyyliin"},"content":{"rendered":"<h2>Puma Cali valkoiset tennarit-Naisten nahkakeng\u00e4t jokap\u00e4iv\u00e4iseen tyyliin<\/h2>\n<p>Tyylikk\u00e4\u00e4t Puma Cali valkoiset tennarit ovat yhdistelm\u00e4 klassista muotoilua ja modernia mukavuutta. Ne on valmistettu aidosta nahasta, ja ne tarjoavat kest\u00e4vyytt\u00e4 ja mukavuutta p\u00e4ivitt\u00e4isess\u00e4 k\u00e4yt\u00f6ss\u00e4. Kevyt pohja tarjoaa pehme\u00e4n pehmusteen, ja monipuolinen valkoinen v\u00e4ri sopii helposti mihin tahansa ilmeeseen. Ihanteellinen valinta aktiiviseen kaupunkityyliin ja Puman korkealaatuisten kenkien yst\u00e4ville.<\/p>\n","protected":false},"excerpt":{"rendered":"<p>Tyylikk\u00e4\u00e4t Puma Cali valkoiset tennarit ovat yhdistelm\u00e4 klassista muotoilua ja modernia mukavuutta. Ne on valmistettu aidosta nahasta, ja ne tarjoavat kest\u00e4vyytt\u00e4 ja mukavuutta p\u00e4ivitt\u00e4isess\u00e4 k\u00e4yt\u00f6ss\u00e4. Kevyt pohja tarjoaa pehme\u00e4n pehmusteen, ja monipuolinen valkoinen v\u00e4ri sopii helposti mihin tahansa ilmeeseen. Ihanteellinen valinta aktiiviseen kaupunkityyliin ja Puman korkealaatuisten kenkien yst\u00e4ville.<\/p>\n","protected":false},"featured_media":770178,"comment_status":"open","ping_status":"open","template":"","meta":[],"product_brand":[],"product_cat":[3199,3318],"product_tag":[],"class_list":{"0":"post-770177","1":"product","2":"type-product","3":"status-publish","4":"has-post-thumbnail","6":"product_cat-all-product","7":"product_cat-kedy","8":"pa_rozmir-910","9":"pa_rozmir-912","10":"pa_rozmir-914","11":"pa_rozmir-915","12":"pa_rozmir-916","13":"pa_rozmir-917","14":"pa_rozmir-918","15":"pa_rozmir-919","16":"pa_rozmir-920","17":"pa_rozmir-921","18":"pa_rozmir-922","20":"first","21":"instock","22":"purchasable","23":"product-type-variable"},"_links":{"self":[{"href":"https:\/\/nextsnkr.com\/fi\/wp-json\/wp\/v2\/product\/770177","targetHints":{"allow":["GET"]}}],"collection":[{"href":"https:\/\/nextsnkr.com\/fi\/wp-json\/wp\/v2\/product"}],"about":[{"href":"https:\/\/nextsnkr.com\/fi\/wp-json\/wp\/v2\/types\/product"}],"replies":[{"embeddable":true,"href":"https:\/\/nextsnkr.com\/fi\/wp-json\/wp\/v2\/comments?post=770177"}],"version-history":[{"count":0,"href":"https:\/\/nextsnkr.com\/fi\/wp-json\/wp\/v2\/product\/770177\/revisions"}],"wp:featuredmedia":[{"embeddable":true,"href":"https:\/\/nextsnkr.com\/fi\/wp-json\/wp\/v2\/media\/770178"}],"wp:attachment":[{"href":"https:\/\/nextsnkr.com\/fi\/wp-json\/wp\/v2\/media?parent=770177"}],"wp:term":[{"taxonomy":"product_brand","embeddable":true,"href":"https:\/\/nextsnkr.com\/fi\/wp-json\/wp\/v2\/product_brand?post=770177"},{"taxonomy":"product_cat","embeddable":true,"href":"https:\/\/nextsnkr.com\/fi\/wp-json\/wp\/v2\/product_cat?post=770177"},{"taxonomy":"product_tag","embeddable":true,"href":"https:\/\/nextsnkr.com\/fi\/wp-json\/wp\/v2\/product_tag?post=770177"}],"curies":[{"name":"wp","href":"https:\/\/api.w.org\/{rel}","templated":true}]}}