{"id":769752,"date":"2025-06-17T22:49:45","date_gmt":"2025-06-17T19:49:45","guid":{"rendered":"https:\/\/nextsnkr.com\/product\/under-armour-grey\/"},"modified":"2026-01-30T20:08:03","modified_gmt":"2026-01-30T17:08:03","slug":"under-armour-grey","status":"publish","type":"product","link":"https:\/\/nextsnkr.com\/fi\/tuote\/under-armour-grey\/","title":{"rendered":"UNDER ARMOUR harmaa akryylihattu-l\u00e4mmin ja tyylik\u00e4s"},"content":{"rendered":"<h2>UNDER ARMOUR harmaa akryylihattu-l\u00e4mmin ja tyylik\u00e4s<\/h2>\n<p>UNDER ARMOUR harmaa hattu on valmistettu korkealaatuisesta akryylist\u00e4, joka tarjoaa l\u00e4mp\u00f6\u00e4, mukavuutta ja puettavuutta. Runsas kirjonta korostaa UNDER ARMOUR-tyyli\u00e4 ja br\u00e4ndi\u00e4, mik\u00e4 tekee mallista muodikkaan asusteen jokap\u00e4iv\u00e4iseen k\u00e4ytt\u00f6\u00f6n. Yleiskoko sopii useimmille, ja helppohoitoisuuden ansiosta voit pest\u00e4 30 asteessa menett\u00e4m\u00e4tt\u00e4 muotoaan. Ihanteellinen kylm\u00e4lle s\u00e4\u00e4lle, t\u00e4ss\u00e4 hatussa yhdistyv\u00e4t k\u00e4yt\u00e4nn\u00f6llisyys, laatu ja moderni muotoilu.<\/p>\n","protected":false},"excerpt":{"rendered":"<p>UNDER ARMOUR harmaa hattu on valmistettu korkealaatuisesta akryylist\u00e4, joka tarjoaa l\u00e4mp\u00f6\u00e4, mukavuutta ja puettavuutta. Runsas kirjonta korostaa UNDER ARMOUR-tyyli\u00e4 ja br\u00e4ndi\u00e4, mik\u00e4 tekee mallista muodikkaan asusteen jokap\u00e4iv\u00e4iseen k\u00e4ytt\u00f6\u00f6n. Yleiskoko sopii useimmille, ja helppohoitoisuuden ansiosta voit pest\u00e4 30 asteessa menett\u00e4m\u00e4tt\u00e4 muotoaan. Ihanteellinen kylm\u00e4lle s\u00e4\u00e4lle, t\u00e4ss\u00e4 hatussa yhdistyv\u00e4t k\u00e4yt\u00e4nn\u00f6llisyys, laatu ja moderni muotoilu.<\/p>\n","protected":false},"featured_media":769754,"comment_status":"open","ping_status":"open","template":"","meta":[],"product_brand":[],"product_cat":[3199,4448],"product_tag":[],"class_list":{"0":"post-769752","1":"product","2":"type-product","3":"status-publish","4":"has-post-thumbnail","6":"product_cat-all-product","7":"product_cat-shapky","8":"pa_rozmir-one-size","10":"first","11":"instock","12":"purchasable","13":"product-type-simple"},"_links":{"self":[{"href":"https:\/\/nextsnkr.com\/fi\/wp-json\/wp\/v2\/product\/769752","targetHints":{"allow":["GET"]}}],"collection":[{"href":"https:\/\/nextsnkr.com\/fi\/wp-json\/wp\/v2\/product"}],"about":[{"href":"https:\/\/nextsnkr.com\/fi\/wp-json\/wp\/v2\/types\/product"}],"replies":[{"embeddable":true,"href":"https:\/\/nextsnkr.com\/fi\/wp-json\/wp\/v2\/comments?post=769752"}],"version-history":[{"count":0,"href":"https:\/\/nextsnkr.com\/fi\/wp-json\/wp\/v2\/product\/769752\/revisions"}],"wp:featuredmedia":[{"embeddable":true,"href":"https:\/\/nextsnkr.com\/fi\/wp-json\/wp\/v2\/media\/769754"}],"wp:attachment":[{"href":"https:\/\/nextsnkr.com\/fi\/wp-json\/wp\/v2\/media?parent=769752"}],"wp:term":[{"taxonomy":"product_brand","embeddable":true,"href":"https:\/\/nextsnkr.com\/fi\/wp-json\/wp\/v2\/product_brand?post=769752"},{"taxonomy":"product_cat","embeddable":true,"href":"https:\/\/nextsnkr.com\/fi\/wp-json\/wp\/v2\/product_cat?post=769752"},{"taxonomy":"product_tag","embeddable":true,"href":"https:\/\/nextsnkr.com\/fi\/wp-json\/wp\/v2\/product_tag?post=769752"}],"curies":[{"name":"wp","href":"https:\/\/api.w.org\/{rel}","templated":true}]}}