{"id":769561,"date":"2025-06-17T22:49:50","date_gmt":"2025-06-17T19:49:50","guid":{"rendered":"https:\/\/nextsnkr.com\/product\/fila-grey\/"},"modified":"2026-01-30T20:07:54","modified_gmt":"2026-01-30T17:07:54","slug":"fila-grey","status":"publish","type":"product","link":"https:\/\/nextsnkr.com\/fi\/tuote\/fila-grey\/","title":{"rendered":"Fila harmaa korkki akryyli\u00e4 &#8211; universaali koko, laaja kirjonta"},"content":{"rendered":"<h2>Fila harmaa korkki akryyli\u00e4 &#8211; universaali koko, laaja kirjonta<\/h2>\n<p>Filan harmaa hattu on valmistettu pehme\u00e4st\u00e4 ja l\u00e4mpim\u00e4st\u00e4 akryylist\u00e4, joka tarjoaa mukavuutta ja suojaa kylm\u00e4lt\u00e4. Yleiskokoinen malli sopii mihin tahansa p\u00e4\u00e4n muotoon, ja tyylik\u00e4s kolmiulotteinen brodeeraus lis\u00e4\u00e4 lookiin muodikkaan aksentin. Helppo pest\u00e4 30\u00b0C: ssa, Fila-hattu on ihanteellinen p\u00e4ivitt\u00e4iseen k\u00e4ytt\u00f6\u00f6n kylm\u00e4n\u00e4 vuodenaikana, jossa yhdistyv\u00e4t tuotemerkin laatu, moderni muotoilu ja k\u00e4yt\u00e4nn\u00f6llisyys mihin tahansa talvitoimintaan.<\/p>\n","protected":false},"excerpt":{"rendered":"<p>Filan harmaa hattu on valmistettu pehme\u00e4st\u00e4 ja l\u00e4mpim\u00e4st\u00e4 akryylist\u00e4, joka tarjoaa mukavuutta ja suojaa kylm\u00e4lt\u00e4. Yleiskokoinen malli sopii mihin tahansa p\u00e4\u00e4n muotoon, ja tyylik\u00e4s kolmiulotteinen brodeeraus lis\u00e4\u00e4 lookiin muodikkaan aksentin. Helppo pest\u00e4 30\u00b0C: ssa, Fila-hattu on ihanteellinen p\u00e4ivitt\u00e4iseen k\u00e4ytt\u00f6\u00f6n kylm\u00e4n\u00e4 vuodenaikana, jossa yhdistyv\u00e4t tuotemerkin laatu, moderni muotoilu ja k\u00e4yt\u00e4nn\u00f6llisyys mihin tahansa talvitoimintaan.<\/p>\n","protected":false},"featured_media":769562,"comment_status":"open","ping_status":"open","template":"","meta":[],"product_brand":[],"product_cat":[3199,4448],"product_tag":[],"class_list":{"0":"post-769561","1":"product","2":"type-product","3":"status-publish","4":"has-post-thumbnail","6":"product_cat-all-product","7":"product_cat-shapky","8":"pa_rozmir-one-size","10":"first","11":"instock","12":"purchasable","13":"product-type-simple"},"_links":{"self":[{"href":"https:\/\/nextsnkr.com\/fi\/wp-json\/wp\/v2\/product\/769561","targetHints":{"allow":["GET"]}}],"collection":[{"href":"https:\/\/nextsnkr.com\/fi\/wp-json\/wp\/v2\/product"}],"about":[{"href":"https:\/\/nextsnkr.com\/fi\/wp-json\/wp\/v2\/types\/product"}],"replies":[{"embeddable":true,"href":"https:\/\/nextsnkr.com\/fi\/wp-json\/wp\/v2\/comments?post=769561"}],"version-history":[{"count":0,"href":"https:\/\/nextsnkr.com\/fi\/wp-json\/wp\/v2\/product\/769561\/revisions"}],"wp:featuredmedia":[{"embeddable":true,"href":"https:\/\/nextsnkr.com\/fi\/wp-json\/wp\/v2\/media\/769562"}],"wp:attachment":[{"href":"https:\/\/nextsnkr.com\/fi\/wp-json\/wp\/v2\/media?parent=769561"}],"wp:term":[{"taxonomy":"product_brand","embeddable":true,"href":"https:\/\/nextsnkr.com\/fi\/wp-json\/wp\/v2\/product_brand?post=769561"},{"taxonomy":"product_cat","embeddable":true,"href":"https:\/\/nextsnkr.com\/fi\/wp-json\/wp\/v2\/product_cat?post=769561"},{"taxonomy":"product_tag","embeddable":true,"href":"https:\/\/nextsnkr.com\/fi\/wp-json\/wp\/v2\/product_tag?post=769561"}],"curies":[{"name":"wp","href":"https:\/\/api.w.org\/{rel}","templated":true}]}}