{"id":769098,"date":"2025-06-18T18:46:27","date_gmt":"2025-06-18T15:46:27","guid":{"rendered":"https:\/\/nextsnkr.com\/product\/muzhskoe-bele-calvin-klein-black\/"},"modified":"2026-01-30T20:07:42","modified_gmt":"2026-01-30T17:07:42","slug":"muzhskoe-bele-calvin-klein-black","status":"publish","type":"product","link":"https:\/\/nextsnkr.com\/fi\/tuote\/muzhskoe-bele-calvin-klein-black\/","title":{"rendered":"Calvin Klein Mustat miesten alusvaatteet-mukavat, puuvillaiset, joustavat"},"content":{"rendered":"<h2>Calvin Klein Mustat miesten alusvaatteet-mukavat, puuvillaiset, joustavat<\/h2>\n<p>Calvin Kleinin Mustat miesten alusvaatteet on valmistettu korkealaatuisesta puuvillamateriaalista, johon on lis\u00e4tty elastaania (95% puuvillaa, 5% elastaania), joka tarjoaa maksimaalisen mukavuuden ja joustavuuden. Saatavana koot S-XXL, sopii p\u00e4ivitt\u00e4iseen k\u00e4ytt\u00f6\u00f6n. Tyylik\u00e4s musta v\u00e4ri ja Calvin Klein-br\u00e4ndi takaavat yhdistelm\u00e4n klassikoita, laatua ja modernia muotoilua. T\u00e4ydellinen valinta niille, jotka arvostavat mukavuutta ja tyyli\u00e4.<\/p>\n","protected":false},"excerpt":{"rendered":"<p>Calvin Kleinin Mustat miesten alusvaatteet on valmistettu korkealaatuisesta puuvillamateriaalista, johon on lis\u00e4tty elastaania (95% puuvillaa, 5% elastaania), joka tarjoaa maksimaalisen mukavuuden ja joustavuuden. Saatavana koot S-XXL, sopii p\u00e4ivitt\u00e4iseen k\u00e4ytt\u00f6\u00f6n. Tyylik\u00e4s musta v\u00e4ri ja Calvin Klein-br\u00e4ndi takaavat yhdistelm\u00e4n klassikoita, laatua ja modernia muotoilua. T\u00e4ydellinen valinta niille, jotka arvostavat mukavuutta ja tyyli\u00e4.<\/p>\n","protected":false},"featured_media":769102,"comment_status":"open","ping_status":"open","template":"","meta":[],"product_brand":[],"product_cat":[3199,3527],"product_tag":[],"class_list":{"0":"post-769098","1":"product","2":"type-product","3":"status-publish","4":"has-post-thumbnail","6":"product_cat-all-product","7":"product_cat-cholovicha-bilyzna","8":"pa_rozmir-s","9":"pa_rozmir-m","10":"pa_rozmir-l","11":"pa_rozmir-xl","12":"pa_rozmir-xxl","14":"first","15":"onbackorder","16":"purchasable","17":"product-type-variable"},"_links":{"self":[{"href":"https:\/\/nextsnkr.com\/fi\/wp-json\/wp\/v2\/product\/769098","targetHints":{"allow":["GET"]}}],"collection":[{"href":"https:\/\/nextsnkr.com\/fi\/wp-json\/wp\/v2\/product"}],"about":[{"href":"https:\/\/nextsnkr.com\/fi\/wp-json\/wp\/v2\/types\/product"}],"replies":[{"embeddable":true,"href":"https:\/\/nextsnkr.com\/fi\/wp-json\/wp\/v2\/comments?post=769098"}],"version-history":[{"count":0,"href":"https:\/\/nextsnkr.com\/fi\/wp-json\/wp\/v2\/product\/769098\/revisions"}],"wp:featuredmedia":[{"embeddable":true,"href":"https:\/\/nextsnkr.com\/fi\/wp-json\/wp\/v2\/media\/769102"}],"wp:attachment":[{"href":"https:\/\/nextsnkr.com\/fi\/wp-json\/wp\/v2\/media?parent=769098"}],"wp:term":[{"taxonomy":"product_brand","embeddable":true,"href":"https:\/\/nextsnkr.com\/fi\/wp-json\/wp\/v2\/product_brand?post=769098"},{"taxonomy":"product_cat","embeddable":true,"href":"https:\/\/nextsnkr.com\/fi\/wp-json\/wp\/v2\/product_cat?post=769098"},{"taxonomy":"product_tag","embeddable":true,"href":"https:\/\/nextsnkr.com\/fi\/wp-json\/wp\/v2\/product_tag?post=769098"}],"curies":[{"name":"wp","href":"https:\/\/api.w.org\/{rel}","templated":true}]}}