{"id":765865,"date":"2025-06-18T18:51:21","date_gmt":"2025-06-18T15:51:21","guid":{"rendered":"https:\/\/nextsnkr.com\/product\/muzhskoe-bele-burberry-white\/"},"modified":"2026-01-30T20:05:38","modified_gmt":"2026-01-30T17:05:38","slug":"muzhskoe-bele-burberry-white","status":"publish","type":"product","link":"https:\/\/nextsnkr.com\/fi\/tuote\/muzhskoe-bele-burberry-white\/","title":{"rendered":"Cholovicha bilizna BURBERRY Valkoinen puuvilla\/elastaania mukavuutta"},"content":{"rendered":"<h2>Cholovicha bilizna BURBERRY Valkoinen puuvilla\/elastaania mukavuutta<\/h2>\n<p>BURBERRY White miesten alusvaatteet on valmistettu korkealaatuisesta 95% puuvillan ja 5% elastaanin yhdistelm\u00e4st\u00e4, mik\u00e4 takaa maksimaalisen mukavuuden, joustavuuden ja kest\u00e4vyyden. Pehme\u00e4 ja hengitt\u00e4v\u00e4 materiaali Sopii p\u00e4ivitt\u00e4iseen k\u00e4ytt\u00f6\u00f6n ja aktiiviseen el\u00e4m\u00e4ntapaan. Saatavilla olevien S-XXL-kokojen avulla voit valita optimaalisen istuvuuden, ja premium BURBERRY-merkki lis\u00e4\u00e4 tyylikk\u00e4\u00e4n korostuksen. Ihanteellinen valinta niille, jotka arvostavat laatua, mukavuutta ja modernia muotoilua.<\/p>\n","protected":false},"excerpt":{"rendered":"<p>BURBERRY White miesten alusvaatteet on valmistettu korkealaatuisesta 95% puuvillan ja 5% elastaanin yhdistelm\u00e4st\u00e4, mik\u00e4 takaa maksimaalisen mukavuuden, joustavuuden ja kest\u00e4vyyden. Pehme\u00e4 ja hengitt\u00e4v\u00e4 materiaali Sopii p\u00e4ivitt\u00e4iseen k\u00e4ytt\u00f6\u00f6n ja aktiiviseen el\u00e4m\u00e4ntapaan. Saatavilla olevien S-XXL-kokojen avulla voit valita optimaalisen istuvuuden, ja premium BURBERRY-merkki lis\u00e4\u00e4 tyylikk\u00e4\u00e4n korostuksen. Ihanteellinen valinta niille, jotka arvostavat laatua, mukavuutta ja modernia muotoilua.<\/p>\n","protected":false},"featured_media":765867,"comment_status":"open","ping_status":"open","template":"","meta":[],"product_brand":[],"product_cat":[3199,3527],"product_tag":[],"class_list":{"0":"post-765865","1":"product","2":"type-product","3":"status-publish","4":"has-post-thumbnail","6":"product_cat-all-product","7":"product_cat-cholovicha-bilyzna","8":"pa_rozmir-s","9":"pa_rozmir-m","10":"pa_rozmir-l","11":"pa_rozmir-xl","12":"pa_rozmir-xxl","14":"first","15":"onbackorder","16":"purchasable","17":"product-type-variable"},"_links":{"self":[{"href":"https:\/\/nextsnkr.com\/fi\/wp-json\/wp\/v2\/product\/765865","targetHints":{"allow":["GET"]}}],"collection":[{"href":"https:\/\/nextsnkr.com\/fi\/wp-json\/wp\/v2\/product"}],"about":[{"href":"https:\/\/nextsnkr.com\/fi\/wp-json\/wp\/v2\/types\/product"}],"replies":[{"embeddable":true,"href":"https:\/\/nextsnkr.com\/fi\/wp-json\/wp\/v2\/comments?post=765865"}],"version-history":[{"count":0,"href":"https:\/\/nextsnkr.com\/fi\/wp-json\/wp\/v2\/product\/765865\/revisions"}],"wp:featuredmedia":[{"embeddable":true,"href":"https:\/\/nextsnkr.com\/fi\/wp-json\/wp\/v2\/media\/765867"}],"wp:attachment":[{"href":"https:\/\/nextsnkr.com\/fi\/wp-json\/wp\/v2\/media?parent=765865"}],"wp:term":[{"taxonomy":"product_brand","embeddable":true,"href":"https:\/\/nextsnkr.com\/fi\/wp-json\/wp\/v2\/product_brand?post=765865"},{"taxonomy":"product_cat","embeddable":true,"href":"https:\/\/nextsnkr.com\/fi\/wp-json\/wp\/v2\/product_cat?post=765865"},{"taxonomy":"product_tag","embeddable":true,"href":"https:\/\/nextsnkr.com\/fi\/wp-json\/wp\/v2\/product_tag?post=765865"}],"curies":[{"name":"wp","href":"https:\/\/api.w.org\/{rel}","templated":true}]}}