{"id":765083,"date":"2025-06-18T18:52:27","date_gmt":"2025-06-18T15:52:27","guid":{"rendered":"https:\/\/nextsnkr.com\/product\/muzhskoe-bele-calvin-klein-red\/"},"modified":"2026-01-30T20:05:04","modified_gmt":"2026-01-30T17:05:04","slug":"muzhskoe-bele-calvin-klein-red","status":"publish","type":"product","link":"https:\/\/nextsnkr.com\/fi\/tuote\/muzhskoe-bele-calvin-klein-red\/","title":{"rendered":"Calvin Klein punaiset miesten alusvaatteet-Puuvillaa ja elastaania, mukavuutta ja tyyli\u00e4"},"content":{"rendered":"<h2>Calvin Klein punaiset miesten alusvaatteet-Puuvillaa ja elastaania, mukavuutta ja tyyli\u00e4<\/h2>\n<p>Calvin Kleinin punaiset miesten alusvaatteet on valmistettu korkealaatuisesta puuvillamateriaalista, johon on lis\u00e4tty elastaania optimaalisen joustavuuden ja mukavuuden takaamiseksi. Saatavana koossa S-XXL, se sopii t\u00e4ydellisesti vartaloon ja tarjoaa liikkumisvapautta ja mukavuutta koko p\u00e4iv\u00e4n ajan. Tyylik\u00e4s punainen v\u00e4ri korostaa Calvin Klein-br\u00e4ndin modernia muotoilua. T\u00e4ydellinen valinta p\u00e4ivitt\u00e4iseen k\u00e4ytt\u00f6\u00f6n ja niille, jotka arvostavat laatua, mukavuutta ja eleganssia yksityiskohtaisesti.<\/p>\n","protected":false},"excerpt":{"rendered":"<p>Calvin Kleinin punaiset miesten alusvaatteet on valmistettu korkealaatuisesta puuvillamateriaalista, johon on lis\u00e4tty elastaania optimaalisen joustavuuden ja mukavuuden takaamiseksi. Saatavana koossa S-XXL, se sopii t\u00e4ydellisesti vartaloon ja tarjoaa liikkumisvapautta ja mukavuutta koko p\u00e4iv\u00e4n ajan. Tyylik\u00e4s punainen v\u00e4ri korostaa Calvin Klein-br\u00e4ndin modernia muotoilua. T\u00e4ydellinen valinta p\u00e4ivitt\u00e4iseen k\u00e4ytt\u00f6\u00f6n ja niille, jotka arvostavat laatua, mukavuutta ja eleganssia yksityiskohtaisesti.<\/p>\n","protected":false},"featured_media":765084,"comment_status":"open","ping_status":"open","template":"","meta":[],"product_brand":[],"product_cat":[3199,3527],"product_tag":[],"class_list":{"0":"post-765083","1":"product","2":"type-product","3":"status-publish","4":"has-post-thumbnail","6":"product_cat-all-product","7":"product_cat-cholovicha-bilyzna","8":"pa_rozmir-s","9":"pa_rozmir-m","10":"pa_rozmir-l","11":"pa_rozmir-xl","12":"pa_rozmir-xxl","14":"first","15":"onbackorder","16":"purchasable","17":"product-type-variable"},"_links":{"self":[{"href":"https:\/\/nextsnkr.com\/fi\/wp-json\/wp\/v2\/product\/765083","targetHints":{"allow":["GET"]}}],"collection":[{"href":"https:\/\/nextsnkr.com\/fi\/wp-json\/wp\/v2\/product"}],"about":[{"href":"https:\/\/nextsnkr.com\/fi\/wp-json\/wp\/v2\/types\/product"}],"replies":[{"embeddable":true,"href":"https:\/\/nextsnkr.com\/fi\/wp-json\/wp\/v2\/comments?post=765083"}],"version-history":[{"count":0,"href":"https:\/\/nextsnkr.com\/fi\/wp-json\/wp\/v2\/product\/765083\/revisions"}],"wp:featuredmedia":[{"embeddable":true,"href":"https:\/\/nextsnkr.com\/fi\/wp-json\/wp\/v2\/media\/765084"}],"wp:attachment":[{"href":"https:\/\/nextsnkr.com\/fi\/wp-json\/wp\/v2\/media?parent=765083"}],"wp:term":[{"taxonomy":"product_brand","embeddable":true,"href":"https:\/\/nextsnkr.com\/fi\/wp-json\/wp\/v2\/product_brand?post=765083"},{"taxonomy":"product_cat","embeddable":true,"href":"https:\/\/nextsnkr.com\/fi\/wp-json\/wp\/v2\/product_cat?post=765083"},{"taxonomy":"product_tag","embeddable":true,"href":"https:\/\/nextsnkr.com\/fi\/wp-json\/wp\/v2\/product_tag?post=765083"}],"curies":[{"name":"wp","href":"https:\/\/api.w.org\/{rel}","templated":true}]}}