{"id":763741,"date":"2025-06-13T11:25:17","date_gmt":"2025-06-13T08:25:17","guid":{"rendered":"https:\/\/nextsnkr.com\/product\/timberland-pink-termo\/"},"modified":"2026-01-30T20:04:22","modified_gmt":"2026-01-30T17:04:22","slug":"timberland-pink-termo","status":"publish","type":"product","link":"https:\/\/nextsnkr.com\/fi\/tuote\/timberland-pink-termo\/","title":{"rendered":"Timberland Pink Thermo Boots-Naisten talviset Nubukkisaappaat"},"content":{"rendered":"<h2>Timberland Pink Thermo Boots-Naisten talviset Nubukkisaappaat<\/h2>\n<p>Timberland Pink boots (thermo) ovat tyylikk\u00e4\u00e4t ja l\u00e4mpim\u00e4t naisten talvisaappaat, jotka on valmistettu nupukista ja l\u00e4mp\u00f6materiaalista. Ne tarjoavat luotettavan suojan kylm\u00e4lt\u00e4 ja kosteudelta, ihanteelliset kaupunkik\u00e4velyille ja p\u00e4ivitt\u00e4iseen k\u00e4ytt\u00f6\u00f6n. Pehme\u00e4 vuori ja kulutusta kest\u00e4v\u00e4 pohja takaavat mukavuuden s\u00e4\u00e4ll\u00e4 kuin s\u00e4\u00e4ll\u00e4. USA: n tuotanto vahvistaa korkean laadun ja kest\u00e4vyyden. Valitse Timberland yhdist\u00e4\u00e4ksesi l\u00e4mm\u00f6n, luotettavuuden ja modernin tyylin.<\/p>\n","protected":false},"excerpt":{"rendered":"<p>Timberland Pink boots (thermo) ovat tyylikk\u00e4\u00e4t ja l\u00e4mpim\u00e4t naisten talvisaappaat, jotka on valmistettu nupukista ja l\u00e4mp\u00f6materiaalista. Ne tarjoavat luotettavan suojan kylm\u00e4lt\u00e4 ja kosteudelta, ihanteelliset kaupunkik\u00e4velyille ja p\u00e4ivitt\u00e4iseen k\u00e4ytt\u00f6\u00f6n. Pehme\u00e4 vuori ja kulutusta kest\u00e4v\u00e4 pohja takaavat mukavuuden s\u00e4\u00e4ll\u00e4 kuin s\u00e4\u00e4ll\u00e4. USA: n tuotanto vahvistaa korkean laadun ja kest\u00e4vyyden. Valitse Timberland yhdist\u00e4\u00e4ksesi l\u00e4mm\u00f6n, luotettavuuden ja modernin tyylin.<\/p>\n","protected":false},"featured_media":763744,"comment_status":"open","ping_status":"open","template":"","meta":[],"product_brand":[],"product_cat":[3199,3331],"product_tag":[],"class_list":{"0":"post-763741","1":"product","2":"type-product","3":"status-publish","4":"has-post-thumbnail","6":"product_cat-all-product","7":"product_cat-cherevyky","8":"pa_rozmir-910","9":"pa_rozmir-912","10":"pa_rozmir-914","11":"pa_rozmir-915","12":"pa_rozmir-916","13":"pa_rozmir-917","14":"pa_rozmir-918","15":"pa_rozmir-919","16":"pa_rozmir-920","17":"pa_rozmir-921","18":"pa_rozmir-922","20":"first","21":"instock","22":"purchasable","23":"product-type-variable"},"_links":{"self":[{"href":"https:\/\/nextsnkr.com\/fi\/wp-json\/wp\/v2\/product\/763741","targetHints":{"allow":["GET"]}}],"collection":[{"href":"https:\/\/nextsnkr.com\/fi\/wp-json\/wp\/v2\/product"}],"about":[{"href":"https:\/\/nextsnkr.com\/fi\/wp-json\/wp\/v2\/types\/product"}],"replies":[{"embeddable":true,"href":"https:\/\/nextsnkr.com\/fi\/wp-json\/wp\/v2\/comments?post=763741"}],"version-history":[{"count":0,"href":"https:\/\/nextsnkr.com\/fi\/wp-json\/wp\/v2\/product\/763741\/revisions"}],"wp:featuredmedia":[{"embeddable":true,"href":"https:\/\/nextsnkr.com\/fi\/wp-json\/wp\/v2\/media\/763744"}],"wp:attachment":[{"href":"https:\/\/nextsnkr.com\/fi\/wp-json\/wp\/v2\/media?parent=763741"}],"wp:term":[{"taxonomy":"product_brand","embeddable":true,"href":"https:\/\/nextsnkr.com\/fi\/wp-json\/wp\/v2\/product_brand?post=763741"},{"taxonomy":"product_cat","embeddable":true,"href":"https:\/\/nextsnkr.com\/fi\/wp-json\/wp\/v2\/product_cat?post=763741"},{"taxonomy":"product_tag","embeddable":true,"href":"https:\/\/nextsnkr.com\/fi\/wp-json\/wp\/v2\/product_tag?post=763741"}],"curies":[{"name":"wp","href":"https:\/\/api.w.org\/{rel}","templated":true}]}}