{"id":762688,"date":"2025-06-18T18:58:23","date_gmt":"2025-06-18T15:58:23","guid":{"rendered":"https:\/\/nextsnkr.com\/product\/miu-miu-full-black-slides\/"},"modified":"2026-01-30T20:03:52","modified_gmt":"2026-01-30T17:03:52","slug":"miu-miu-full-black-slides","status":"publish","type":"product","link":"https:\/\/nextsnkr.com\/fi\/tuote\/miu-miu-full-black-slides\/","title":{"rendered":"MIU MIU kokomustat Slides-tossut-nahkaa ja tekstiili\u00e4 mukavuuden takaamiseksi"},"content":{"rendered":"<h2>MIU MIU kokomustat Slides-tossut-nahkaa ja tekstiili\u00e4 mukavuuden takaamiseksi<\/h2>\n<p>MIU MIU Full Black Slides-tossut on valmistettu korkealaatuisesta nahasta ja tekstiileist\u00e4, mik\u00e4 takaa maksimaalisen mukavuuden ja kest\u00e4vyyden. Tyylik\u00e4s musta muotoilu ja mukava pohja tekev\u00e4t niist\u00e4 ihanteellisia p\u00e4ivitt\u00e4iseen k\u00e4ytt\u00f6\u00f6n kotona tai ulkona. Valmistaja on turkki, joka takaa erinomaisen materiaalien laadun ja ty\u00f6n. Valitse tyylikk\u00e4\u00e4t ja k\u00e4yt\u00e4nn\u00f6lliset MIU MIU-tossut, jotta tunnet olosi mukavaksi ja tyylikk\u00e4\u00e4ksi joka p\u00e4iv\u00e4.<\/p>\n","protected":false},"excerpt":{"rendered":"<p>MIU MIU Full Black Slides-tossut on valmistettu korkealaatuisesta nahasta ja tekstiileist\u00e4, mik\u00e4 takaa maksimaalisen mukavuuden ja kest\u00e4vyyden. Tyylik\u00e4s musta muotoilu ja mukava pohja tekev\u00e4t niist\u00e4 ihanteellisia p\u00e4ivitt\u00e4iseen k\u00e4ytt\u00f6\u00f6n kotona tai ulkona. Valmistaja on turkki, joka takaa erinomaisen materiaalien laadun ja ty\u00f6n. Valitse tyylikk\u00e4\u00e4t ja k\u00e4yt\u00e4nn\u00f6lliset MIU MIU-tossut, jotta tunnet olosi mukavaksi ja tyylikk\u00e4\u00e4ksi joka p\u00e4iv\u00e4.<\/p>\n","protected":false},"featured_media":762692,"comment_status":"open","ping_status":"open","template":"","meta":[],"product_brand":[],"product_cat":[3199,3420],"product_tag":[],"class_list":{"0":"post-762688","1":"product","2":"type-product","3":"status-publish","4":"has-post-thumbnail","6":"product_cat-all-product","7":"product_cat-shlopantsi","8":"pa_rozmir-910","9":"pa_rozmir-912","10":"pa_rozmir-914","11":"pa_rozmir-915","12":"pa_rozmir-916","13":"pa_rozmir-917","14":"pa_rozmir-918","15":"pa_rozmir-919","16":"pa_rozmir-920","17":"pa_rozmir-921","18":"pa_rozmir-922","20":"first","21":"instock","22":"purchasable","23":"product-type-variable"},"_links":{"self":[{"href":"https:\/\/nextsnkr.com\/fi\/wp-json\/wp\/v2\/product\/762688","targetHints":{"allow":["GET"]}}],"collection":[{"href":"https:\/\/nextsnkr.com\/fi\/wp-json\/wp\/v2\/product"}],"about":[{"href":"https:\/\/nextsnkr.com\/fi\/wp-json\/wp\/v2\/types\/product"}],"replies":[{"embeddable":true,"href":"https:\/\/nextsnkr.com\/fi\/wp-json\/wp\/v2\/comments?post=762688"}],"version-history":[{"count":0,"href":"https:\/\/nextsnkr.com\/fi\/wp-json\/wp\/v2\/product\/762688\/revisions"}],"wp:featuredmedia":[{"embeddable":true,"href":"https:\/\/nextsnkr.com\/fi\/wp-json\/wp\/v2\/media\/762692"}],"wp:attachment":[{"href":"https:\/\/nextsnkr.com\/fi\/wp-json\/wp\/v2\/media?parent=762688"}],"wp:term":[{"taxonomy":"product_brand","embeddable":true,"href":"https:\/\/nextsnkr.com\/fi\/wp-json\/wp\/v2\/product_brand?post=762688"},{"taxonomy":"product_cat","embeddable":true,"href":"https:\/\/nextsnkr.com\/fi\/wp-json\/wp\/v2\/product_cat?post=762688"},{"taxonomy":"product_tag","embeddable":true,"href":"https:\/\/nextsnkr.com\/fi\/wp-json\/wp\/v2\/product_tag?post=762688"}],"curies":[{"name":"wp","href":"https:\/\/api.w.org\/{rel}","templated":true}]}}