{"id":761026,"date":"2025-06-13T12:23:31","date_gmt":"2025-06-13T09:23:31","guid":{"rendered":"https:\/\/nextsnkr.com\/product\/1-low-og-x-travis-scott-black\/"},"modified":"2026-01-30T20:02:55","modified_gmt":"2026-01-30T17:02:55","slug":"1-low-og-x-travis-scott-black","status":"publish","type":"product","link":"https:\/\/nextsnkr.com\/fi\/tuote\/1-low-og-x-travis-scott-black\/","title":{"rendered":"Tennarit 1 Low og X Travis Scott Musta-tyylikk\u00e4\u00e4t nahkakeng\u00e4t"},"content":{"rendered":"<h2>Tennarit 1 Low og X Travis Scott Musta-tyylikk\u00e4\u00e4t nahkakeng\u00e4t<\/h2>\n<p>1 Low og X Travis Scott Black-tennareissa yhdistyv\u00e4t br\u00e4nd\u00e4tty muotoilu ja ensiluokkaiset materiaalit \u2014 luonnollinen nahka ja tekstiilit. Malli erottuu tyypillisest\u00e4 Travis Scott-tyylist\u00e4, joka antaa kuvan ainutlaatuisuuden. Kiinan korkealaatuisen tuotannon ansiosta lenkkarit tarjoavat mukavuutta, kest\u00e4vyytt\u00e4 ja turvallisen istuvuuden. Ihanteellinen valinta rajoitetun er\u00e4n mallien ja modernin katumuodin yst\u00e4ville.<\/p>\n","protected":false},"excerpt":{"rendered":"<p>1 Low og X Travis Scott Black-tennareissa yhdistyv\u00e4t br\u00e4nd\u00e4tty muotoilu ja ensiluokkaiset materiaalit \u2014 luonnollinen nahka ja tekstiilit. Malli erottuu tyypillisest\u00e4 Travis Scott-tyylist\u00e4, joka antaa kuvan ainutlaatuisuuden. Kiinan korkealaatuisen tuotannon ansiosta lenkkarit tarjoavat mukavuutta, kest\u00e4vyytt\u00e4 ja turvallisen istuvuuden. Ihanteellinen valinta rajoitetun er\u00e4n mallien ja modernin katumuodin yst\u00e4ville.<\/p>\n","protected":false},"featured_media":761030,"comment_status":"open","ping_status":"open","template":"","meta":[],"product_brand":[],"product_cat":[3199,3318],"product_tag":[],"class_list":{"0":"post-761026","1":"product","2":"type-product","3":"status-publish","4":"has-post-thumbnail","6":"product_cat-all-product","7":"product_cat-kedy","8":"pa_rozmir-910","9":"pa_rozmir-912","10":"pa_rozmir-914","11":"pa_rozmir-915","12":"pa_rozmir-916","13":"pa_rozmir-917","14":"pa_rozmir-918","15":"pa_rozmir-919","16":"pa_rozmir-920","17":"pa_rozmir-921","18":"pa_rozmir-922","20":"first","21":"instock","22":"purchasable","23":"product-type-variable"},"_links":{"self":[{"href":"https:\/\/nextsnkr.com\/fi\/wp-json\/wp\/v2\/product\/761026","targetHints":{"allow":["GET"]}}],"collection":[{"href":"https:\/\/nextsnkr.com\/fi\/wp-json\/wp\/v2\/product"}],"about":[{"href":"https:\/\/nextsnkr.com\/fi\/wp-json\/wp\/v2\/types\/product"}],"replies":[{"embeddable":true,"href":"https:\/\/nextsnkr.com\/fi\/wp-json\/wp\/v2\/comments?post=761026"}],"version-history":[{"count":0,"href":"https:\/\/nextsnkr.com\/fi\/wp-json\/wp\/v2\/product\/761026\/revisions"}],"wp:featuredmedia":[{"embeddable":true,"href":"https:\/\/nextsnkr.com\/fi\/wp-json\/wp\/v2\/media\/761030"}],"wp:attachment":[{"href":"https:\/\/nextsnkr.com\/fi\/wp-json\/wp\/v2\/media?parent=761026"}],"wp:term":[{"taxonomy":"product_brand","embeddable":true,"href":"https:\/\/nextsnkr.com\/fi\/wp-json\/wp\/v2\/product_brand?post=761026"},{"taxonomy":"product_cat","embeddable":true,"href":"https:\/\/nextsnkr.com\/fi\/wp-json\/wp\/v2\/product_cat?post=761026"},{"taxonomy":"product_tag","embeddable":true,"href":"https:\/\/nextsnkr.com\/fi\/wp-json\/wp\/v2\/product_tag?post=761026"}],"curies":[{"name":"wp","href":"https:\/\/api.w.org\/{rel}","templated":true}]}}