{"id":760367,"date":"2025-06-13T12:24:16","date_gmt":"2025-06-13T09:24:16","guid":{"rendered":"https:\/\/nextsnkr.com\/product\/1-retro-high\/"},"modified":"2026-01-30T20:02:37","modified_gmt":"2026-01-30T17:02:37","slug":"1-retro-high","status":"publish","type":"product","link":"https:\/\/nextsnkr.com\/fi\/tuote\/1-retro-high\/","title":{"rendered":"1 Retro Korkea aitoa nahkaa lenkkarit-tyyli ja mukavuus p\u00e4ivitt\u00e4in"},"content":{"rendered":"<h2>1 Retro Korkea aitoa nahkaa lenkkarit-tyyli ja mukavuus p\u00e4ivitt\u00e4in<\/h2>\n<p>1 Retro korkeat tennarit ovat yhdistelm\u00e4 klassista muotoilua ja modernia laatua. Ne on valmistettu aidosta nahasta, ja ne erottuvat kest\u00e4vyydest\u00e4\u00e4n, miellytt\u00e4v\u00e4st\u00e4 istuvuudestaan ja kest\u00e4vyydest\u00e4\u00e4n. Malli on valmistettu Vietnamissa ja sopii p\u00e4ivitt\u00e4iseen k\u00e4ytt\u00f6\u00f6n, urbaaniin tyyliin ja aktiiviseen el\u00e4m\u00e4ntapaan. Korkea siluetti tarjoaa lis\u00e4tukea, ja tyylik\u00e4s retro-muotoilu tekee n\u00e4ist\u00e4 tennareista monipuolisen vaatekaapin valinnan. Ihanteellinen vaihtoehto niille, jotka arvostavat mukavuutta ja trendik\u00e4st\u00e4 ulkoasua.<\/p>\n","protected":false},"excerpt":{"rendered":"<p>1 Retro korkeat tennarit ovat yhdistelm\u00e4 klassista muotoilua ja modernia laatua. Ne on valmistettu aidosta nahasta, ja ne erottuvat kest\u00e4vyydest\u00e4\u00e4n, miellytt\u00e4v\u00e4st\u00e4 istuvuudestaan ja kest\u00e4vyydest\u00e4\u00e4n. Malli on valmistettu Vietnamissa ja sopii p\u00e4ivitt\u00e4iseen k\u00e4ytt\u00f6\u00f6n, urbaaniin tyyliin ja aktiiviseen el\u00e4m\u00e4ntapaan. Korkea siluetti tarjoaa lis\u00e4tukea, ja tyylik\u00e4s retro-muotoilu tekee n\u00e4ist\u00e4 tennareista monipuolisen vaatekaapin valinnan. Ihanteellinen vaihtoehto niille, jotka arvostavat mukavuutta ja trendik\u00e4st\u00e4 ulkoasua.<\/p>\n","protected":false},"featured_media":760371,"comment_status":"open","ping_status":"open","template":"","meta":[],"product_brand":[],"product_cat":[3199,3318],"product_tag":[],"class_list":{"0":"post-760367","1":"product","2":"type-product","3":"status-publish","4":"has-post-thumbnail","6":"product_cat-all-product","7":"product_cat-kedy","8":"pa_rozmir-910","9":"pa_rozmir-912","10":"pa_rozmir-914","11":"pa_rozmir-915","12":"pa_rozmir-916","13":"pa_rozmir-917","14":"pa_rozmir-918","15":"pa_rozmir-919","16":"pa_rozmir-920","17":"pa_rozmir-921","18":"pa_rozmir-922","20":"first","21":"instock","22":"purchasable","23":"product-type-variable"},"_links":{"self":[{"href":"https:\/\/nextsnkr.com\/fi\/wp-json\/wp\/v2\/product\/760367","targetHints":{"allow":["GET"]}}],"collection":[{"href":"https:\/\/nextsnkr.com\/fi\/wp-json\/wp\/v2\/product"}],"about":[{"href":"https:\/\/nextsnkr.com\/fi\/wp-json\/wp\/v2\/types\/product"}],"replies":[{"embeddable":true,"href":"https:\/\/nextsnkr.com\/fi\/wp-json\/wp\/v2\/comments?post=760367"}],"version-history":[{"count":0,"href":"https:\/\/nextsnkr.com\/fi\/wp-json\/wp\/v2\/product\/760367\/revisions"}],"wp:featuredmedia":[{"embeddable":true,"href":"https:\/\/nextsnkr.com\/fi\/wp-json\/wp\/v2\/media\/760371"}],"wp:attachment":[{"href":"https:\/\/nextsnkr.com\/fi\/wp-json\/wp\/v2\/media?parent=760367"}],"wp:term":[{"taxonomy":"product_brand","embeddable":true,"href":"https:\/\/nextsnkr.com\/fi\/wp-json\/wp\/v2\/product_brand?post=760367"},{"taxonomy":"product_cat","embeddable":true,"href":"https:\/\/nextsnkr.com\/fi\/wp-json\/wp\/v2\/product_cat?post=760367"},{"taxonomy":"product_tag","embeddable":true,"href":"https:\/\/nextsnkr.com\/fi\/wp-json\/wp\/v2\/product_tag?post=760367"}],"curies":[{"name":"wp","href":"https:\/\/api.w.org\/{rel}","templated":true}]}}