{"id":759027,"date":"2025-06-13T12:26:06","date_gmt":"2025-06-13T09:26:06","guid":{"rendered":"https:\/\/nextsnkr.com\/product\/500-lemon\/"},"modified":"2026-01-30T20:02:01","modified_gmt":"2026-01-30T17:02:01","slug":"500-lemon","status":"publish","type":"product","link":"https:\/\/nextsnkr.com\/fi\/tuote\/500-lemon\/","title":{"rendered":"500 Lemon sneakers-tyylikk\u00e4\u00e4t keltaiset mokkanahkaiset tennarit"},"content":{"rendered":"<h2>500 Lemon sneakers-tyylikk\u00e4\u00e4t keltaiset mokkanahkaiset tennarit<\/h2>\n<p>500 Lemon-lenkkarit ovat kirkas ja trendik\u00e4s malli, joka lis\u00e4\u00e4 ilmeeseen raikkautta ja persoonallisuutta. Valmistettu pehme\u00e4st\u00e4 mokkanahasta, ne tarjoavat mukavuutta ja miellytt\u00e4v\u00e4n istuvuuden p\u00e4ivitt\u00e4isess\u00e4 k\u00e4yt\u00f6ss\u00e4. Kest\u00e4v\u00e4 pohja takaa vakauden ja kulutuskest\u00e4vyyden, ja kevyt muotoilu tekee lenkkareista mukavat aktiiviseen el\u00e4m\u00e4ntapaan. N\u00e4m\u00e4 Kiinassa valmistetut keltaiset lenkkarit tulevat tyylikk\u00e4\u00e4ksi korostukseksi vaatekaappiisi. Valitse 500 sitruunaa-mukavuutta ja kirkkautta joka vaiheessa.<\/p>\n","protected":false},"excerpt":{"rendered":"<p>500 Lemon-lenkkarit ovat kirkas ja trendik\u00e4s malli, joka lis\u00e4\u00e4 ilmeeseen raikkautta ja persoonallisuutta. Valmistettu pehme\u00e4st\u00e4 mokkanahasta, ne tarjoavat mukavuutta ja miellytt\u00e4v\u00e4n istuvuuden p\u00e4ivitt\u00e4isess\u00e4 k\u00e4yt\u00f6ss\u00e4. Kest\u00e4v\u00e4 pohja takaa vakauden ja kulutuskest\u00e4vyyden, ja kevyt muotoilu tekee lenkkareista mukavat aktiiviseen el\u00e4m\u00e4ntapaan. N\u00e4m\u00e4 Kiinassa valmistetut keltaiset lenkkarit tulevat tyylikk\u00e4\u00e4ksi korostukseksi vaatekaappiisi. Valitse 500 sitruunaa-mukavuutta ja kirkkautta joka vaiheessa.<\/p>\n","protected":false},"featured_media":759031,"comment_status":"open","ping_status":"open","template":"","meta":[],"product_brand":[],"product_cat":[3199,3200],"product_tag":[],"class_list":{"0":"post-759027","1":"product","2":"type-product","3":"status-publish","4":"has-post-thumbnail","6":"product_cat-all-product","7":"product_cat-krosivky","8":"pa_rozmir-910","9":"pa_rozmir-912","10":"pa_rozmir-914","11":"pa_rozmir-915","12":"pa_rozmir-916","13":"pa_rozmir-917","14":"pa_rozmir-918","15":"pa_rozmir-919","16":"pa_rozmir-920","17":"pa_rozmir-921","18":"pa_rozmir-922","20":"first","21":"instock","22":"purchasable","23":"product-type-variable"},"_links":{"self":[{"href":"https:\/\/nextsnkr.com\/fi\/wp-json\/wp\/v2\/product\/759027","targetHints":{"allow":["GET"]}}],"collection":[{"href":"https:\/\/nextsnkr.com\/fi\/wp-json\/wp\/v2\/product"}],"about":[{"href":"https:\/\/nextsnkr.com\/fi\/wp-json\/wp\/v2\/types\/product"}],"replies":[{"embeddable":true,"href":"https:\/\/nextsnkr.com\/fi\/wp-json\/wp\/v2\/comments?post=759027"}],"version-history":[{"count":0,"href":"https:\/\/nextsnkr.com\/fi\/wp-json\/wp\/v2\/product\/759027\/revisions"}],"wp:featuredmedia":[{"embeddable":true,"href":"https:\/\/nextsnkr.com\/fi\/wp-json\/wp\/v2\/media\/759031"}],"wp:attachment":[{"href":"https:\/\/nextsnkr.com\/fi\/wp-json\/wp\/v2\/media?parent=759027"}],"wp:term":[{"taxonomy":"product_brand","embeddable":true,"href":"https:\/\/nextsnkr.com\/fi\/wp-json\/wp\/v2\/product_brand?post=759027"},{"taxonomy":"product_cat","embeddable":true,"href":"https:\/\/nextsnkr.com\/fi\/wp-json\/wp\/v2\/product_cat?post=759027"},{"taxonomy":"product_tag","embeddable":true,"href":"https:\/\/nextsnkr.com\/fi\/wp-json\/wp\/v2\/product_tag?post=759027"}],"curies":[{"name":"wp","href":"https:\/\/api.w.org\/{rel}","templated":true}]}}