{"id":758369,"date":"2025-06-13T12:26:52","date_gmt":"2025-06-13T09:26:52","guid":{"rendered":"https:\/\/nextsnkr.com\/product\/350-v2-mono-clay\/"},"modified":"2026-01-30T20:01:31","modified_gmt":"2026-01-30T17:01:31","slug":"350-v2-mono-clay","status":"publish","type":"product","link":"https:\/\/nextsnkr.com\/fi\/tuote\/350-v2-mono-clay\/","title":{"rendered":"Tennarit 350 V2 Mono Clay-kevyt tekstiili tyylik\u00e4s miesten"},"content":{"rendered":"<h2>Tennarit 350 V2 Mono Clay-kevyt tekstiili tyylik\u00e4s miesten<\/h2>\n<p>350 V2 Mono Clay tennarit tarjoavat modernia muotoilua, mukavuutta ja k\u00e4yt\u00e4nn\u00f6llisyytt\u00e4 p\u00e4ivitt\u00e4isess\u00e4 k\u00e4yt\u00f6ss\u00e4. Malli on valmistettu hengitt\u00e4v\u00e4st\u00e4 tekstiilist\u00e4, joka tarjoaa keveytt\u00e4 ja ilmanvaihtoa aktiivisten k\u00e4velyjen tai treenien aikana. Mukava iskunvaimennuspohja tarjoaa luonnollista tukea jalalle v\u00e4hent\u00e4en v\u00e4symyst\u00e4. Tyylik\u00e4s Mono Clay-s\u00e4vy lis\u00e4\u00e4 ilmeeseen omaper\u00e4isyytt\u00e4. Valitse 350 V2 Mono Clay-mukavuutta ja tyyli\u00e4 jokaisessa vaiheessa.<\/p>\n","protected":false},"excerpt":{"rendered":"<p>350 V2 Mono Clay tennarit tarjoavat modernia muotoilua, mukavuutta ja k\u00e4yt\u00e4nn\u00f6llisyytt\u00e4 p\u00e4ivitt\u00e4isess\u00e4 k\u00e4yt\u00f6ss\u00e4. Malli on valmistettu hengitt\u00e4v\u00e4st\u00e4 tekstiilist\u00e4, joka tarjoaa keveytt\u00e4 ja ilmanvaihtoa aktiivisten k\u00e4velyjen tai treenien aikana. Mukava iskunvaimennuspohja tarjoaa luonnollista tukea jalalle v\u00e4hent\u00e4en v\u00e4symyst\u00e4. Tyylik\u00e4s Mono Clay-s\u00e4vy lis\u00e4\u00e4 ilmeeseen omaper\u00e4isyytt\u00e4. Valitse 350 V2 Mono Clay-mukavuutta ja tyyli\u00e4 jokaisessa vaiheessa.<\/p>\n","protected":false},"featured_media":758373,"comment_status":"open","ping_status":"open","template":"","meta":[],"product_brand":[],"product_cat":[3199,3200],"product_tag":[],"class_list":{"0":"post-758369","1":"product","2":"type-product","3":"status-publish","4":"has-post-thumbnail","6":"product_cat-all-product","7":"product_cat-krosivky","8":"pa_rozmir-910","9":"pa_rozmir-912","10":"pa_rozmir-914","11":"pa_rozmir-915","12":"pa_rozmir-916","13":"pa_rozmir-917","14":"pa_rozmir-918","15":"pa_rozmir-919","16":"pa_rozmir-920","17":"pa_rozmir-921","18":"pa_rozmir-922","20":"first","21":"instock","22":"purchasable","23":"product-type-variable"},"_links":{"self":[{"href":"https:\/\/nextsnkr.com\/fi\/wp-json\/wp\/v2\/product\/758369","targetHints":{"allow":["GET"]}}],"collection":[{"href":"https:\/\/nextsnkr.com\/fi\/wp-json\/wp\/v2\/product"}],"about":[{"href":"https:\/\/nextsnkr.com\/fi\/wp-json\/wp\/v2\/types\/product"}],"replies":[{"embeddable":true,"href":"https:\/\/nextsnkr.com\/fi\/wp-json\/wp\/v2\/comments?post=758369"}],"version-history":[{"count":0,"href":"https:\/\/nextsnkr.com\/fi\/wp-json\/wp\/v2\/product\/758369\/revisions"}],"wp:featuredmedia":[{"embeddable":true,"href":"https:\/\/nextsnkr.com\/fi\/wp-json\/wp\/v2\/media\/758373"}],"wp:attachment":[{"href":"https:\/\/nextsnkr.com\/fi\/wp-json\/wp\/v2\/media?parent=758369"}],"wp:term":[{"taxonomy":"product_brand","embeddable":true,"href":"https:\/\/nextsnkr.com\/fi\/wp-json\/wp\/v2\/product_brand?post=758369"},{"taxonomy":"product_cat","embeddable":true,"href":"https:\/\/nextsnkr.com\/fi\/wp-json\/wp\/v2\/product_cat?post=758369"},{"taxonomy":"product_tag","embeddable":true,"href":"https:\/\/nextsnkr.com\/fi\/wp-json\/wp\/v2\/product_tag?post=758369"}],"curies":[{"name":"wp","href":"https:\/\/api.w.org\/{rel}","templated":true}]}}