{"id":757059,"date":"2025-06-18T19:18:35","date_gmt":"2025-06-18T16:18:35","guid":{"rendered":"https:\/\/nextsnkr.com\/product\/yeezy-slide-orange-2\/"},"modified":"2026-01-30T20:00:52","modified_gmt":"2026-01-30T17:00:52","slug":"yeezy-slide-orange-2","status":"publish","type":"product","link":"https:\/\/nextsnkr.com\/fi\/tuote\/yeezy-slide-orange-2\/","title":{"rendered":"Yeezy Slide Orange-tossut ovat vaahtomuovia, kevyit\u00e4 ja mukavia p\u00e4ivitt\u00e4iseen k\u00e4ytt\u00f6\u00f6n"},"content":{"rendered":"<h2>Yeezy Slide Orange-tossut ovat vaahtomuovia, kevyit\u00e4 ja mukavia p\u00e4ivitt\u00e4iseen k\u00e4ytt\u00f6\u00f6n<\/h2>\n<p>Yeezy Slide Orange-tossut on valmistettu korkealaatuisesta vaahtomuovista, mik\u00e4 tarjoaa maksimaalisen mukavuuden ja pehmustuksen k\u00e4velless\u00e4. Kevyet ja k\u00e4yt\u00e4nn\u00f6lliset, ne sopivat t\u00e4ydellisesti kotiin, rannalle tai rentoon k\u00e4ytt\u00f6\u00f6n. Kirkkaan oranssi v\u00e4ri lis\u00e4\u00e4 tyylik\u00e4st\u00e4 korostusta lookiisi. Valitsemalla yeezy Sliden saat yhdistelm\u00e4n mukavuutta, laatua ja modernia br\u00e4ndi\u00e4 aktiiviseen ja mukavaan el\u00e4m\u00e4\u00e4n.<\/p>\n","protected":false},"excerpt":{"rendered":"<p>Yeezy Slide Orange-tossut on valmistettu korkealaatuisesta vaahtomuovista, mik\u00e4 tarjoaa maksimaalisen mukavuuden ja pehmustuksen k\u00e4velless\u00e4. Kevyet ja k\u00e4yt\u00e4nn\u00f6lliset, ne sopivat t\u00e4ydellisesti kotiin, rannalle tai rentoon k\u00e4ytt\u00f6\u00f6n. Kirkkaan oranssi v\u00e4ri lis\u00e4\u00e4 tyylik\u00e4st\u00e4 korostusta lookiisi. Valitsemalla yeezy Sliden saat yhdistelm\u00e4n mukavuutta, laatua ja modernia br\u00e4ndi\u00e4 aktiiviseen ja mukavaan el\u00e4m\u00e4\u00e4n.<\/p>\n","protected":false},"featured_media":757060,"comment_status":"open","ping_status":"open","template":"","meta":[],"product_brand":[],"product_cat":[3396,3199,3420],"product_tag":[],"class_list":{"0":"post-757059","1":"product","2":"type-product","3":"status-publish","4":"has-post-thumbnail","6":"product_cat-adidas-yeezy","7":"product_cat-all-product","8":"product_cat-shlopantsi","9":"pa_rozmir-910","10":"pa_rozmir-912","11":"pa_rozmir-914","12":"pa_rozmir-915","13":"pa_rozmir-916","14":"pa_rozmir-917","15":"pa_rozmir-918","16":"pa_rozmir-919","17":"pa_rozmir-920","18":"pa_rozmir-921","19":"pa_rozmir-922","21":"first","22":"instock","23":"purchasable","24":"product-type-variable"},"_links":{"self":[{"href":"https:\/\/nextsnkr.com\/fi\/wp-json\/wp\/v2\/product\/757059","targetHints":{"allow":["GET"]}}],"collection":[{"href":"https:\/\/nextsnkr.com\/fi\/wp-json\/wp\/v2\/product"}],"about":[{"href":"https:\/\/nextsnkr.com\/fi\/wp-json\/wp\/v2\/types\/product"}],"replies":[{"embeddable":true,"href":"https:\/\/nextsnkr.com\/fi\/wp-json\/wp\/v2\/comments?post=757059"}],"version-history":[{"count":0,"href":"https:\/\/nextsnkr.com\/fi\/wp-json\/wp\/v2\/product\/757059\/revisions"}],"wp:featuredmedia":[{"embeddable":true,"href":"https:\/\/nextsnkr.com\/fi\/wp-json\/wp\/v2\/media\/757060"}],"wp:attachment":[{"href":"https:\/\/nextsnkr.com\/fi\/wp-json\/wp\/v2\/media?parent=757059"}],"wp:term":[{"taxonomy":"product_brand","embeddable":true,"href":"https:\/\/nextsnkr.com\/fi\/wp-json\/wp\/v2\/product_brand?post=757059"},{"taxonomy":"product_cat","embeddable":true,"href":"https:\/\/nextsnkr.com\/fi\/wp-json\/wp\/v2\/product_cat?post=757059"},{"taxonomy":"product_tag","embeddable":true,"href":"https:\/\/nextsnkr.com\/fi\/wp-json\/wp\/v2\/product_tag?post=757059"}],"curies":[{"name":"wp","href":"https:\/\/api.w.org\/{rel}","templated":true}]}}