{"id":754344,"date":"2025-06-13T12:30:44","date_gmt":"2025-06-13T09:30:44","guid":{"rendered":"https:\/\/nextsnkr.com\/product\/350-v2-pink-full-reflective\/"},"modified":"2026-01-30T19:59:24","modified_gmt":"2026-01-30T16:59:24","slug":"350-v2-pink-full-reflective","status":"publish","type":"product","link":"https:\/\/nextsnkr.com\/fi\/tuote\/350-v2-pink-full-reflective\/","title":{"rendered":"350 V2 vaaleanpunaiset heijastavat tennarit-Naisten Tekstiili, heijastava"},"content":{"rendered":"<h2>350 V2 vaaleanpunaiset heijastavat tennarit-Naisten Tekstiili, heijastava<\/h2>\n<p>350 V2 vaaleanpunaiset t\u00e4ysin heijastavat lenkkarit ovat tyylik\u00e4s malli, jossa on silmiinpist\u00e4v\u00e4 muotoilu ja t\u00e4ysi heijastava vaikutus, joka varmistaa turvallisuuden pime\u00e4ss\u00e4. Ne on valmistettu kevyist\u00e4 ja kest\u00e4vist\u00e4 tekstiileist\u00e4, ja ne tarjoavat mukavuutta p\u00e4ivitt\u00e4isess\u00e4 k\u00e4yt\u00f6ss\u00e4 ja aktiivisilla k\u00e4velyill\u00e4. Hyvin harkitun pohjan ansiosta kenk\u00e4 tarjoaa erinomaisen pidon ja vaimennuksen. Vietnamissa valmistetut tennarit yhdist\u00e4v\u00e4t trendikk\u00e4\u00e4n ilmeen ja k\u00e4yt\u00e4nn\u00f6llisyyden. Valitse 350 V2 Vaaleanpunainen t\u00e4ysin heijastava ja lis\u00e4\u00e4 kirkkautta tyyliisi.<\/p>\n","protected":false},"excerpt":{"rendered":"<p>350 V2 vaaleanpunaiset t\u00e4ysin heijastavat lenkkarit ovat tyylik\u00e4s malli, jossa on silmiinpist\u00e4v\u00e4 muotoilu ja t\u00e4ysi heijastava vaikutus, joka varmistaa turvallisuuden pime\u00e4ss\u00e4. Ne on valmistettu kevyist\u00e4 ja kest\u00e4vist\u00e4 tekstiileist\u00e4, ja ne tarjoavat mukavuutta p\u00e4ivitt\u00e4isess\u00e4 k\u00e4yt\u00f6ss\u00e4 ja aktiivisilla k\u00e4velyill\u00e4. Hyvin harkitun pohjan ansiosta kenk\u00e4 tarjoaa erinomaisen pidon ja vaimennuksen. Vietnamissa valmistetut tennarit yhdist\u00e4v\u00e4t trendikk\u00e4\u00e4n ilmeen ja k\u00e4yt\u00e4nn\u00f6llisyyden. Valitse 350 V2 Vaaleanpunainen t\u00e4ysin heijastava ja lis\u00e4\u00e4 kirkkautta tyyliisi.<\/p>\n","protected":false},"featured_media":754345,"comment_status":"open","ping_status":"open","template":"","meta":[],"product_brand":[],"product_cat":[3199,3200],"product_tag":[],"class_list":{"0":"post-754344","1":"product","2":"type-product","3":"status-publish","4":"has-post-thumbnail","6":"product_cat-all-product","7":"product_cat-krosivky","8":"pa_rozmir-910","9":"pa_rozmir-912","10":"pa_rozmir-914","11":"pa_rozmir-915","12":"pa_rozmir-916","13":"pa_rozmir-917","14":"pa_rozmir-918","15":"pa_rozmir-919","16":"pa_rozmir-920","17":"pa_rozmir-921","18":"pa_rozmir-922","20":"first","21":"onbackorder","22":"purchasable","23":"product-type-variable"},"_links":{"self":[{"href":"https:\/\/nextsnkr.com\/fi\/wp-json\/wp\/v2\/product\/754344","targetHints":{"allow":["GET"]}}],"collection":[{"href":"https:\/\/nextsnkr.com\/fi\/wp-json\/wp\/v2\/product"}],"about":[{"href":"https:\/\/nextsnkr.com\/fi\/wp-json\/wp\/v2\/types\/product"}],"replies":[{"embeddable":true,"href":"https:\/\/nextsnkr.com\/fi\/wp-json\/wp\/v2\/comments?post=754344"}],"version-history":[{"count":0,"href":"https:\/\/nextsnkr.com\/fi\/wp-json\/wp\/v2\/product\/754344\/revisions"}],"wp:featuredmedia":[{"embeddable":true,"href":"https:\/\/nextsnkr.com\/fi\/wp-json\/wp\/v2\/media\/754345"}],"wp:attachment":[{"href":"https:\/\/nextsnkr.com\/fi\/wp-json\/wp\/v2\/media?parent=754344"}],"wp:term":[{"taxonomy":"product_brand","embeddable":true,"href":"https:\/\/nextsnkr.com\/fi\/wp-json\/wp\/v2\/product_brand?post=754344"},{"taxonomy":"product_cat","embeddable":true,"href":"https:\/\/nextsnkr.com\/fi\/wp-json\/wp\/v2\/product_cat?post=754344"},{"taxonomy":"product_tag","embeddable":true,"href":"https:\/\/nextsnkr.com\/fi\/wp-json\/wp\/v2\/product_tag?post=754344"}],"curies":[{"name":"wp","href":"https:\/\/api.w.org\/{rel}","templated":true}]}}